{"id":10060,"date":"2025-04-09T10:22:02","date_gmt":"2025-04-09T10:22:02","guid":{"rendered":"https:\/\/destandisticaret.com\/?post_type=product&#038;p=10060"},"modified":"2025-11-20T05:35:21","modified_gmt":"2025-11-20T05:35:21","slug":"erdnusse","status":"publish","type":"product","link":"https:\/\/destandisticaret.com\/de\/produkt\/erdnusse\/","title":{"rendered":"Erdnuss"},"content":{"rendered":"<p>Verfeinern Sie Ihre kulinarischen Kreationen mit unseren hochwertigen Erdn\u00fcssen. Ihr reichhaltiges Aroma und der knackige Biss machen sie zu einer vielseitigen Zutat, die in Profik\u00fcchen sehr gesch\u00e4tzt wird. Ob s\u00fc\u00df oder herzhaft \u2013 sie eignen sich ideal f\u00fcr Saucen, Wokgerichte, Backwaren und Desserts und verleihen Ihren Speisen mehr Tiefe und Textur. K\u00f6che sch\u00e4tzen die vegetarischen Varianten, darunter ger\u00f6stete, gemahlene oder ganze Erdn\u00fcsse, die Flexibilit\u00e4t bei der Men\u00fcgestaltung bieten und unterschiedliche Geschm\u00e4cker ansprechen.<\/p>\n<p>F\u00fcr Gro\u00dfh\u00e4ndler <strong>Erdnuss<\/strong>, Sie bieten gleichbleibende Qualit\u00e4t und lange Haltbarkeit und eignen sich daher ideal f\u00fcr die Massenproduktion. Dank ihrer zuverl\u00e4ssigen Verf\u00fcgbarkeit und einheitlichen Gr\u00f6\u00dfe sind sie einfach in Gro\u00dfk\u00fcchen und Lebensmittelproduktionsprozessen einzusetzen. Ob Erdn\u00fcsse zur Herstellung von Erdnussbutter, Snackmischungen oder S\u00fc\u00dfwaren \u2013 sie liefern die n\u00f6tige Konsistenz und den N\u00e4hrwert f\u00fcr die Anforderungen der Gro\u00dfproduktion.<\/p>","protected":false},"excerpt":{"rendered":"<p>F\u00fcr Gro\u00dfh\u00e4ndler <strong>Erdnuss<\/strong>, Sie bieten gleichbleibende Qualit\u00e4t und lange Haltbarkeit und eignen sich daher ideal f\u00fcr die Massenproduktion. Dank ihrer zuverl\u00e4ssigen Verf\u00fcgbarkeit und einheitlichen Gr\u00f6\u00dfe sind sie einfach in Gro\u00dfk\u00fcchen und Lebensmittelproduktionsprozessen einzusetzen. Ob Erdn\u00fcsse zur Herstellung von Erdnussbutter, Snackmischungen oder S\u00fc\u00dfwaren \u2013 sie liefern die n\u00f6tige Konsistenz und den N\u00e4hrwert f\u00fcr die Anforderungen der Gro\u00dfproduktion.<\/p>","protected":false},"featured_media":10617,"comment_status":"closed","ping_status":"closed","template":"","meta":[],"product_brand":[],"product_cat":[15],"product_tag":[78,77,79,82,81],"class_list":{"0":"post-10060","1":"product","2":"type-product","3":"status-publish","4":"has-post-thumbnail","6":"product_cat-kuruyemisler","7":"product_tag-cerez","8":"product_tag-kuruyemis","9":"product_tag-saglikli-atistirmalik","10":"product_tag-tuzlu-fistik","11":"product_tag-yer-fistigi","13":"first","14":"instock","15":"shipping-taxable","16":"product-type-simple"},"_links":{"self":[{"href":"https:\/\/destandisticaret.com\/de\/wp-json\/wp\/v2\/product\/10060","targetHints":{"allow":["GET"]}}],"collection":[{"href":"https:\/\/destandisticaret.com\/de\/wp-json\/wp\/v2\/product"}],"about":[{"href":"https:\/\/destandisticaret.com\/de\/wp-json\/wp\/v2\/types\/product"}],"replies":[{"embeddable":true,"href":"https:\/\/destandisticaret.com\/de\/wp-json\/wp\/v2\/comments?post=10060"}],"wp:featuredmedia":[{"embeddable":true,"href":"https:\/\/destandisticaret.com\/de\/wp-json\/wp\/v2\/media\/10617"}],"wp:attachment":[{"href":"https:\/\/destandisticaret.com\/de\/wp-json\/wp\/v2\/media?parent=10060"}],"wp:term":[{"taxonomy":"product_brand","embeddable":true,"href":"https:\/\/destandisticaret.com\/de\/wp-json\/wp\/v2\/product_brand?post=10060"},{"taxonomy":"product_cat","embeddable":true,"href":"https:\/\/destandisticaret.com\/de\/wp-json\/wp\/v2\/product_cat?post=10060"},{"taxonomy":"product_tag","embeddable":true,"href":"https:\/\/destandisticaret.com\/de\/wp-json\/wp\/v2\/product_tag?post=10060"}],"curies":[{"name":"wp","href":"https:\/\/api.w.org\/{rel}","templated":true}]}}