{"id":10059,"date":"2025-04-09T10:14:13","date_gmt":"2025-04-09T10:14:13","guid":{"rendered":"https:\/\/destandisticaret.com\/?post_type=product&#038;p=10059"},"modified":"2025-11-20T05:35:26","modified_gmt":"2025-11-20T05:35:26","slug":"mandeln","status":"publish","type":"product","link":"https:\/\/destandisticaret.com\/de\/produkt\/mandeln\/","title":{"rendered":"Mandel"},"content":{"rendered":"<p>Bereichern Sie Ihre kulinarischen Kreationen mit unseren hochwertigen Mandeln, die f\u00fcr ihren reichhaltigen, nussigen Geschmack und ihr angenehmes Knacken bekannt sind. Sie sind ideal f\u00fcr die Profik\u00fcche und verleihen Gerichten wie Salaten und Backwaren bis hin zu herzhaften Hauptgerichten wie Schalentieren oder gebratenem Gem\u00fcse Tiefe und Textur. K\u00f6che sch\u00e4tzen ihre Vielseitigkeit: Ob in Scheiben geschnitten, gehackt oder zu Mehl gemahlen, Mandeln verleihen Rezepten einen Hauch von Raffinesse und N\u00e4hrwert.<\/p>\n<p>Mandeln sind f\u00fcr ihre nahrhaften Eigenschaften und ihren Geschmack bekannt. Es gibt sowohl s\u00fc\u00dfe als auch bittere Sorten. S\u00fc\u00df <strong>Mandeln<\/strong>W\u00e4hrend Bittermandeln im Allgemeinen als Snack verzehrt werden, werden Bittermandeln vor allem zur \u00d6lherstellung und f\u00fcr einige spezielle Aromen verwendet.<\/p>\n<p><strong>Die wichtigsten Vorteile von Mandeln<\/strong> enthalten gesunde Fette, Eiwei\u00df, Ballaststoffe, Vitamin E und Mineralien. Es wird angenommen, dass er die Gesundheit des Herzens unterst\u00fctzt, den Blutzucker reguliert und die Hautgesundheit verbessert.<\/p>\n<p>Mandeln werden auch h\u00e4ufig in Desserts, Milchgetr\u00e4nken, Backwaren und Snacks verwendet. Das von der Schale befreite Innere kann direkt verzehrt oder weiterverarbeitet werden.<\/p>\n<p><strong>\u015e\u00fck\u00fcr Nuts Mandeln f\u00fcr Gro\u00dfh\u00e4ndler<\/strong>, Sie bieten gleichbleibende Qualit\u00e4t und lange Haltbarkeit und eignen sich daher ideal f\u00fcr die Massenproduktion. Dank ihrer einheitlichen Gr\u00f6\u00dfe und Frische sind sie einfach in Gro\u00dfk\u00fcchen und Lebensmittelproduktionsprozessen einzusetzen. Ob Sie Mandelmilch herstellen, Gourmet-Schokolade kreieren oder sie in M\u00fcsli- und Snackmischungen verarbeiten \u2013 \u015e\u00fck\u00fcr Kuruyemi\u015f bietet die Zuverl\u00e4ssigkeit und Exzellenz, die den Anforderungen der Gro\u00dfproduktion gerecht werden.<\/p>","protected":false},"excerpt":{"rendered":"<p><strong>\u015e\u00fck\u00fcr Nuts Mandeln f\u00fcr Gro\u00dfh\u00e4ndler<\/strong>, Sie bieten gleichbleibende Qualit\u00e4t und lange Haltbarkeit und eignen sich daher ideal f\u00fcr die Massenproduktion. Dank ihrer einheitlichen Gr\u00f6\u00dfe und Frische sind sie einfach in Gro\u00dfk\u00fcchen und Lebensmittelproduktionsprozessen einzusetzen. Ob Sie Mandelmilch herstellen, Gourmet-Schokolade kreieren oder sie in M\u00fcsli- und Snackmischungen verarbeiten \u2013 \u015e\u00fck\u00fcr Kuruyemi\u015f bietet die Zuverl\u00e4ssigkeit und Exzellenz, die den Anforderungen der Gro\u00dfproduktion gerecht werden.<\/p>","protected":false},"featured_media":10040,"comment_status":"closed","ping_status":"closed","template":"","meta":[],"product_brand":[],"product_cat":[92,15],"product_tag":[80,78,77,79],"class_list":{"0":"post-10059","1":"product","2":"type-product","3":"status-publish","4":"has-post-thumbnail","6":"product_cat-ithalat-urunleri","7":"product_cat-kuruyemisler","8":"product_tag-badem","9":"product_tag-cerez","10":"product_tag-kuruyemis","11":"product_tag-saglikli-atistirmalik","13":"first","14":"instock","15":"shipping-taxable","16":"product-type-simple"},"_links":{"self":[{"href":"https:\/\/destandisticaret.com\/de\/wp-json\/wp\/v2\/product\/10059","targetHints":{"allow":["GET"]}}],"collection":[{"href":"https:\/\/destandisticaret.com\/de\/wp-json\/wp\/v2\/product"}],"about":[{"href":"https:\/\/destandisticaret.com\/de\/wp-json\/wp\/v2\/types\/product"}],"replies":[{"embeddable":true,"href":"https:\/\/destandisticaret.com\/de\/wp-json\/wp\/v2\/comments?post=10059"}],"wp:featuredmedia":[{"embeddable":true,"href":"https:\/\/destandisticaret.com\/de\/wp-json\/wp\/v2\/media\/10040"}],"wp:attachment":[{"href":"https:\/\/destandisticaret.com\/de\/wp-json\/wp\/v2\/media?parent=10059"}],"wp:term":[{"taxonomy":"product_brand","embeddable":true,"href":"https:\/\/destandisticaret.com\/de\/wp-json\/wp\/v2\/product_brand?post=10059"},{"taxonomy":"product_cat","embeddable":true,"href":"https:\/\/destandisticaret.com\/de\/wp-json\/wp\/v2\/product_cat?post=10059"},{"taxonomy":"product_tag","embeddable":true,"href":"https:\/\/destandisticaret.com\/de\/wp-json\/wp\/v2\/product_tag?post=10059"}],"curies":[{"name":"wp","href":"https:\/\/api.w.org\/{rel}","templated":true}]}}