{"id":4986,"date":"2019-08-12T12:40:15","date_gmt":"2019-08-12T12:40:15","guid":{"rendered":"https:\/\/groffer.modeltheme.com\/?page_id=4986"},"modified":"2025-06-26T11:43:54","modified_gmt":"2025-06-26T11:43:54","slug":"um","status":"publish","type":"page","link":"https:\/\/destandisticaret.com\/de\/um\/","title":{"rendered":"\u00dcber uns"},"content":{"rendered":"<div class=\"wpb-content-wrapper\"><div class=\"vc_row wpb_row vc_row-fluid vc_custom_1605185470066\"><div class=\"wpb_animate_when_almost_visible wpb_bounceInLeft bounceInLeft wpb_column vc_column_container vc_col-sm-6\"><div class=\"vc_column-inner\"><div class=\"wpb_wrapper\">\n\t<div class=\"wpb_text_column wpb_content_element\" >\n\t\t<div class=\"wpb_wrapper\">\n\t\t\t<h3>\u00dcber uns<\/h3>\n\n\t\t<\/div>\n\t<\/div>\n<div class=\"vc_empty_space\"   style=\"height: 30px\"><span class=\"vc_empty_space_inner\"><\/span><\/div>\n\t<div class=\"wpb_text_column wpb_content_element\" >\n\t\t<div class=\"wpb_wrapper\">\n\t\t\t<p>\u015e\u00fck\u00fcr Kuruyemi\u015f stieg 1973 in Denizli in den Nuss- und Trockenfr\u00fcchtesektor ein und produzierte ger\u00f6stete Kichererbsen. Das rasante Wachstum des Unternehmens f\u00fchrte zu einer dominanten Marktstellung. Mit dem Beginn des Exports im Jahr 1996 verlegte das Unternehmen seinen Hauptsitz nach Istanbul. \u015e\u00fck\u00fcr Kuruyemi\u015f baut seinen internationalen Kundenstamm kontinuierlich aus und w\u00e4chst unter dem Dach der Destan D\u0131\u015f Ticaret ve G\u0131da Sanayi Limited \u015eirketi weiter, die 2005 ihre internationalen Handelsaktivit\u00e4ten aufnahm.<\/p>\n<p>Destan Foreign Trade and Food Industry Limited w\u00e4chst im Au\u00dfenhandel stetig und erweitert dabei ihr Produktsortiment. Das durch eine offene und ehrliche Gesch\u00e4ftspraxis erworbene Vertrauen sichert dem Unternehmen einen starken Kundenstamm. Wir sind im Bereich Trockenfr\u00fcchte unter den Marken \u015e\u00fck\u00fcr Kuruyemi\u015f und Cipso Turka\u00ae sowie unter der Marke Trusty\u00ae t\u00e4tig. Unsere Produkte werden von Experten sorgf\u00e4ltig ausgew\u00e4hlt und in modernen Anlagen unter hygienischen Bedingungen verpackt, um ihre nat\u00fcrliche Beschaffenheit zu bewahren.<\/p>\n\n\t\t<\/div>\n\t<\/div>\n<div class=\"vc_empty_space\"   style=\"height: 30px\"><span class=\"vc_empty_space_inner\"><\/span><\/div>\n\t<div class=\"wpb_text_column wpb_content_element\" >\n\t\t<div class=\"wpb_wrapper\">\n\t\t\t<p><img loading=\"lazy\" decoding=\"async\" class=\"alignnone wp-image-10476 size-full\" src=\"https:\/\/destandisticaret.com\/wp-content\/uploads\/2025\/06\/hakkimizda-01.webp\" alt=\"\" width=\"800\" height=\"800\" srcset=\"https:\/\/destandisticaret.com\/wp-content\/uploads\/2025\/06\/hakkimizda-01.webp 800w, https:\/\/destandisticaret.com\/wp-content\/uploads\/2025\/06\/hakkimizda-01-300x300.webp 300w, https:\/\/destandisticaret.com\/wp-content\/uploads\/2025\/06\/hakkimizda-01-150x150.webp 150w, https:\/\/destandisticaret.com\/wp-content\/uploads\/2025\/06\/hakkimizda-01-768x768.webp 768w, https:\/\/destandisticaret.com\/wp-content\/uploads\/2025\/06\/hakkimizda-01-12x12.webp 12w, https:\/\/destandisticaret.com\/wp-content\/uploads\/2025\/06\/hakkimizda-01-350x350.webp 350w, https:\/\/destandisticaret.com\/wp-content\/uploads\/2025\/06\/hakkimizda-01-110x110.webp 110w, https:\/\/destandisticaret.com\/wp-content\/uploads\/2025\/06\/hakkimizda-01-400x400.webp 400w, https:\/\/destandisticaret.com\/wp-content\/uploads\/2025\/06\/hakkimizda-01-500x500.webp 500w, https:\/\/destandisticaret.com\/wp-content\/uploads\/2025\/06\/hakkimizda-01-70x70.webp 70w, https:\/\/destandisticaret.com\/wp-content\/uploads\/2025\/06\/hakkimizda-01-600x600.webp 600w, https:\/\/destandisticaret.com\/wp-content\/uploads\/2025\/06\/hakkimizda-01-200x200.webp 200w\" sizes=\"auto, (max-width: 800px) 100vw, 800px\" \/><\/p>\n<p>&nbsp;<\/p>\n\n\t\t<\/div>\n\t<\/div>\n<div class=\"vc_empty_space\"   style=\"height: 40px\"><span class=\"vc_empty_space_inner\"><\/span><\/div><\/div><\/div><\/div><div class=\"ab2-right wpb_animate_when_almost_visible wpb_fadeInRight fadeInRight wpb_column vc_column_container vc_col-sm-6\"><div class=\"vc_column-inner vc_custom_1675069537419\"><div class=\"wpb_wrapper\">\n\t<div class=\"wpb_text_column wpb_content_element\" >\n\t\t<div class=\"wpb_wrapper\">\n\t\t\t<p><img loading=\"lazy\" decoding=\"async\" class=\"alignnone wp-image-10475 size-full\" src=\"https:\/\/destandisticaret.com\/wp-content\/uploads\/2025\/06\/hakkimizda-02.webp\" alt=\"\u00dcber uns 02\" width=\"800\" height=\"800\" srcset=\"https:\/\/destandisticaret.com\/wp-content\/uploads\/2025\/06\/hakkimizda-02.webp 800w, https:\/\/destandisticaret.com\/wp-content\/uploads\/2025\/06\/hakkimizda-02-300x300.webp 300w, https:\/\/destandisticaret.com\/wp-content\/uploads\/2025\/06\/hakkimizda-02-150x150.webp 150w, https:\/\/destandisticaret.com\/wp-content\/uploads\/2025\/06\/hakkimizda-02-768x768.webp 768w, https:\/\/destandisticaret.com\/wp-content\/uploads\/2025\/06\/hakkimizda-02-12x12.webp 12w, https:\/\/destandisticaret.com\/wp-content\/uploads\/2025\/06\/hakkimizda-02-350x350.webp 350w, https:\/\/destandisticaret.com\/wp-content\/uploads\/2025\/06\/hakkimizda-02-110x110.webp 110w, https:\/\/destandisticaret.com\/wp-content\/uploads\/2025\/06\/hakkimizda-02-400x400.webp 400w, https:\/\/destandisticaret.com\/wp-content\/uploads\/2025\/06\/hakkimizda-02-500x500.webp 500w, https:\/\/destandisticaret.com\/wp-content\/uploads\/2025\/06\/hakkimizda-02-70x70.webp 70w, https:\/\/destandisticaret.com\/wp-content\/uploads\/2025\/06\/hakkimizda-02-600x600.webp 600w, https:\/\/destandisticaret.com\/wp-content\/uploads\/2025\/06\/hakkimizda-02-200x200.webp 200w\" sizes=\"auto, (max-width: 800px) 100vw, 800px\" \/><\/p>\n\n\t\t<\/div>\n\t<\/div>\n\n\t<div class=\"wpb_text_column wpb_content_element\" >\n\t\t<div class=\"wpb_wrapper\">\n\t\t\t<p>&nbsp;<\/p>\n<p>Zu unseren Hauptprodukten z\u00e4hlen ger\u00f6stete Kichererbsen aus Denizli, Haseln\u00fcsse aus Ordu und Giresun, getrocknete Aprikosen aus Malatya, getrocknete Feigen aus Ayd\u0131n und Trauben aus Manisa. Dar\u00fcber hinaus bieten wir viele weitere landwirtschaftliche Produkte an, darunter Kichererbsen, Linsen, Bohnen, Mohnsamen und Sesamsamen.<\/p>\n<p>Wir exportieren unsere Produkte in viele L\u00e4nder, darunter Amerika, Deutschland, Frankreich, \u00d6sterreich, Kanada, Australien, Russland, Griechenland, Mazedonien, Bulgarien, Serbien, \u00c4gypten, Tunesien, Jordanien, Algerien, Indien, Vietnam, China, Uganda, Tansania, Usbekistan und Turkmenistan.<\/p>\n<p>Unser Unternehmen z\u00e4hlt zu den zehn f\u00fchrenden Haselnussexporteuren. Es baut seinen internationalen Handel kontinuierlich aus, indem es Mandeln aus den USA, Cashewn\u00fcsse und Waln\u00fcsse aus Indien, K\u00fcrbiskerne aus der Ukraine, Sesamsamen aus Afrika und Erdn\u00fcsse aus China importiert.<\/p>\n<p>Unser Unternehmen pr\u00e4sentiert sich erfolgreich auf zahlreichen nationalen und internationalen Messen und Werbeveranstaltungen (Anuga, Sial usw.) und erschlie\u00dft neue M\u00e4rkte.<\/p>\n<p>Unser Ziel ist ehrliches Handeln und kontinuierliche Kundenzufriedenheit.<\/p>\n<p>Beste gr\u00fc\u00dfe.<\/p>\n\n\t\t<\/div>\n\t<\/div>\n<\/div><\/div><\/div><\/div><div data-vc-full-width=\"true\" data-vc-full-width-init=\"false\" class=\"vc_row wpb_row vc_row-fluid missing-member vc_custom_1675071500891 vc_row-has-fill\"><div class=\"wpb_animate_when_almost_visible wpb_fadeInUp fadeInUp wpb_column vc_column_container vc_col-sm-12 vc_hidden-sm vc_hidden-xs\"><div class=\"vc_column-inner\"><div class=\"wpb_wrapper\">\n\t<div  class=\"wpb_single_image wpb_content_element vc_align_center wpb_content_element\">\n\t\t\n\t\t<figure class=\"wpb_wrapper vc_figure\">\n\t\t\t<div class=\"vc_single_image-wrapper   vc_box_border_grey\"><img loading=\"lazy\" decoding=\"async\" width=\"1920\" height=\"987\" src=\"https:\/\/destandisticaret.com\/wp-content\/uploads\/2025\/06\/sukur-kuruyemis-destan-dis-ticaret-fabrika-1.webp\" class=\"vc_single_image-img attachment-full\" alt=\"Sukur-Fabrik f\u00fcr Trockenfr\u00fcchte \u2013 ein riesiger Au\u00dfenhandel\" title=\"Sukur-Fabrik f\u00fcr Trockenfr\u00fcchte \u2013 ein riesiger Au\u00dfenhandel\" srcset=\"https:\/\/destandisticaret.com\/wp-content\/uploads\/2025\/06\/sukur-kuruyemis-destan-dis-ticaret-fabrika-1.webp 1920w, https:\/\/destandisticaret.com\/wp-content\/uploads\/2025\/06\/sukur-kuruyemis-destan-dis-ticaret-fabrika-1-300x154.webp 300w, https:\/\/destandisticaret.com\/wp-content\/uploads\/2025\/06\/sukur-kuruyemis-destan-dis-ticaret-fabrika-1-1024x526.webp 1024w, https:\/\/destandisticaret.com\/wp-content\/uploads\/2025\/06\/sukur-kuruyemis-destan-dis-ticaret-fabrika-1-768x395.webp 768w, https:\/\/destandisticaret.com\/wp-content\/uploads\/2025\/06\/sukur-kuruyemis-destan-dis-ticaret-fabrika-1-1536x790.webp 1536w, https:\/\/destandisticaret.com\/wp-content\/uploads\/2025\/06\/sukur-kuruyemis-destan-dis-ticaret-fabrika-1-18x9.webp 18w, https:\/\/destandisticaret.com\/wp-content\/uploads\/2025\/06\/sukur-kuruyemis-destan-dis-ticaret-fabrika-1-600x308.webp 600w\" sizes=\"auto, (max-width: 1920px) 100vw, 1920px\" \/><\/div>\n\t\t<\/figure>\n\t<\/div>\n<\/div><\/div><\/div><\/div><div class=\"vc_row-full-width vc_clearfix\"><\/div>\n<\/div>","protected":false},"excerpt":{"rendered":"\u00dcber uns: \u015e\u00fck\u00fcr Kuruyemi\u015f stieg 1973 in Denizli in den Bereich N\u00fcsse und Trockenfr\u00fcchte ein und produzierte ger\u00f6stete Kichererbsen. Das schnelle Wachstum unseres Unternehmens hat zu einer marktbeherrschenden Stellung in diesem Sektor gef\u00fchrt. Mit Beginn des Exports im Jahr 1996 verlegte das Unternehmen seinen Hauptsitz nach Istanbul. \u015e\u00fck\u00fcr Kuruyemi\u015f baut seinen internationalen Kundenstamm weiter aus und im Jahr 2005 begann Destan D\u0131\u015f Ticaret ve G\u0131da Sanayi Limited \u015eirketi (Destan D\u0131\u015f Ticaret ve G\u0131da Sanayi Limited \u015eirketi) seine internationalen Handelsaktivit\u00e4ten [...]","protected":false},"author":1,"featured_media":0,"parent":0,"menu_order":0,"comment_status":"closed","ping_status":"closed","template":"","meta":{"footnotes":""},"class_list":["post-4986","page","type-page","status-publish","hentry"],"_links":{"self":[{"href":"https:\/\/destandisticaret.com\/de\/wp-json\/wp\/v2\/pages\/4986","targetHints":{"allow":["GET"]}}],"collection":[{"href":"https:\/\/destandisticaret.com\/de\/wp-json\/wp\/v2\/pages"}],"about":[{"href":"https:\/\/destandisticaret.com\/de\/wp-json\/wp\/v2\/types\/page"}],"author":[{"embeddable":true,"href":"https:\/\/destandisticaret.com\/de\/wp-json\/wp\/v2\/users\/1"}],"replies":[{"embeddable":true,"href":"https:\/\/destandisticaret.com\/de\/wp-json\/wp\/v2\/comments?post=4986"}],"version-history":[{"count":14,"href":"https:\/\/destandisticaret.com\/de\/wp-json\/wp\/v2\/pages\/4986\/revisions"}],"predecessor-version":[{"id":10591,"href":"https:\/\/destandisticaret.com\/de\/wp-json\/wp\/v2\/pages\/4986\/revisions\/10591"}],"wp:attachment":[{"href":"https:\/\/destandisticaret.com\/de\/wp-json\/wp\/v2\/media?parent=4986"}],"curies":[{"name":"wp","href":"https:\/\/api.w.org\/{rel}","templated":true}]}}