{"id":10698,"date":"2025-11-27T11:48:33","date_gmt":"2025-11-27T11:48:33","guid":{"rendered":"https:\/\/destandisticaret.com\/?page_id=10698"},"modified":"2025-11-27T12:37:09","modified_gmt":"2025-11-27T12:37:09","slug":"dienste-der-informationsgesellschaft","status":"publish","type":"page","link":"https:\/\/destandisticaret.com\/de\/dienste-der-informationsgesellschaft\/","title":{"rendered":"Dienste der Informationsgesellschaft"},"content":{"rendered":"<div class=\"wpb-content-wrapper\"><div class=\"vc_row wpb_row vc_row-fluid\"><div class=\"wpb_column vc_column_container vc_col-sm-12\"><div class=\"vc_column-inner\"><div class=\"wpb_wrapper\"><div class=\"vc_message_box vc_message_box-standard vc_message_box-rounded vc_color-sky vc_do_message\" ><div class=\"vc_message_box-icon\"><i class=\"fa fa-solid fa-magnifying-glass-chart\"><\/i><\/div><h5>Unternehmensinformationen<\/h5>\n<p><strong>Handelsname:<\/strong> DESTAN FOREIGN TRADE AND FOOD INDUSTRY LIMITED COMPANY<\/p>\n<p><strong>MERSIS-Nummer:<\/strong> 57685<\/p>\n<p><strong>Finanzamt \/ Steuernummer:<\/strong> STEUERAMT SILIVRI \/ 293 041 94 29<\/p>\n<p><strong>Adresse:<\/strong> KAVAKLI \u0130ST\u0130KLAL MAH. 5006. STRA\u00dfE. EURONUT NR.: 11 S\u0130L\u0130VR\u0130\/<br \/>\nISTANBUL<\/p>\n<p><strong>Telefon:<\/strong> +90 212 723 70 70<\/p>\n<p><strong>E-Mail:<\/strong> info@destandisticaret.com<\/p>\n<\/div><div class=\"vc_message_box vc_message_box-standard vc_message_box-rounded vc_color-sky vc_do_message\" ><div class=\"vc_message_box-icon\"><i class=\"fa fa-solid fa-magnifying-glass-chart\"><\/i><\/div><h5>Managementinformationen<\/h5>\n<p><strong>Bevollm\u00e4chtigte Person:<\/strong> Aygul Sukun<\/p>\n<\/div><div class=\"vc_message_box vc_message_box-standard vc_message_box-rounded vc_color-sky vc_do_message\" ><div class=\"vc_message_box-icon\"><i class=\"fa fa-solid fa-magnifying-glass-chart\"><\/i><\/div><h5>Informationen aus dem Handelsregister<\/h5>\n<p><strong>Registrierungsnummer:<\/strong> 573438-0<\/p>\n<p><strong>Handelsregisterdirektion:<\/strong> Direktion f\u00fcr Handelsregister Istanbul<\/p>\n<\/div><div class=\"vc_message_box vc_message_box-standard vc_message_box-rounded vc_color-sky vc_do_message\" ><div class=\"vc_message_box-icon\"><i class=\"fa fa-solid fa-magnifying-glass-chart\"><\/i><\/div><h5>Pr\u00fcfer<\/h5>\n<p>Cengiz TURMAZ<\/p>\n<p><strong>Registrierungsnummer:<\/strong> BD\/2014\/05752<\/p>\n<p><strong>Adresse:<\/strong> Stadtteil Maltepe, Stra\u00dfe Yedikule \u00c7\u0131rp\u0131c\u0131 Yolu, B\u00fcro Avrupa Kale, Block 9, Nr. 2, Etage: 5, Zeytinburnu-Istanbul<\/p>\n<\/div><\/div><\/div><\/div><\/div>\n<\/div>","protected":false},"excerpt":{"rendered":"Firmeninformationen Handelsname: DESTAN FOREIGN TRADE AND FOOD INDUSTRY LIMITED COMPANY MERSIS-Nr.: 57685 Finanzamt: SILIVRI TAX OFFICE \/ 293 041 94 29 Adresse: KAVAKLI ISTIKLAL MAH. 5006. SK. EURONUT NR.: 11 SILIVRI\/ ISTANBUL Telefon: +90 212 723 70 70 E-Mail: info@destandisticaret.com Informationen zur Gesch\u00e4ftsf\u00fchrung Verantwortliche Person: Ayg\u00fcl \u015e\u00fck\u00fcn Handelsregisterinformationen [...]","protected":false},"author":1,"featured_media":0,"parent":0,"menu_order":0,"comment_status":"closed","ping_status":"closed","template":"","meta":{"footnotes":""},"class_list":["post-10698","page","type-page","status-publish","hentry"],"_links":{"self":[{"href":"https:\/\/destandisticaret.com\/de\/wp-json\/wp\/v2\/pages\/10698","targetHints":{"allow":["GET"]}}],"collection":[{"href":"https:\/\/destandisticaret.com\/de\/wp-json\/wp\/v2\/pages"}],"about":[{"href":"https:\/\/destandisticaret.com\/de\/wp-json\/wp\/v2\/types\/page"}],"author":[{"embeddable":true,"href":"https:\/\/destandisticaret.com\/de\/wp-json\/wp\/v2\/users\/1"}],"replies":[{"embeddable":true,"href":"https:\/\/destandisticaret.com\/de\/wp-json\/wp\/v2\/comments?post=10698"}],"version-history":[{"count":19,"href":"https:\/\/destandisticaret.com\/de\/wp-json\/wp\/v2\/pages\/10698\/revisions"}],"predecessor-version":[{"id":10718,"href":"https:\/\/destandisticaret.com\/de\/wp-json\/wp\/v2\/pages\/10698\/revisions\/10718"}],"wp:attachment":[{"href":"https:\/\/destandisticaret.com\/de\/wp-json\/wp\/v2\/media?parent=10698"}],"curies":[{"name":"wp","href":"https:\/\/api.w.org\/{rel}","templated":true}]}}