{"id":10352,"date":"2025-04-14T11:28:04","date_gmt":"2025-04-14T11:28:04","guid":{"rendered":"https:\/\/destandisticaret.com\/?page_id=10352"},"modified":"2025-11-27T13:23:30","modified_gmt":"2025-11-27T13:23:30","slug":"schutz-personenbezogener-daten","status":"publish","type":"page","link":"https:\/\/destandisticaret.com\/de\/schutz-personenbezogener-daten\/","title":{"rendered":"Schutz personenbezogener Daten"},"content":{"rendered":"<div class=\"wpb-content-wrapper\"><div class=\"vc_row wpb_row vc_row-fluid\"><div class=\"wpb_column vc_column_container vc_col-sm-12\"><div class=\"vc_column-inner\"><div class=\"wpb_wrapper\"><div class=\"vc_message_box vc_message_box-standard vc_message_box-rounded vc_color-sky vc_do_message\" ><div class=\"vc_message_box-icon\"><i class=\"fa fa-solid fa-magnifying-glass-chart\"><\/i><\/div><p><strong>Informationen zum Schutz personenbezogener Daten;<\/strong><\/p>\n<p>&nbsp;<\/p>\n<ol class=\"wp-block-list\">\n<li>\n<ol class=\"wp-block-list\">\n<li><strong>Methoden zur Erhebung personenbezogener Daten<\/strong><\/li>\n<\/ol>\n<\/li>\n<\/ol>\n<p>Als destandisticaret.com erheben wir in unserer Funktion als Datenverantwortlicher im Rahmen unserer gesetzlichen Verpflichtungen Ihre personenbezogenen Daten m\u00fcndlich, schriftlich oder elektronisch \u00fcber die Website, Social-Media-Kan\u00e4le, mobile Anwendungen und \u00e4hnliche Mittel, um Ihnen die Nutzung der Dienstleistungen unserer Marken zu erm\u00f6glichen, Sie mit Ihrer Einwilligung \u00fcber unsere Kampagnen zu informieren, Ihre Anregungen und Beschwerden zu erfassen, bessere Servicestandards f\u00fcr Sie zu schaffen und die Gesch\u00e4ftsstrategien von destandisticaret.com festzulegen und umzusetzen.<\/p>\n<p>&nbsp;<\/p>\n<ol class=\"wp-block-list\" start=\"2\">\n<li>\n<ol class=\"wp-block-list\" start=\"2\">\n<li><strong>Verarbeitung personenbezogener Daten und Zwecke der Verarbeitung<\/strong><\/li>\n<\/ol>\n<\/li>\n<\/ol>\n<p>Als destandisticaret.com, der als Datenverantwortlicher fungiert, k\u00f6nnen wir \u00fcber unsere Callcenter, schriftliche Kommunikationskan\u00e4le, Social-Media-Seiten, mobile Kommunikationskan\u00e4le, Kommunikationskan\u00e4le in unseren Filialen und\/oder alle anderen Kan\u00e4le, einschlie\u00dflich, aber nicht beschr\u00e4nkt auf diese, Ihre personenbezogenen und\/oder sensiblen personenbezogenen Daten, die wir mit Ihrer Einwilligung erhalten, erheben, speichern, \u00e4ndern, aktualisieren, regelm\u00e4\u00dfig \u00fcberpr\u00fcfen, neu ordnen, kategorisieren und f\u00fcr den Zeitraum aufbewahren, der f\u00fcr den Zweck ihrer Verarbeitung oder im geltenden Recht erforderlich ist. Im Falle tats\u00e4chlicher rechtlicher oder dienstleistungsbezogener Erfordernisse k\u00f6nnen diese Daten an private und juristische Personen, mit denen destandisticaret.com zusammenarbeitet, oder an \u00f6ffentliche Einrichtungen und Organisationen, gegen\u00fcber denen wir rechtlich verpflichtet sind, und\/oder an relevante nat\u00fcrliche oder juristische Dritte mit Sitz in der T\u00fcrkei oder im Ausland weitergegeben werden. Auch eine \u00dcbermittlung ins Ausland ist im Falle tats\u00e4chlicher rechtlicher oder dienstleistungsbezogener Erfordernisse m\u00f6glich.<\/p>\n<p>Wir m\u00f6chten Sie dar\u00fcber informieren, dass wir Ihre personenbezogenen Daten zu folgenden Zwecken verarbeiten: um Kunden von destandisticaret.com die Nutzung der Dienstleistungen unserer Marken zu erm\u00f6glichen, Sie mit Ihrer Zustimmung \u00fcber unsere Kampagnen zu informieren, Ihre Anregungen und Beschwerden zu erfassen, bessere Servicestandards f\u00fcr Sie zu schaffen, die Gesch\u00e4fts- und Vertriebsstrategien von destandisticaret.com festzulegen und umzusetzen, und zwar in jedem Fall in \u00dcbereinstimmung mit dem franz\u00f6sischen Datenschutzgesetz Nr. 6698 und den einschl\u00e4gigen Rechtsvorschriften.<\/p>\n<p>&nbsp;<\/p>\n<ol class=\"wp-block-list\" start=\"3\">\n<li>\n<ol class=\"wp-block-list\" start=\"3\">\n<li><strong>\u00dcbermittlung personenbezogener Daten<\/strong><\/li>\n<\/ol>\n<\/li>\n<\/ol>\n<p>destandisticaret.com darf Ihre personenbezogenen Daten nur an unsere Konzerngesellschaften, Gesch\u00e4ftspartner, Kunden, mit denen wir aufgrund unserer Gesch\u00e4ftst\u00e4tigkeit Vertr\u00e4ge abgeschlossen haben und die wir betreuen, Lieferanten, Wirtschaftspr\u00fcfungsgesellschaften oder \u00f6ffentliche Institutionen oder Organisationen weitergeben, die aufgrund einer rechtlichen Verpflichtung zur Anforderung dieser Daten berechtigt sind, einschlie\u00dflich, aber nicht beschr\u00e4nkt auf andere zust\u00e4ndige Beh\u00f6rden, zum Zwecke der Durchf\u00fchrung von Unternehmensaktivit\u00e4ten, der Sicherstellung der Gesch\u00e4ftsbeziehung zwischen Dateneigent\u00fcmern und unseren Kunden und\/oder der Durchf\u00fchrung von Besprechungen zu diesem Zweck, der Bereitstellung von Dienstleistungen, M\u00f6glichkeiten und Einrichtungen sowie der Verbesserung der Servicequalit\u00e4t, vorausgesetzt, dass im Inland auf der Grundlage Ihrer ausdr\u00fccklichen Einwilligung oder im Rahmen der im Gesetz festgelegten Sicherheits- und Vertraulichkeitsgrunds\u00e4tze angemessene Ma\u00dfnahmen getroffen werden, und im Ausland, sofern die erforderlichen Sicherheitsma\u00dfnahmen getroffen werden.<\/p>\n<p>&nbsp;<\/p>\n<ol class=\"wp-block-list\" start=\"4\">\n<li>\n<ol class=\"wp-block-list\" start=\"4\">\n<li><strong>Rechte des Inhabers personenbezogener Daten gem\u00e4\u00df Artikel 11 des Gesetzes zum Schutz personenbezogener Daten (\u201cGesetz\u201d)<\/strong><\/li>\n<\/ol>\n<\/li>\n<\/ol>\n<p>destandisticaret.com wird auf folgende Anfragen von Interessenten antworten:<\/p>\n<p>a) Um zu erfahren, ob und welche personenbezogenen Daten destandisticaret.com \u00fcber sie verarbeitet,<\/p>\n<p>b) Einholen von Informationen \u00fcber die Zwecke der Verarbeitungst\u00e4tigkeit,<\/p>\n<p>c) um zu erfahren, an welche Drittparteien destandisticaret.com personenbezogene Daten im In- oder Ausland weitergibt,<\/p>\n<p>d) das Recht, die Berichtigung personenbezogener Daten zu verlangen, falls diese unvollst\u00e4ndig oder fehlerhaft verarbeitet wurden,<\/p>\n<p>e) die L\u00f6schung oder Vernichtung personenbezogener Daten gem\u00e4\u00df den gesetzlichen Bestimmungen beantragen,<\/p>\n<p>f) Im Falle eines Antrags auf Berichtigung, L\u00f6schung oder Vernichtung personenbezogener Daten das Recht, zu verlangen, dass die getroffenen Ma\u00dfnahmen denjenigen Dritten mitgeteilt werden, an die personenbezogene Daten \u00fcbermittelt wurden,<\/p>\n<p>g) Einspruch gegen das Entstehen eines Ergebnisses zu erheben, das f\u00fcr die betroffene Person selbst nachteilig ist, indem die verarbeiteten Daten ausschlie\u00dflich mittels automatisierter Systeme analysiert werden, und<\/p>\n<p>h) Erhalt einer Kopie der personenbezogenen Daten.<\/p>\n<p>Sie k\u00f6nnen sich bez\u00fcglich Ihrer Meinungen und Fragen an uns wenden.<\/p>\n<p>E-Mail: info@destandisticaret.com<\/p>\n<p><strong>Datenschutz und Sicherheit<\/strong><br \/>Um seinen Kunden einen besseren Service zu bieten, erfragt der Online-Shop destandisticaret.com bestimmte pers\u00f6nliche Daten (Name, Alter, Interessen, E-Mail-Adresse usw.). Diese Daten werden auf den Servern von destandisticaret.com gespeichert und ausschlie\u00dflich intern f\u00fcr regelm\u00e4\u00dfige Kampagnen, personalisierte Werbeaktionen f\u00fcr bestimmte Kundenprofile und zur Kundenkategorisierung verwendet, um den Versand unerw\u00fcnschter E-Mails zu verhindern. Der Online-Shop destandisticaret.com gibt die \u00fcber die Anmeldeformulare erfassten Daten nicht ohne Wissen oder Zustimmung des jeweiligen Mitglieds an Dritte weiter und nutzt oder verkauft sie nicht f\u00fcr kommerzielle Zwecke au\u00dferhalb seines Gesch\u00e4ftsbetriebs.<\/p>\n<p>Kundendaten d\u00fcrfen nur dann an offizielle Beh\u00f6rden weitergegeben werden, wenn diese dies verlangen und die Weitergabe gem\u00e4\u00df den Bestimmungen der anwendbaren zwingenden Rechtsvorschriften erforderlich ist.<\/p>\n<p>Alle vom Kunden im System eingegebenen Informationen sind ausschlie\u00dflich f\u00fcr den Kunden zug\u00e4nglich und k\u00f6nnen nur von ihm ge\u00e4ndert werden. Niemand sonst hat Zugriff auf diese Informationen oder kann sie \u00e4ndern. Um unseren gesch\u00e4tzten Kunden ein H\u00f6chstma\u00df an Sicherheit zu gew\u00e4hrleisten, werden die auf der Zahlungsseite abgefragten Kreditkarteninformationen nicht auf den Servern des Online-Shops destandisticaret.com oder der damit verbundenen Dienstleister gespeichert. Dadurch wird sichergestellt, dass alle Zahlungstransaktionen direkt zwischen Ihrer Bank und Ihrem Computer \u00fcber die Benutzeroberfl\u00e4che des Online-Shops destandisticaret.com abgewickelt werden.<\/p>\n<p><strong>Verwendung von Cookies<\/strong><br \/>Cookies sind kleine Textdateien oder Informationsfragmente, die auf Ihrem Computer oder Mobilger\u00e4t (z. B. Smartphone oder Tablet) gespeichert werden, wenn Sie unsere Website besuchen.<\/p>\n<p>Wir verwenden Cookies, um die Nutzung unserer Websites zu vereinfachen und sie an Ihre Interessen und Bed\u00fcrfnisse anzupassen. Websites k\u00f6nnen diese Cookie-Dateien lesen und schreiben, wodurch sie wichtige Informationen \u00fcber Sie speichern k\u00f6nnen (z. B. Ihre Pr\u00e4ferenzen), sodass wir Sie wiedererkennen und Ihnen eine relevantere Website anbieten k\u00f6nnen.<\/p>\n<p>Cookies beschleunigen zudem Ihr zuk\u00fcnftiges Surfen auf unseren Websites. Dar\u00fcber hinaus verwenden wir Cookies, um statistische Informationen \u00fcber die Nutzung unserer Websites zu erfassen und so zu verstehen, wie Besucher unsere Websites nutzen und um deren Design und Benutzerfreundlichkeit zu verbessern.<\/p>\n<p>\u00a0<\/p>\n<\/div><\/div><\/div><\/div><\/div><\/div>","protected":false},"excerpt":{"rendered":"Ki\u015fisel Verilerin Korunmas\u0131na \u0130li\u015fkin Bilgilendirme; &nbsp; Ki\u015fisel verilerin toplanmas\u0131na ili\u015fkin y\u00f6ntemler destandisticaret.com olarak, veri sorumlusu s\u0131fat\u0131yla, mevzuattan kaynaklanan yasal yu\u0308ku\u0308mlu\u0308lu\u0308klerimiz \u00e7er\u00e7evesinde; markalar\u0131m\u0131z\u0131n hizmetlerinden faydalanabilmeniz, onay\u0131n\u0131z halinde kampanyalar\u0131m\u0131z hakk\u0131nda sizleri bilgilendirmek, \u00f6neri ve \u015fikayetlerinizi kay\u0131t alt\u0131na alabilmek, sizlere daha iyi hizmet standartlar\u0131 olu\u015fturabilmek, destandisticaret.com ticari ve i\u015f stratejilerinin belirlenmesi ve uygulanmas\u0131 gibi ama\u00e7larla ki\u015fisel verilerinizi s\u00f6zlu\u0308, [...]","protected":false},"author":1,"featured_media":0,"parent":0,"menu_order":0,"comment_status":"closed","ping_status":"closed","template":"","meta":{"footnotes":""},"class_list":["post-10352","page","type-page","status-publish","hentry"],"_links":{"self":[{"href":"https:\/\/destandisticaret.com\/de\/wp-json\/wp\/v2\/pages\/10352","targetHints":{"allow":["GET"]}}],"collection":[{"href":"https:\/\/destandisticaret.com\/de\/wp-json\/wp\/v2\/pages"}],"about":[{"href":"https:\/\/destandisticaret.com\/de\/wp-json\/wp\/v2\/types\/page"}],"author":[{"embeddable":true,"href":"https:\/\/destandisticaret.com\/de\/wp-json\/wp\/v2\/users\/1"}],"replies":[{"embeddable":true,"href":"https:\/\/destandisticaret.com\/de\/wp-json\/wp\/v2\/comments?post=10352"}],"version-history":[{"count":5,"href":"https:\/\/destandisticaret.com\/de\/wp-json\/wp\/v2\/pages\/10352\/revisions"}],"predecessor-version":[{"id":10721,"href":"https:\/\/destandisticaret.com\/de\/wp-json\/wp\/v2\/pages\/10352\/revisions\/10721"}],"wp:attachment":[{"href":"https:\/\/destandisticaret.com\/de\/wp-json\/wp\/v2\/media?parent=10352"}],"curies":[{"name":"wp","href":"https:\/\/api.w.org\/{rel}","templated":true}]}}