{"id":10265,"date":"2025-04-11T08:56:02","date_gmt":"2025-04-11T08:56:02","guid":{"rendered":"https:\/\/destandisticaret.com\/?page_id=10265"},"modified":"2025-04-11T09:42:23","modified_gmt":"2025-04-11T09:42:23","slug":"qualitatszertifikate","status":"publish","type":"page","link":"https:\/\/destandisticaret.com\/de\/qualitatszertifikate\/","title":{"rendered":"Unsere Qualit\u00e4tszertifikate"},"content":{"rendered":"<div class=\"wpb-content-wrapper\"><div class=\"vc_row wpb_row vc_row-fluid\"><div class=\"wpb_column vc_column_container vc_col-sm-12\"><div class=\"vc_column-inner\"><div class=\"wpb_wrapper\">\n\t<div class=\"wpb_text_column wpb_content_element\" >\n\t\t<div class=\"wpb_wrapper\">\n\t\t\t<p style=\"text-align: left;\">Unser Engagement f\u00fcr Spitzenleistungen wird durch unsere international anerkannten Qualit\u00e4tszertifikate best\u00e4tigt.<\/p>\n<p style=\"text-align: left;\">Wir beziehen die besten Rohstoffe von einem weltweiten Netz zugelassener Lieferanten und stellen sicher, dass unsere Produkte auf sichere, nachhaltige und ethische Weise gewonnen werden.<\/p>\n<p style=\"text-align: left;\">Unsere starken Lieferantenbeziehungen erm\u00f6glichen es uns, eine gleichbleibende Qualit\u00e4t in unseren Angeboten zu gew\u00e4hrleisten.<\/p>\n<p style=\"text-align: left;\">Unsere Qualit\u00e4tskontrollen und der sorgf\u00e4ltig durchgef\u00fchrte Stichprobenplan garantieren die Sicherheit und Qualit\u00e4t unserer Endprodukte.<\/p>\n<p style=\"text-align: left;\">Die j\u00e4hrliche Bewertung unserer Qualit\u00e4tsziele erfolgt anhand der folgenden KPIs:<\/p>\n<p style=\"text-align: left;\">- Minimierung der Anzahl nicht konformer Produkte.<\/p>\n<p style=\"text-align: left;\">- Leistungsverbesserung im Namen unserer Lieferanten.<\/p>\n<p style=\"text-align: left;\">- Minimierung von Beschwerden im Namen unserer Kundenbasis.<\/p>\n<p style=\"text-align: left;\">\n<p style=\"text-align: left;\"><strong>SIE K\u00d6NNEN UNSERE AKTUELLEN ZERTIFIKATE HERUNTERLADEN, INDEM SIE AUF DAS ENTSPRECHENDE LOGO UNTEN KLICKEN.<\/strong><\/p>\n<p style=\"text-align: left;\"><a href=\"https:\/\/destandisticaret.com\/wp-content\/uploads\/2025\/04\/Euronut-UAF-Sertifika-9001-R.4.pdf\" target=\"_blank\" rel=\"noopener\"><img loading=\"lazy\" decoding=\"async\" class=\"size-medium\" src=\"https:\/\/destandisticaret.com\/wp-content\/uploads\/2025\/04\/iso-9001-300x300.png\" alt=\"\" width=\"150\" height=\"150\" \/><\/a><a href=\"https:\/\/destandisticaret.com\/wp-content\/uploads\/2025\/04\/BRCGS-Food-Certificate-Euronut-Kuruyemis-Ve-Ticaret-AS-2025.pdf\" target=\"_blank\" rel=\"noopener\"><img loading=\"lazy\" decoding=\"async\" class=\"size-medium\" src=\"https:\/\/destandisticaret.com\/wp-content\/uploads\/2025\/04\/BRCGS-logo-1-300x300.webp\" alt=\"\" width=\"150\" height=\"150\" \/><\/a><a href=\"https:\/\/destandisticaret.com\/wp-content\/uploads\/2025\/04\/Euronut-UAF-Sertifika-22000-R.4.pdf\" target=\"_blank\" rel=\"noopener\"><img loading=\"lazy\" decoding=\"async\" class=\"size-medium\" src=\"https:\/\/destandisticaret.com\/wp-content\/uploads\/2025\/04\/iso-22000-300x300.jpg\" alt=\"\" width=\"150\" height=\"150\" \/><\/a><\/p>\n<p style=\"text-align: left;\">\n<p style=\"text-align: left;\">\n\n\t\t<\/div>\n\t<\/div>\n<\/div><\/div><\/div><\/div>\n<\/div>","protected":false},"excerpt":{"rendered":"Unser Streben nach Exzellenz wird durch unsere international anerkannten Qualit\u00e4tszertifizierungen best\u00e4tigt. Wir beziehen die besten Rohstoffe von einem globalen Netzwerk zertifizierter Lieferanten und gew\u00e4hrleisten so eine sichere, nachhaltige und ethisch einwandfreie Herkunft unserer Produkte. Dank unserer engen Lieferantenbeziehungen k\u00f6nnen wir eine gleichbleibend hohe Qualit\u00e4t unseres gesamten Sortiments sicherstellen. Unsere Qualit\u00e4tskontrollen und unser sorgf\u00e4ltig umgesetztes Stichprobenverfahren garantieren die Sicherheit und Qualit\u00e4t unserer Endprodukte. [...]","protected":false},"author":1,"featured_media":0,"parent":0,"menu_order":0,"comment_status":"closed","ping_status":"closed","template":"","meta":{"footnotes":""},"class_list":["post-10265","page","type-page","status-publish","hentry"],"_links":{"self":[{"href":"https:\/\/destandisticaret.com\/de\/wp-json\/wp\/v2\/pages\/10265","targetHints":{"allow":["GET"]}}],"collection":[{"href":"https:\/\/destandisticaret.com\/de\/wp-json\/wp\/v2\/pages"}],"about":[{"href":"https:\/\/destandisticaret.com\/de\/wp-json\/wp\/v2\/types\/page"}],"author":[{"embeddable":true,"href":"https:\/\/destandisticaret.com\/de\/wp-json\/wp\/v2\/users\/1"}],"replies":[{"embeddable":true,"href":"https:\/\/destandisticaret.com\/de\/wp-json\/wp\/v2\/comments?post=10265"}],"version-history":[{"count":3,"href":"https:\/\/destandisticaret.com\/de\/wp-json\/wp\/v2\/pages\/10265\/revisions"}],"predecessor-version":[{"id":10268,"href":"https:\/\/destandisticaret.com\/de\/wp-json\/wp\/v2\/pages\/10265\/revisions\/10268"}],"wp:attachment":[{"href":"https:\/\/destandisticaret.com\/de\/wp-json\/wp\/v2\/media?parent=10265"}],"curies":[{"name":"wp","href":"https:\/\/api.w.org\/{rel}","templated":true}]}}