{"id":10235,"date":"2025-04-11T07:25:12","date_gmt":"2025-04-11T07:25:12","guid":{"rendered":"https:\/\/destandisticaret.com\/?page_id=10235"},"modified":"2025-04-16T10:02:09","modified_gmt":"2025-04-16T10:02:09","slug":"produktionsanlagen","status":"publish","type":"page","link":"https:\/\/destandisticaret.com\/de\/produktionsanlagen\/","title":{"rendered":"Produktionsanlagen"},"content":{"rendered":"<div class=\"wpb-content-wrapper\"><div class=\"vc_row wpb_row vc_row-fluid\"><div class=\"wpb_column vc_column_container vc_col-sm-6\"><div class=\"vc_column-inner\"><div class=\"wpb_wrapper\"><div class=\"lvca-heading lvca-style1 lvca-alignleft\" ><h3 class=\"lvca-title\">Shukur Nuts Produktionsst\u00e4tten<\/h3><\/div>\n\t<div class=\"wpb_text_column wpb_content_element\" >\n\t\t<div class=\"wpb_wrapper\">\n\t\t\t<p>Mit unserem st\u00e4ndig wachsenden Team und unserer Produktpalette arbeiten wir mit Sorgfalt und Sensibilit\u00e4t in allen unseren Prozessen, um Ihnen die k\u00f6stlichsten Produkte in unseren Einrichtungen mit einer hochtechnologischen Infrastruktur auf einer Fl\u00e4che von 15.000 Quadratmetern zu bieten, wobei wir die Lebensmittelsicherheit in den Vordergrund stellen und uns an das Bewusstsein halten, die nat\u00fcrliche, gesunde Struktur der N\u00fcsse zu sch\u00fctzen, ohne dabei den wissenschaftlichen Standpunkt zu vernachl\u00e4ssigen.<\/p>\n<p>Unsere bedeutenden Investitionen in Innovation, Produktion, nationales und internationales Wachstum haben uns im Sektor der getrockneten N\u00fcsse immer einen Schritt nach vorne gebracht. Wir arbeiten weiterhin mit dem Verantwortungsbewusstsein, das uns der erreichte Punkt verleiht, und unser wichtigstes Ziel ist es, unserem Sektor und unserem Land zu nutzen.<\/p>\n<p>Unsere Anlage ist 50 km vom Flughafen Istanbul und 10 km von der europ\u00e4ischen Autobahn entfernt.<\/p>\n<p>Merkmale des Geb\u00e4udes: 8000 m2 geschlossene Fl\u00e4che, 15438 m2 offene Fl\u00e4che<\/p>\n<p>Bei \u015e\u00fck\u00fcr Kuruyemi\u015f verbinden wir Tradition mit modernen internationalen Handelspraktiken, indem wir unsere Produktpalette st\u00e4ndig aktualisieren und in fortschrittliche Verarbeitungs- und Verpackungstechnologie investieren. Unsere Branchenkenntnisse, unser Fokus auf Qualit\u00e4t, unsere wettbewerbsf\u00e4higen Preise und unsere Grundwerte machen uns zu einem zuverl\u00e4ssigen globalen Partner.<\/p>\n<p>Wir sind bestrebt, der bevorzugte Partner im N\u00fcsse-Sektor zu sein und arbeiten mit Partnern zusammen, die unsere Werte in Bezug auf Qualit\u00e4t, Innovation, wertsch\u00f6pfende Prozesse und nachhaltige Partnerschaften teilen. Die zunehmende Bedeutung von Gesundheit und Wellness spiegelt die ver\u00e4nderten Priorit\u00e4ten der Kunden wider.<\/p>\n\n\t\t<\/div>\n\t<\/div>\n<\/div><\/div><\/div><div class=\"wpb_column vc_column_container vc_col-sm-6\"><div class=\"vc_column-inner\"><div class=\"wpb_wrapper\">\n\t<div  class=\"wpb_single_image wpb_content_element vc_align_left wpb_content_element\">\n\t\t\n\t\t<figure class=\"wpb_wrapper vc_figure\">\n\t\t\t<div class=\"vc_single_image-wrapper   vc_box_border_grey\"><img loading=\"lazy\" decoding=\"async\" width=\"600\" height=\"600\" src=\"https:\/\/destandisticaret.com\/wp-content\/uploads\/2017\/05\/euronut-uretim.jpg\" class=\"vc_single_image-img attachment-large\" alt=\"\" title=\"euronut-production\" srcset=\"https:\/\/destandisticaret.com\/wp-content\/uploads\/2017\/05\/euronut-uretim.jpg 600w, https:\/\/destandisticaret.com\/wp-content\/uploads\/2017\/05\/euronut-uretim-300x300.jpg 300w, https:\/\/destandisticaret.com\/wp-content\/uploads\/2017\/05\/euronut-uretim-150x150.jpg 150w, https:\/\/destandisticaret.com\/wp-content\/uploads\/2017\/05\/euronut-uretim-12x12.jpg 12w, https:\/\/destandisticaret.com\/wp-content\/uploads\/2017\/05\/euronut-uretim-350x350.jpg 350w, https:\/\/destandisticaret.com\/wp-content\/uploads\/2017\/05\/euronut-uretim-110x110.jpg 110w, https:\/\/destandisticaret.com\/wp-content\/uploads\/2017\/05\/euronut-uretim-400x400.jpg 400w, https:\/\/destandisticaret.com\/wp-content\/uploads\/2017\/05\/euronut-uretim-500x500.jpg 500w, https:\/\/destandisticaret.com\/wp-content\/uploads\/2017\/05\/euronut-uretim-70x70.jpg 70w, https:\/\/destandisticaret.com\/wp-content\/uploads\/2017\/05\/euronut-uretim-200x200.jpg 200w\" sizes=\"auto, (max-width: 600px) 100vw, 600px\" \/><\/div>\n\t\t<\/figure>\n\t<\/div>\n<\/div><\/div><\/div><\/div><div class=\"vc_row wpb_row vc_row-fluid\"><div class=\"wpb_column vc_column_container vc_col-sm-6\"><div class=\"vc_column-inner\"><div class=\"wpb_wrapper\">\n\t<div  class=\"wpb_single_image wpb_content_element vc_align_left wpb_content_element\">\n\t\t\n\t\t<figure class=\"wpb_wrapper vc_figure\">\n\t\t\t<div class=\"vc_single_image-wrapper   vc_box_border_grey\"><img loading=\"lazy\" decoding=\"async\" width=\"600\" height=\"600\" src=\"https:\/\/destandisticaret.com\/wp-content\/uploads\/2017\/05\/euronut-labaratuvar.jpg\" class=\"vc_single_image-img attachment-large\" alt=\"\" title=\"euronut-Laboratorium\" srcset=\"https:\/\/destandisticaret.com\/wp-content\/uploads\/2017\/05\/euronut-labaratuvar.jpg 600w, https:\/\/destandisticaret.com\/wp-content\/uploads\/2017\/05\/euronut-labaratuvar-300x300.jpg 300w, https:\/\/destandisticaret.com\/wp-content\/uploads\/2017\/05\/euronut-labaratuvar-150x150.jpg 150w, https:\/\/destandisticaret.com\/wp-content\/uploads\/2017\/05\/euronut-labaratuvar-12x12.jpg 12w, https:\/\/destandisticaret.com\/wp-content\/uploads\/2017\/05\/euronut-labaratuvar-350x350.jpg 350w, https:\/\/destandisticaret.com\/wp-content\/uploads\/2017\/05\/euronut-labaratuvar-110x110.jpg 110w, https:\/\/destandisticaret.com\/wp-content\/uploads\/2017\/05\/euronut-labaratuvar-400x400.jpg 400w, https:\/\/destandisticaret.com\/wp-content\/uploads\/2017\/05\/euronut-labaratuvar-500x500.jpg 500w, https:\/\/destandisticaret.com\/wp-content\/uploads\/2017\/05\/euronut-labaratuvar-70x70.jpg 70w, https:\/\/destandisticaret.com\/wp-content\/uploads\/2017\/05\/euronut-labaratuvar-200x200.jpg 200w\" sizes=\"auto, (max-width: 600px) 100vw, 600px\" \/><\/div>\n\t\t<\/figure>\n\t<\/div>\n<\/div><\/div><\/div><div class=\"wpb_column vc_column_container vc_col-sm-6\"><div class=\"vc_column-inner\"><div class=\"wpb_wrapper\"><div class=\"lvca-heading lvca-style1 lvca-alignleft\" ><h3 class=\"lvca-title\">Bewertung der Qualit\u00e4tsleistung<\/h3><\/div>\n\t<div class=\"wpb_text_column wpb_content_element\" >\n\t\t<div class=\"wpb_wrapper\">\n\t\t\t<p>Bei \u015e\u00fck\u00fcr Kuruyemi\u015f ist Qualit\u00e4t unser Versprechen und unser Stolz. Wir sind bestrebt, Produkte anzubieten, die den h\u00f6chsten internationalen Standards entsprechen, darunter BRCGS, FSSC 22000 und ISO 22000:2018.<\/p>\n<p>Unser fachkundiges Qualit\u00e4tskontrollteam gew\u00e4hrleistet die Sicherheit, Qualit\u00e4t und Authentizit\u00e4t jedes Endprodukts. Wir setzen die neueste Technologie ein, um strenge Qualit\u00e4tskontrollen durchzuf\u00fchren, und investieren kontinuierlich in Innovationen, um die Erwartungen unserer Kunden zu \u00fcbertreffen.<\/p>\n<p>- Lebensmittelsicherheit Qualit\u00e4tsprozesse<br \/>\n- \u015e\u00fck\u00fcr Kuruyemi\u015f Bewertung der Qualit\u00e4tsleistung<br \/>\n- Bewertung der Qualit\u00e4tsleistung<\/p>\n<p>Wir beziehen die besten Rohstoffe von einem weltweiten Netz zugelassener Lieferanten, um sicherzustellen, dass unsere Produkte sicher, nachhaltig und ethisch einwandfrei hergestellt werden.<\/p>\n<p>Dank unserer engen Beziehungen zu unseren Lieferanten k\u00f6nnen wir eine gleichbleibende Qualit\u00e4t unserer Angebote gew\u00e4hrleisten. Unsere Qualit\u00e4tskontrollen und der sorgf\u00e4ltig umgesetzte Stichprobenplan gew\u00e4hrleisten die Sicherheit und Qualit\u00e4t unserer Endprodukte.<\/p>\n<p>Die j\u00e4hrliche Bewertung unserer Qualit\u00e4tsziele erfolgt anhand der folgenden KPIs:<\/p>\n<p>Minimierung von nicht konformen Produkten.<br \/>\nVerbesserte Leistung f\u00fcr unsere Lieferanten.<br \/>\nMinimierung von Beschwerden im Namen unserer Kundenbasis.<\/p>\n\n\t\t<\/div>\n\t<\/div>\n<\/div><\/div><\/div><\/div><div class=\"vc_row wpb_row vc_row-fluid\"><div class=\"wpb_column vc_column_container vc_col-sm-12\"><div class=\"vc_column-inner\"><div class=\"wpb_wrapper\"><div class=\"lvca-heading lvca-style1 lvca-aligncenter\" ><h3 class=\"lvca-title\">Unsere Qualit\u00e4tszertifikate<\/h3><\/div>\n\t<div class=\"wpb_text_column wpb_content_element\" >\n\t\t<div class=\"wpb_wrapper\">\n\t\t\t<p style=\"text-align: center;\">Unser Engagement f\u00fcr Spitzenleistungen wird durch unsere international anerkannten Qualit\u00e4tszertifikate best\u00e4tigt.<\/p>\n<p style=\"text-align: center;\"><a href=\"https:\/\/destandisticaret.com\/wp-content\/uploads\/2025\/04\/Euronut-UAF-Sertifika-9001-R.4.pdf\" target=\"_blank\" rel=\"noopener\"><img loading=\"lazy\" decoding=\"async\" class=\"size-medium\" src=\"https:\/\/destandisticaret.com\/wp-content\/uploads\/2025\/04\/iso-9001-300x300.png\" alt=\"\" width=\"150\" height=\"150\" \/><\/a><a href=\"https:\/\/destandisticaret.com\/wp-content\/uploads\/2025\/04\/BRCGS-Food-Certificate-Euronut-Kuruyemis-Ve-Ticaret-AS-2025.pdf\" target=\"_blank\" rel=\"noopener\"><img loading=\"lazy\" decoding=\"async\" class=\"size-medium\" src=\"https:\/\/destandisticaret.com\/wp-content\/uploads\/2025\/04\/BRCGS-logo-1-300x300.webp\" alt=\"\" width=\"150\" height=\"150\" \/><\/a><a href=\"https:\/\/destandisticaret.com\/wp-content\/uploads\/2025\/04\/Euronut-UAF-Sertifika-22000-R.4.pdf\" target=\"_blank\" rel=\"noopener\"><img loading=\"lazy\" decoding=\"async\" class=\"size-medium\" src=\"https:\/\/destandisticaret.com\/wp-content\/uploads\/2025\/04\/iso-22000-300x300.jpg\" alt=\"\" width=\"150\" height=\"150\" \/><\/a><\/p>\n\n\t\t<\/div>\n\t<\/div>\n<\/div><\/div><\/div><\/div>\n<\/div>","protected":false},"excerpt":{"rendered":"Produktionsst\u00e4tte von \u015e\u00fck\u00fcr Nuts: Mit unserem stetig wachsenden Team und Produktsortiment produzieren wir auf einem 15.000 Quadratmeter gro\u00dfen Gel\u00e4nde mit modernster Infrastruktur. Lebensmittelsicherheit hat f\u00fcr uns oberste Priorit\u00e4t. Wir halten uns an den Grundsatz, die nat\u00fcrliche und gesunde Beschaffenheit der N\u00fcsse zu bewahren und arbeiten in allen Prozessen sorgf\u00e4ltig und gewissenhaft, um Ihnen k\u00f6stliche Produkte zu bieten, ohne dabei Kompromisse bei der wissenschaftlichen Qualit\u00e4t einzugehen. Innovation, Produktion sowie nationale und internationale [...] stehen bei uns an erster Stelle.","protected":false},"author":1,"featured_media":0,"parent":0,"menu_order":0,"comment_status":"closed","ping_status":"closed","template":"","meta":{"footnotes":""},"class_list":["post-10235","page","type-page","status-publish","hentry"],"_links":{"self":[{"href":"https:\/\/destandisticaret.com\/de\/wp-json\/wp\/v2\/pages\/10235","targetHints":{"allow":["GET"]}}],"collection":[{"href":"https:\/\/destandisticaret.com\/de\/wp-json\/wp\/v2\/pages"}],"about":[{"href":"https:\/\/destandisticaret.com\/de\/wp-json\/wp\/v2\/types\/page"}],"author":[{"embeddable":true,"href":"https:\/\/destandisticaret.com\/de\/wp-json\/wp\/v2\/users\/1"}],"replies":[{"embeddable":true,"href":"https:\/\/destandisticaret.com\/de\/wp-json\/wp\/v2\/comments?post=10235"}],"version-history":[{"count":11,"href":"https:\/\/destandisticaret.com\/de\/wp-json\/wp\/v2\/pages\/10235\/revisions"}],"predecessor-version":[{"id":10400,"href":"https:\/\/destandisticaret.com\/de\/wp-json\/wp\/v2\/pages\/10235\/revisions\/10400"}],"wp:attachment":[{"href":"https:\/\/destandisticaret.com\/de\/wp-json\/wp\/v2\/media?parent=10235"}],"curies":[{"name":"wp","href":"https:\/\/api.w.org\/{rel}","templated":true}]}}