{"id":10231,"date":"2025-04-11T06:08:37","date_gmt":"2025-04-11T06:08:37","guid":{"rendered":"https:\/\/destandisticaret.com\/?page_id=10231"},"modified":"2025-12-15T05:53:18","modified_gmt":"2025-12-15T05:53:18","slug":"groshandelsverkauf","status":"publish","type":"page","link":"https:\/\/destandisticaret.com\/de\/groshandelsverkauf\/","title":{"rendered":"Gro\u00dfhandelsbestellung f\u00fcr N\u00fcsse und Trockenfr\u00fcchte"},"content":{"rendered":"<div class=\"wpb-content-wrapper\"><div class=\"vc_row wpb_row vc_row-fluid\"><div class=\"wpb_column vc_column_container vc_col-sm-12\"><div class=\"vc_column-inner\"><div class=\"wpb_wrapper\">\n\t<div class=\"wpb_text_column wpb_content_element\" >\n\t\t<div class=\"wpb_wrapper\">\n\t\t\t<p><strong>Die g\u00fcnstigste Gro\u00dfhandelsseite f\u00fcr N\u00fcsse Destan Foreign Trade<\/strong><br \/>Willkommen bei Destan D\u0131\u015f Ticaret, der richtigen Adresse f\u00fcr eine Vielzahl getrockneter N\u00fcsse, immer frisch und aus hochwertigsten Produkten! Zum besten Preis.<strong> Gro\u00dfhandel N\u00fcsse<\/strong> Wenn Sie sich f\u00fcr Destan D\u0131\u015f Ticaret entscheiden, k\u00f6nnen Sie sich die gew\u00fcnschten getrockneten N\u00fcsse mit nur einem Klick bis an die Haust\u00fcr liefern lassen.<\/p>\n<p><a class=\"dugme\" href=\"https:\/\/destandisticaret.com\/de\/groshandelsbestellung-nusse\/\">KLICKEN SIE F\u00dcR DAS GROSSHANDELSBESTELLFORMULAR ...<\/a><\/p>\n<p><img loading=\"lazy\" decoding=\"async\" class=\"alignnone wp-image-10304 size-full\" src=\"https:\/\/destandisticaret.com\/wp-content\/uploads\/2025\/04\/banner-ince-kuruyemis.jpg\" alt=\"\" width=\"1600\" height=\"186\" srcset=\"https:\/\/destandisticaret.com\/wp-content\/uploads\/2025\/04\/banner-ince-kuruyemis.jpg 1600w, https:\/\/destandisticaret.com\/wp-content\/uploads\/2025\/04\/banner-ince-kuruyemis-300x35.jpg 300w, https:\/\/destandisticaret.com\/wp-content\/uploads\/2025\/04\/banner-ince-kuruyemis-1024x119.jpg 1024w, https:\/\/destandisticaret.com\/wp-content\/uploads\/2025\/04\/banner-ince-kuruyemis-768x89.jpg 768w, https:\/\/destandisticaret.com\/wp-content\/uploads\/2025\/04\/banner-ince-kuruyemis-1536x179.jpg 1536w, https:\/\/destandisticaret.com\/wp-content\/uploads\/2025\/04\/banner-ince-kuruyemis-18x2.jpg 18w, https:\/\/destandisticaret.com\/wp-content\/uploads\/2025\/04\/banner-ince-kuruyemis-600x70.jpg 600w\" sizes=\"auto, (max-width: 1600px) 100vw, 1600px\" \/><\/p>\n<p>Destan Au\u00dfenhandel, Dutzende von Gro\u00dfhandel <strong>N\u00fcsse<\/strong> Wir liefern Ihre Auswahl schnell und sicher an Ihre Adresse. Mit einer Bestellung bei Destan D\u0131\u015f Ticaret, das auch eine gro\u00dfe Auswahl an Tees und Kaffees anbietet, erweitern Sie das Produktangebot in Ihrem Trockenfrucht- und Nussladen und bieten Ihren Kunden vielf\u00e4ltige M\u00f6glichkeiten.<\/p>\n<p>Dar\u00fcber hinaus k\u00f6nnen Sie bei Destan D\u0131\u015f Ticaret, Ihrem Gro\u00dfhandelsanbieter f\u00fcr N\u00fcsse und Trockenfr\u00fcchte, die perfekten Leckereien f\u00fcr Messen, Veranstaltungen und besondere Anl\u00e4sse bestellen. Auch Geb\u00e4ck f\u00fcr Ihre B\u00e4ckerei oder Snackn\u00fcsse f\u00fcr den Eigenbedarf sind bei Destan D\u0131\u015f Ticaret erh\u00e4ltlich.<\/p>\n<p><strong>Entdecken Sie das gro\u00dfe Sortiment an N\u00fcssen und N\u00fcssen im Gro\u00dfhandel von Destan D\u0131\u015f Ticaret!<\/strong><\/p>\n<p>Destan D\u0131\u015f Ticaret ist eine der Marken mit dem gr\u00f6\u00dften Sortiment an getrockneten N\u00fcssen im Gro\u00dfhandel. Alle unsere Produkte sind frisch und von hoher Qualit\u00e4t.<\/p>\n<p>Wenn Sie es satt haben, f\u00fcr jedes Produkt verschiedene N\u00fcsse und Samen im Gro\u00dfhandel zu kaufen, und eine zuverl\u00e4ssige Antwort auf die Frage \u201cWo kann ich hochwertige N\u00fcsse im Gro\u00dfhandel kaufen?\u201d suchen, sind Sie hier genau richtig! Welche Produkte umfasst das Gro\u00dfhandelssortiment von Destan D\u0131\u015f Ticaret?<\/p>\n<p><strong>T\u00e4glich eine Handvoll N\u00fcsse<\/strong><\/p>\n<p>Destan D\u0131\u015f Ticaret ist eine der f\u00fchrenden Marken der Branche und bietet eine gro\u00dfe Auswahl an N\u00fcssen und Samen im Gro\u00dfhandel zu erschwinglichen Preisen. Bei Destan D\u0131\u015f Ticaret finden Sie alle Produkte, die Ihre Kunden bevorzugen \u2013 frisch und in h\u00f6chster Qualit\u00e4t.<\/p>\n<p>Gesch\u00e4lte oder ungesch\u00e4lte, rohe oder doppelt ger\u00f6stete, ganze oder pulverisierte Haselnuss-Sorten im Gro\u00dfhandel; bringt dieses reichhaltige Geschenk der Natur in die K\u00fcchen. Einzigartige Omega-3-Quelle und Energiespeicher Gro\u00dfhandel Waln\u00fcsse; Es wird zum Verkauf angeboten, wie gesch\u00e4lt, sortiert und reduziert, um essbar zu sein.<\/p>\n<p>Wir haben auch Gro\u00dfhandel Pistazien, die sofort bereichern die Tabellen und nehmen Desserts einen Schritt weiter, und Gro\u00dfhandel Siirt Pistazien Sorten f\u00fcr diejenigen, die f\u00fcr einen besonderen Geschmack. Die Perle der \u00e4g\u00e4ischen K\u00fcche, n\u00fctzliche Gro\u00dfhandel Mandeln in jeder Form; Es wird an Ihre Adresse als Netz, roh, pulverisiert, gesch\u00e4lt oder ger\u00f6stet je nach Bedarf geliefert.<\/p>\n<p>Cashewn\u00fcsse, eine relativ neue Erg\u00e4nzung der kulinarischen Szene, sind bei Destan D\u0131\u015f Ticaret in ger\u00f6steten und rohen Varianten erh\u00e4ltlich. Neben diesen klassischen Nuss-Gro\u00dfhandelsoptionen bieten wir auch Optionen f\u00fcr alle, die einen leckeren Snack suchen! Erdn\u00fcsse, ein k\u00f6stlicher Snack, sind in gesalzenen, ger\u00f6steten, rohen und gesch\u00e4lten Varianten erh\u00e4ltlich.<\/p>\n<p>Gro\u00dfhandel K\u00fcrbiskerne und Gro\u00dfhandel Sonnenblumenkerne, die beste Begleitung von angenehmen Gespr\u00e4chen, warten auf ihre K\u00e4ufer mit verschiedenen Gr\u00f6\u00dfen, R\u00f6stung und Salzgehalt Preise. N\u00fcsse, die keine Grenzen in der Kreativit\u00e4t Gro\u00dfhandel Kichererbsen kennen; Es hat Arten, die Sie wie gelb, wei\u00df, Schokolade und knusprig \u00fcberraschen wird.<\/p>\n<p>Gro\u00dfhandelsmaissorten und Gro\u00dfhandelssaucen, die f\u00fcr Unterhaltungsst\u00e4tten unverzichtbar sind, eignen sich perfekt f\u00fcr Unternehmen, die g\u00fcnstige Gro\u00dfhandelspreise f\u00fcr N\u00fcsse suchen. Die Nusspreise von Destan D\u0131\u015f Ticaret sind unvergleichlich g\u00fcnstiger als die des n\u00e4chsten Konkurrenten.<\/p>\n<p><strong>Wo kann man N\u00fcsse im Gro\u00dfhandel kaufen?<\/strong><\/p>\n<p>Sie k\u00f6nnen N\u00fcsse im Gro\u00dfhandel kaufen, indem Sie Nussgro\u00dfm\u00e4rkte und Online-Plattformen besuchen, die N\u00fcsse im Gro\u00dfhandel verkaufen. Allerdings <strong>Gro\u00dfhandel N\u00fcsse<\/strong> Wir empfehlen Ihnen, sich zu vergewissern, dass das Unternehmen, bei dem Sie kaufen, auf diesem Gebiet erfahren und zuverl\u00e4ssig ist, wie beispielsweise Destan D\u0131\u015f Ticaret, und dass es auch Qualit\u00e4tsprodukte anbietet.<\/p>\n<p>\u00a0<\/p>\n\n\t\t<\/div>\n\t<\/div>\n<\/div><\/div><\/div><\/div>\n<\/div>","protected":false},"excerpt":{"rendered":"Destan D\u0131\u015f Ticaret, der g\u00fcnstigste Gro\u00dfhandel f\u00fcr N\u00fcsse. Willkommen bei Destan D\u0131\u015f Ticaret, dem perfekten Ort f\u00fcr eine gro\u00dfe Auswahl an N\u00fcssen aus frischesten Zutaten h\u00f6chster Qualit\u00e4t! W\u00e4hlen Sie Destan D\u0131\u015f Ticaret f\u00fcr beste Gro\u00dfhandelsn\u00fcsse zu Top-Preisen und lassen Sie sich Ihre Wunschn\u00fcsse mit nur einem Klick direkt nach Hause liefern. Hier geht&#039;s zum Gro\u00dfhandelsbestellformular... Destan D\u0131\u015f [...]","protected":false},"author":1,"featured_media":0,"parent":0,"menu_order":0,"comment_status":"closed","ping_status":"closed","template":"","meta":{"footnotes":""},"class_list":["post-10231","page","type-page","status-publish","hentry"],"_links":{"self":[{"href":"https:\/\/destandisticaret.com\/de\/wp-json\/wp\/v2\/pages\/10231","targetHints":{"allow":["GET"]}}],"collection":[{"href":"https:\/\/destandisticaret.com\/de\/wp-json\/wp\/v2\/pages"}],"about":[{"href":"https:\/\/destandisticaret.com\/de\/wp-json\/wp\/v2\/types\/page"}],"author":[{"embeddable":true,"href":"https:\/\/destandisticaret.com\/de\/wp-json\/wp\/v2\/users\/1"}],"replies":[{"embeddable":true,"href":"https:\/\/destandisticaret.com\/de\/wp-json\/wp\/v2\/comments?post=10231"}],"version-history":[{"count":6,"href":"https:\/\/destandisticaret.com\/de\/wp-json\/wp\/v2\/pages\/10231\/revisions"}],"predecessor-version":[{"id":10723,"href":"https:\/\/destandisticaret.com\/de\/wp-json\/wp\/v2\/pages\/10231\/revisions\/10723"}],"wp:attachment":[{"href":"https:\/\/destandisticaret.com\/de\/wp-json\/wp\/v2\/media?parent=10231"}],"curies":[{"name":"wp","href":"https:\/\/api.w.org\/{rel}","templated":true}]}}