{"id":10218,"date":"2025-04-10T13:31:23","date_gmt":"2025-04-10T13:31:23","guid":{"rendered":"https:\/\/destandisticaret.com\/?page_id=10218"},"modified":"2025-10-21T12:29:09","modified_gmt":"2025-10-21T12:29:09","slug":"humanressourcen","status":"publish","type":"page","link":"https:\/\/destandisticaret.com\/de\/humanressourcen\/","title":{"rendered":"Personalwesen"},"content":{"rendered":"<div class=\"wpb-content-wrapper\"><div class=\"vc_row wpb_row vc_row-fluid\"><div class=\"wpb_column vc_column_container vc_col-sm-12\"><div class=\"vc_column-inner\"><div class=\"wpb_wrapper\">\n\t<div class=\"wpb_text_column wpb_content_element\" >\n\t\t<div class=\"wpb_wrapper\">\n\t\t\t<h2>Unserem Team beitreten<\/h2>\n<p>Wir sind immer auf der Suche nach leidenschaftlichen, talentierten Mitarbeitern, die unser Team verst\u00e4rken.<\/p>\n<p>Wenn Sie sich der Exzellenz verschrieben haben und eine erf\u00fcllende Karriere in einem dynamischen und innovativen Unternehmen anstreben, laden wir Sie ein, die M\u00f6glichkeiten bei Destan D\u0131\u015f Ticaret zu erkunden.<\/p>\n<p>Sie k\u00f6nnen uns Ihren Lebenslauf an info@destandisticaret.com senden.<\/p>\n<p><\/p>\n\n\t\t<\/div>\n\t<\/div>\n<div class=\"wpb_gallery wpb_content_element vc_clearfix vc_custom_1761049744631 wpb_content_element wpb_animate_when_almost_visible wpb_fadeIn fadeIn\" ><div class=\"wpb_wrapper\"><div class=\"wpb_gallery_slides wpb_image_grid\" data-interval=\"3\"><ul class=\"wpb_image_grid_ul\"><li class=\"isotope-item\"><a class=\"\" href=\"https:\/\/destandisticaret.com\/wp-content\/uploads\/2025\/04\/fabrika-resim-uzun-1024x263.jpg\" data-lightbox=\"lightbox[rel-10218-3618526580]\"><img loading=\"lazy\" decoding=\"async\" width=\"1920\" height=\"494\" src=\"https:\/\/destandisticaret.com\/wp-content\/uploads\/2025\/04\/fabrika-resim-uzun.jpg\" class=\"attachment-full\" alt=\"\" title=\"Fabrikbild lang\" srcset=\"https:\/\/destandisticaret.com\/wp-content\/uploads\/2025\/04\/fabrika-resim-uzun.jpg 1920w, https:\/\/destandisticaret.com\/wp-content\/uploads\/2025\/04\/fabrika-resim-uzun-300x77.jpg 300w, https:\/\/destandisticaret.com\/wp-content\/uploads\/2025\/04\/fabrika-resim-uzun-1024x263.jpg 1024w, https:\/\/destandisticaret.com\/wp-content\/uploads\/2025\/04\/fabrika-resim-uzun-768x198.jpg 768w, https:\/\/destandisticaret.com\/wp-content\/uploads\/2025\/04\/fabrika-resim-uzun-1536x395.jpg 1536w, https:\/\/destandisticaret.com\/wp-content\/uploads\/2025\/04\/fabrika-resim-uzun-18x5.jpg 18w, https:\/\/destandisticaret.com\/wp-content\/uploads\/2025\/04\/fabrika-resim-uzun-600x154.jpg 600w\" sizes=\"auto, (max-width: 1920px) 100vw, 1920px\" \/><\/a><\/li><li class=\"isotope-item\"><a class=\"\" href=\"https:\/\/destandisticaret.com\/wp-content\/uploads\/2025\/04\/euronut-labaratuvar-resim-1024x263.jpg\" data-lightbox=\"lightbox[rel-10218-3618526580]\"><img loading=\"lazy\" decoding=\"async\" width=\"1920\" height=\"494\" src=\"https:\/\/destandisticaret.com\/wp-content\/uploads\/2025\/04\/euronut-labaratuvar-resim.jpg\" class=\"attachment-full\" alt=\"\" title=\"euronut-laboratorium-bild\" srcset=\"https:\/\/destandisticaret.com\/wp-content\/uploads\/2025\/04\/euronut-labaratuvar-resim.jpg 1920w, https:\/\/destandisticaret.com\/wp-content\/uploads\/2025\/04\/euronut-labaratuvar-resim-300x77.jpg 300w, https:\/\/destandisticaret.com\/wp-content\/uploads\/2025\/04\/euronut-labaratuvar-resim-1024x263.jpg 1024w, https:\/\/destandisticaret.com\/wp-content\/uploads\/2025\/04\/euronut-labaratuvar-resim-768x198.jpg 768w, https:\/\/destandisticaret.com\/wp-content\/uploads\/2025\/04\/euronut-labaratuvar-resim-1536x395.jpg 1536w, https:\/\/destandisticaret.com\/wp-content\/uploads\/2025\/04\/euronut-labaratuvar-resim-18x5.jpg 18w, https:\/\/destandisticaret.com\/wp-content\/uploads\/2025\/04\/euronut-labaratuvar-resim-600x154.jpg 600w\" sizes=\"auto, (max-width: 1920px) 100vw, 1920px\" \/><\/a><\/li><li class=\"isotope-item\"><a class=\"\" href=\"https:\/\/destandisticaret.com\/wp-content\/uploads\/2025\/04\/euronut-uretim-bandi-1024x263.jpg\" data-lightbox=\"lightbox[rel-10218-3618526580]\"><img loading=\"lazy\" decoding=\"async\" width=\"1920\" height=\"494\" src=\"https:\/\/destandisticaret.com\/wp-content\/uploads\/2025\/04\/euronut-uretim-bandi.jpg\" class=\"attachment-full\" alt=\"\" title=\"euronut-production-band\" srcset=\"https:\/\/destandisticaret.com\/wp-content\/uploads\/2025\/04\/euronut-uretim-bandi.jpg 1920w, https:\/\/destandisticaret.com\/wp-content\/uploads\/2025\/04\/euronut-uretim-bandi-300x77.jpg 300w, https:\/\/destandisticaret.com\/wp-content\/uploads\/2025\/04\/euronut-uretim-bandi-1024x263.jpg 1024w, https:\/\/destandisticaret.com\/wp-content\/uploads\/2025\/04\/euronut-uretim-bandi-768x198.jpg 768w, https:\/\/destandisticaret.com\/wp-content\/uploads\/2025\/04\/euronut-uretim-bandi-1536x395.jpg 1536w, https:\/\/destandisticaret.com\/wp-content\/uploads\/2025\/04\/euronut-uretim-bandi-18x5.jpg 18w, https:\/\/destandisticaret.com\/wp-content\/uploads\/2025\/04\/euronut-uretim-bandi-600x154.jpg 600w\" sizes=\"auto, (max-width: 1920px) 100vw, 1920px\" \/><\/a><\/li><\/ul><\/div><\/div><\/div><\/div><\/div><\/div><\/div>\r\n<\/div>","protected":false},"excerpt":{"rendered":"Werden Sie Teil unseres Teams! Wir sind stets auf der Suche nach engagierten und talentierten Mitarbeitern. Wenn Sie sich f\u00fcr Exzellenz einsetzen und eine erf\u00fcllende Karriere in einem dynamischen und innovativen Unternehmen anstreben, laden wir Sie ein, die M\u00f6glichkeiten bei Destan D\u0131\u015f Ticaret zu entdecken. Senden Sie uns Ihren Lebenslauf an info@destandisticaret.com.","protected":false},"author":1,"featured_media":0,"parent":0,"menu_order":0,"comment_status":"closed","ping_status":"closed","template":"","meta":{"footnotes":""},"class_list":["post-10218","page","type-page","status-publish","hentry"],"_links":{"self":[{"href":"https:\/\/destandisticaret.com\/de\/wp-json\/wp\/v2\/pages\/10218","targetHints":{"allow":["GET"]}}],"collection":[{"href":"https:\/\/destandisticaret.com\/de\/wp-json\/wp\/v2\/pages"}],"about":[{"href":"https:\/\/destandisticaret.com\/de\/wp-json\/wp\/v2\/types\/page"}],"author":[{"embeddable":true,"href":"https:\/\/destandisticaret.com\/de\/wp-json\/wp\/v2\/users\/1"}],"replies":[{"embeddable":true,"href":"https:\/\/destandisticaret.com\/de\/wp-json\/wp\/v2\/comments?post=10218"}],"version-history":[{"count":11,"href":"https:\/\/destandisticaret.com\/de\/wp-json\/wp\/v2\/pages\/10218\/revisions"}],"predecessor-version":[{"id":10676,"href":"https:\/\/destandisticaret.com\/de\/wp-json\/wp\/v2\/pages\/10218\/revisions\/10676"}],"wp:attachment":[{"href":"https:\/\/destandisticaret.com\/de\/wp-json\/wp\/v2\/media?parent=10218"}],"curies":[{"name":"wp","href":"https:\/\/api.w.org\/{rel}","templated":true}]}}