{"id":10622,"date":"2025-10-17T10:11:42","date_gmt":"2025-10-17T10:11:42","guid":{"rendered":"https:\/\/destandisticaret.com\/?post_type=product&#038;p=10622"},"modified":"2025-11-20T05:34:16","modified_gmt":"2025-11-20T05:34:16","slug":"%d8%a8%d8%b0%d9%88%d8%b1-%d8%b9%d8%a8%d8%a7%d8%af-%d8%a7%d9%84%d8%b4%d9%85%d8%b3-%d8%a7%d9%84%d8%af%d8%a7%d8%ae%d9%84%d9%8a%d8%a9","status":"publish","type":"product","link":"https:\/\/destandisticaret.com\/ar\/product-2\/%d8%a8%d8%b0%d9%88%d8%b1-%d8%b9%d8%a8%d8%a7%d8%af-%d8%a7%d9%84%d8%b4%d9%85%d8%b3-%d8%a7%d9%84%d8%af%d8%a7%d8%ae%d9%84%d9%8a%d8%a9\/","title":{"rendered":"\u0628\u0630\u0648\u0631 \u0639\u0628\u0627\u062f \u0627\u0644\u0634\u0645\u0633 \u0627\u0644\u062f\u0627\u062e\u0644\u064a\u0629"},"content":{"rendered":"<p>\u0628\u062f\u064a\u0644 \u0639\u0645\u0644\u064a \u0648\u0645\u063a\u0630\u064a \u0644\u0623\u0648\u0644\u0626\u0643 \u0627\u0644\u0630\u064a\u0646 \u0644\u0627 \u064a\u0631\u064a\u062f\u0648\u0646 \u0639\u0646\u0627\u0621 \u0625\u0632\u0627\u0644\u0629 \u0627\u0644\u0628\u0630\u0648\u0631:<strong>\u00a0 \u062f\u0627\u062e\u0644 \u0628\u0630\u0648\u0631 \u0639\u0628\u0627\u062f \u0627\u0644\u0634\u0645\u0633!<\/strong><\/p>\n<p>\u0647\u0630\u0647 \u0627\u0644\u0648\u062c\u0628\u0629 \u0627\u0644\u062e\u0641\u064a\u0641\u0629 \u0627\u0644\u0637\u0628\u064a\u0639\u064a\u0629 \u0627\u0644\u0637\u0627\u0632\u062c\u0629\u060c \u0628\u062f\u0648\u0646 \u0642\u0634\u0631\u060c \u0645\u062b\u0627\u0644\u064a\u0629 \u0644\u0644\u0623\u0637\u0641\u0627\u0644 \u0648\u0627\u0644\u0643\u0628\u0627\u0631 \u0639\u0644\u0649 \u062d\u062f \u0633\u0648\u0627\u0621. \u0645\u062d\u062a\u0648\u0627\u0647\u0627 \u063a\u064a\u0631 \u0627\u0644\u0645\u0645\u0644\u062d \u064a\u062c\u0639\u0644\u0647\u0627 \u0625\u0636\u0627\u0641\u0629 \u0631\u0627\u0626\u0639\u0629 \u0644\u0644\u0648\u0635\u0641\u0627\u062a \u0627\u0644\u0635\u062d\u064a\u0629 \u0648\u0627\u0644\u0645\u0639\u062c\u0646\u0627\u062a \u0648\u0627\u0644\u0648\u062c\u0628\u0627\u062a \u0627\u0644\u062e\u0641\u064a\u0641\u0629.<\/p>\n<p><strong>\u0645\u0645\u064a\u0632\u0627\u062a \u0627\u0644\u0645\u0646\u062a\u062c<\/strong><\/p>\n<p><strong>\u2022 \u0645\u0642\u0634\u0631:<\/strong>\u00a0\u0646\u0645\u0648\u0630\u062c \u0639\u0645\u0644\u064a \u062c\u0627\u0647\u0632 \u0644\u0644\u0627\u0633\u062a\u062e\u062f\u0627\u0645 \u0627\u0644\u0645\u0628\u0627\u0634\u0631<br \/>\n<strong>\u2022 \u0642\u064a\u0645\u0629 \u063a\u0630\u0627\u0626\u064a\u0629 \u063a\u0646\u064a\u0629:\u00a0<\/strong>\u063a\u0646\u064a \u0628\u0641\u064a\u062a\u0627\u0645\u064a\u0646 E \u0648\u0627\u0644\u0645\u063a\u0646\u064a\u0633\u064a\u0648\u0645 \u0648\u0627\u0644\u062f\u0647\u0648\u0646 \u0627\u0644\u0635\u062d\u064a\u0629<br \/>\n<strong>\u2022 \u0648\u062c\u0628\u0629 \u062e\u0641\u064a\u0641\u0629 \u0645\u0646\u0627\u0633\u0628\u0629 \u0644\u0644\u0623\u0637\u0641\u0627\u0644:<\/strong>\u00a0\u0627\u0633\u062a\u0647\u0644\u0627\u0643 \u0622\u0645\u0646 \u0644\u0644\u0623\u0637\u0641\u0627\u0644 \u0627\u0644\u0635\u063a\u0627\u0631 \u0628\u0641\u0636\u0644 \u062a\u0631\u0643\u064a\u0628\u062a\u0647 \u0627\u0644\u062e\u0627\u0644\u064a\u0629 \u0645\u0646 \u0627\u0644\u0642\u0634\u0631\u0629<br \/>\n<strong>\u2022 \u0627\u0633\u062a\u062e\u062f\u0627\u0645 \u0645\u062a\u0639\u062f\u062f \u0627\u0644\u0623\u063a\u0631\u0627\u0636:\u00a0<\/strong>\u0645\u0646\u0627\u0633\u0628 \u0644\u0644\u0627\u0633\u062a\u062e\u062f\u0627\u0645 \u0641\u064a \u0627\u0644\u0648\u0635\u0641\u0627\u062a \u0645\u062b\u0644 \u0627\u0644\u0645\u0639\u062c\u0646\u0627\u062a \u0648\u0627\u0644\u0645\u0642\u0631\u0645\u0634\u0627\u062a \u0648\u0627\u0644\u0633\u0644\u0637\u0627\u062a \u0648\u0627\u0644\u062c\u0631\u0627\u0646\u0648\u0644\u0627.<br \/>\n<strong>\u2022 \u0645\u062d\u062a\u0648\u064a\u0627\u062a:\u00a0<\/strong>%100 ay \u00e7ekirde\u011fi i\u00e7i<br \/>\n<strong>\u2022 \u0627\u0644\u0645\u0628\u0644\u063a \u0627\u0644\u0635\u0627\u0641\u064a:\u00a0<\/strong>100 \u062c\u0631\u0627\u0645<br \/>\n<strong>\u2022 \u0623\u0635\u0644:<\/strong>\u00a0\u062a\u0631\u0643\u064a\u0627 \/ \u0627\u0644\u0625\u0646\u062a\u0627\u062c \u0627\u0644\u0645\u062d\u0644\u064a<br \/>\n<strong>\u2022 \u0638\u0631\u0648\u0641 \u0627\u0644\u062a\u062e\u0632\u064a\u0646:<\/strong>\u00a0\u0642\u0645 \u0628\u062a\u062e\u0632\u064a\u0646\u0647 \u0645\u063a\u0644\u0642\u064b\u0627 \u0641\u064a \u0628\u064a\u0626\u0629 \u0628\u0627\u0631\u062f\u0629 \u0648\u062c\u0627\u0641\u0629 \u0648\u062e\u0627\u0644\u064a\u0629 \u0645\u0646 \u0627\u0644\u0636\u0648\u0621.<\/p>\n<p><strong>\u0644\u0645\u0646 \u0647\u0648 \u0645\u0646\u0627\u0633\u0628\u061f<\/strong><\/p>\n<p>\u2022 \u0623\u0648\u0644\u0626\u0643 \u0627\u0644\u0630\u064a\u0646 \u064a\u0628\u062d\u062b\u0648\u0646 \u0639\u0646 \u0648\u062c\u0628\u0629 \u062e\u0641\u064a\u0641\u0629 \u0633\u0631\u064a\u0639\u0629 \u0648\u0639\u0645\u0644\u064a\u0629<br \/>\n\u2022 \u0623\u0648\u0644\u0626\u0643 \u0627\u0644\u0630\u064a\u0646 \u064a\u0642\u0648\u0645\u0648\u0646 \u0628\u0625\u0639\u062f\u0627\u062f \u0627\u0644\u0645\u0639\u062c\u0646\u0627\u062a \u0648\u0627\u0644\u062c\u0631\u0627\u0646\u0648\u0644\u0627 \u0641\u064a \u0627\u0644\u0645\u0646\u0632\u0644<br \/>\n\u2022 \u0627\u0644\u0622\u0628\u0627\u0621 \u0648\u0627\u0644\u0623\u0645\u0647\u0627\u062a \u0627\u0644\u0630\u064a\u0646 \u064a\u0631\u064a\u062f\u0648\u0646 \u0625\u0639\u0637\u0627\u0621 \u0627\u0644\u0645\u0643\u0633\u0631\u0627\u062a \u0644\u0623\u0637\u0641\u0627\u0644\u0647\u0645 \u0628\u0623\u0645\u0627\u0646<br \/>\n\u2022 \u0627\u0644\u0623\u0641\u0631\u0627\u062f \u0627\u0644\u0630\u064a\u0646 \u064a\u0631\u063a\u0628\u0648\u0646 \u0641\u064a \u0625\u0636\u0627\u0641\u0629 \u0627\u0644\u062f\u0647\u0648\u0646 \u0627\u0644\u0635\u062d\u064a\u0629 \u0648\u0627\u0644\u0628\u0631\u0648\u062a\u064a\u0646\u0627\u062a \u0627\u0644\u0646\u0628\u0627\u062a\u064a\u0629 \u0625\u0644\u0649 \u0646\u0638\u0627\u0645\u0647\u0645 \u0627\u0644\u063a\u0630\u0627\u0626\u064a<\/p>\n<p><strong>\u062a\u0648\u0635\u064a\u0627\u062a \u0627\u0644\u0627\u0633\u062a\u062e\u062f\u0627\u0645<\/strong><\/p>\n<p>\u2022 \u0643\u0648\u062c\u0628\u0629 \u062e\u0641\u064a\u0641\u0629: \u064a\u0645\u0643\u0646\u0643 \u062a\u0646\u0627\u0648\u0644\u0647 \u0645\u0628\u0627\u0634\u0631\u0629 \u0623\u0648 \u0625\u0636\u0627\u0641\u062a\u0647 \u0625\u0644\u0649 \u0645\u0632\u064a\u062c \u0627\u0644\u0645\u0643\u0633\u0631\u0627\u062a \u0627\u0644\u062e\u0627\u0635 \u0628\u0643.<br \/>\n\u2022 \u0641\u064a \u0627\u0644\u0645\u0639\u062c\u0646\u0627\u062a: \u0627\u0633\u062a\u062e\u062f\u0645\u0647\u0627 \u0643\u0632\u064a\u0646\u0629 \u0633\u0637\u062d\u064a\u0629 \u0623\u0648 \u062d\u0634\u0648\u0629 \u0644\u0644\u0645\u0639\u062c\u0646\u0627\u062a \u0648\u0627\u0644\u0645\u0642\u0631\u0645\u0634\u0627\u062a \u0648\u0627\u0644\u0643\u0639\u0643 \u0627\u0644\u0645\u0627\u0644\u062d.<br \/>\n\u2022 \u0627\u0644\u0625\u0641\u0637\u0627\u0631 \u0648\u0627\u0644\u0633\u0644\u0637\u0629: \u0631\u0634\u064a\u0647\u0627 \u0639\u0644\u0649 \u0627\u0644\u0632\u0628\u0627\u062f\u064a \u0641\u064a \u0627\u0644\u0625\u0641\u0637\u0627\u0631 \u0623\u0648 \u0627\u0644\u0633\u0644\u0637\u0629 \u0644\u0625\u0636\u0641\u0627\u0621 \u0627\u0644\u0642\u0631\u0645\u0634\u0629.<br \/>\n\u2022 \u062b\u0631\u0627\u0621 \u0627\u0644\u0648\u0635\u0641\u0629: \u064a\u0636\u064a\u0641 \u0627\u0644\u0628\u0631\u0648\u062a\u064a\u0646 \u0648\u0627\u0644\u0646\u0643\u0647\u0629 \u0625\u0644\u0649 \u0627\u0644\u062c\u0631\u0627\u0646\u0648\u0644\u0627 \u0648\u0623\u0637\u0628\u0627\u0642 \u0627\u0644\u0639\u0635\u0627\u0626\u0631 \u0648\u0623\u0644\u0648\u0627\u062d \u0627\u0644\u0637\u0627\u0642\u0629 \u0627\u0644\u0645\u0635\u0646\u0648\u0639\u0629 \u0645\u0646\u0632\u0644\u064a\u064b\u0627.<\/p>\n<p><strong>\u062d\u0642\u0627\u0626\u0642 \u0627\u0644\u0637\u0627\u0642\u0629 \u0648\u0627\u0644\u062a\u063a\u0630\u064a\u0629 (\u0644\u0643\u0644 100 \u063a\u0631\u0627\u0645)<\/strong><\/p>\n<p><strong>\u2022 \u0627\u0644\u0637\u0627\u0642\u0629: 584 \u0633\u0639\u0631\u0629 \u062d\u0631\u0627\u0631\u064a\u0629<br \/>\n\u2022 \u0627\u0644\u0628\u0631\u0648\u062a\u064a\u0646: 21 \u062c\u0631\u0627\u0645<br \/>\n\u2022 \u0627\u0644\u0643\u0631\u0628\u0648\u0647\u064a\u062f\u0631\u0627\u062a: 20 \u062c\u0645<br \/>\n\u2022 \u0627\u0644\u0623\u0644\u064a\u0627\u0641: 8.6 \u062c\u0631\u0627\u0645<br \/>\n\u2022 \u0627\u0644\u062f\u0647\u0648\u0646: 51 \u062c\u0631\u0627\u0645<br \/>\n\u2022 \u0641\u064a\u062a\u0627\u0645\u064a\u0646 \u0647\u0640: 35.2 \u0645\u0644\u063a<\/strong><\/p>","protected":false},"excerpt":{"rendered":"<p>\u0644\u0627 \u062a\u062a\u0631\u062f\u062f\u0648\u0627 \u0641\u064a \u0627\u0644\u062a\u0648\u0627\u0635\u0644 \u0645\u0639\u0646\u0627 \u0644\u0644\u062d\u0635\u0648\u0644 \u0639\u0644\u0649 \u0623\u0633\u0639\u0627\u0631 \u0627\u0644\u062c\u0645\u0644\u0629 \u0648\u0645\u0639\u0644\u0648\u0645\u0627\u062a \u0645\u0641\u0635\u0644\u0629 \u062d\u0648\u0644 \u0627\u062d\u062a\u064a\u0627\u062c\u0627\u062a\u0643\u0645 \u0645\u0646 \u0628\u0630\u0648\u0631 \u062f\u0648\u0627\u0631 \u0627\u0644\u0634\u0645\u0633 \u0648\u0627\u0644\u0645\u0643\u0633\u0631\u0627\u062a \u0627\u0644\u0623\u062e\u0631\u0649. \u0641\u0631\u064a\u0642 \u0627\u0644\u0645\u0628\u064a\u0639\u0627\u062a \u0644\u062f\u064a\u0646\u0627 \u062c\u0627\u0647\u0632 \u0644\u062a\u0642\u062f\u064a\u0645 \u0623\u0641\u0636\u0644 \u0627\u0644\u062d\u0644\u0648\u0644 \u0644\u0643\u0645.<\/p>","protected":false},"featured_media":10645,"comment_status":"closed","ping_status":"closed","template":"","meta":[],"product_brand":[],"product_cat":[15],"product_tag":[88,78,137,77,79],"class_list":{"0":"post-10622","1":"product","2":"type-product","3":"status-publish","4":"has-post-thumbnail","6":"product_cat-kuruyemisler","7":"product_tag-ay-cekirdegi","8":"product_tag-cerez","9":"product_tag-ic-ay-cekirdegi","10":"product_tag-kuruyemis","11":"product_tag-saglikli-atistirmalik","13":"first","14":"instock","15":"shipping-taxable","16":"product-type-simple"},"_links":{"self":[{"href":"https:\/\/destandisticaret.com\/ar\/wp-json\/wp\/v2\/product\/10622","targetHints":{"allow":["GET"]}}],"collection":[{"href":"https:\/\/destandisticaret.com\/ar\/wp-json\/wp\/v2\/product"}],"about":[{"href":"https:\/\/destandisticaret.com\/ar\/wp-json\/wp\/v2\/types\/product"}],"replies":[{"embeddable":true,"href":"https:\/\/destandisticaret.com\/ar\/wp-json\/wp\/v2\/comments?post=10622"}],"wp:featuredmedia":[{"embeddable":true,"href":"https:\/\/destandisticaret.com\/ar\/wp-json\/wp\/v2\/media\/10645"}],"wp:attachment":[{"href":"https:\/\/destandisticaret.com\/ar\/wp-json\/wp\/v2\/media?parent=10622"}],"wp:term":[{"taxonomy":"product_brand","embeddable":true,"href":"https:\/\/destandisticaret.com\/ar\/wp-json\/wp\/v2\/product_brand?post=10622"},{"taxonomy":"product_cat","embeddable":true,"href":"https:\/\/destandisticaret.com\/ar\/wp-json\/wp\/v2\/product_cat?post=10622"},{"taxonomy":"product_tag","embeddable":true,"href":"https:\/\/destandisticaret.com\/ar\/wp-json\/wp\/v2\/product_tag?post=10622"}],"curies":[{"name":"\u0648\u0648\u0631\u062f\u0628\u0631\u064a\u0633","href":"https:\/\/api.w.org\/{rel}","templated":true}]}}