{"id":10378,"date":"2025-04-16T07:48:19","date_gmt":"2025-04-16T07:48:19","guid":{"rendered":"https:\/\/destandisticaret.com\/?post_type=product&#038;p=10378"},"modified":"2025-12-30T10:52:45","modified_gmt":"2025-12-30T10:52:45","slug":"%d8%aa%d9%88%d8%aa-%d8%a8%d8%b1%d9%8a-2","status":"publish","type":"product","link":"https:\/\/destandisticaret.com\/ar\/product-2\/%d8%aa%d9%88%d8%aa-%d8%a8%d8%b1%d9%8a-2\/","title":{"rendered":"\u062a\u0648\u062a \u0628\u0631\u064a"},"content":{"rendered":"<p>\u064a\u064f\u0639\u0631\u0641 \u0623\u064a\u0636\u0627\u064b \u0628\u0627\u0633\u0645 &quot;\u0627\u0644\u062a\u0648\u062a \u0627\u0644\u0628\u0631\u064a&quot; \u0641\u064a \u0635\u0646\u0627\u0639\u0629 \u0627\u0644\u0623\u063a\u0630\u064a\u0629. <strong>\u062a\u0648\u062a \u0628\u0631\u064a<\/strong>, \u0628\u0641\u0636\u0644 \u0645\u0630\u0627\u0642\u0647 \u0627\u0644\u0644\u0627\u0630\u0639 \u0627\u0644\u0641\u0631\u064a\u062f \u0648\u0644\u0648\u0646\u0647 \u0627\u0644\u0623\u062d\u0645\u0631 \u0648\u0642\u064a\u0645\u062a\u0647 \u0627\u0644\u063a\u0630\u0627\u0626\u064a\u0629 \u0627\u0644\u0639\u0627\u0644\u064a\u0629\u060c \u0623\u0635\u0628\u062d \u0647\u0630\u0627 \u0627\u0644\u0645\u0646\u062a\u062c \u0645\u0646 \u0623\u0643\u062b\u0631 \u0627\u0644\u0641\u0648\u0627\u0643\u0647 \u0627\u0644\u0645\u062c\u0641\u0641\u0629 \u0634\u0639\u0628\u064a\u0629 \u0641\u064a \u0627\u0644\u0633\u0646\u0648\u0627\u062a \u0627\u0644\u0623\u062e\u064a\u0631\u0629. \u0648\u0644\u0647 \u0627\u0633\u062a\u062e\u062f\u0627\u0645\u0627\u062a \u0645\u062a\u0639\u062f\u062f\u0629\u060c \u0645\u0646 \u0635\u0646\u0627\u0639\u0629 \u0627\u0644\u062d\u0644\u0648\u064a\u0627\u062a \u0648\u0627\u0644\u0634\u0648\u0643\u0648\u0644\u0627\u062a\u0629 \u0625\u0644\u0649 \u062a\u063a\u0644\u064a\u0641 \u0627\u0644\u0645\u0643\u0633\u0631\u0627\u062a \u0648\u0645\u0637\u0627\u0628\u062e \u0627\u0644\u0641\u0646\u0627\u062f\u0642., <strong>\u062a\u0648\u062a \u0628\u0631\u064a \u0628\u0627\u0644\u062c\u0645\u0644\u0629<\/strong> \u064a\u0648\u0641\u0631 \u0630\u0644\u0643 \u0641\u0631\u0635\u0627\u064b \u0631\u0627\u0626\u0639\u0629 \u0644\u0644\u0634\u0631\u0643\u0627\u062a \u0641\u064a \u0639\u0645\u0644\u064a\u0627\u062a \u0627\u0644\u0634\u0631\u0627\u0621 \u0627\u0644\u062e\u0627\u0635\u0629 \u0628\u0647\u0627.<\/p>\n<p>\u0625\u0630\u0627 \u0643\u0646\u062a \u062a\u0628\u062d\u062b \u0639\u0646 \u062a\u0648\u062a \u0628\u0631\u064a \u0639\u0627\u0644\u064a \u0627\u0644\u062c\u0648\u062f\u0629 \u0648\u0637\u0627\u0632\u062c \u0648\u0628\u0623\u0633\u0639\u0627\u0631 \u0645\u0639\u0642\u0648\u0644\u0629 \u0628\u0643\u0645\u064a\u0627\u062a \u0643\u0628\u064a\u0631\u0629 \u0644\u0639\u0645\u0644\u0643\u060c \u0641\u0625\u0646 \u0639\u0645\u0644\u064a\u0629 \u0627\u0644\u062a\u0648\u0631\u064a\u062f \u0627\u0644\u0635\u062d\u064a\u062d\u0629 \u0633\u062a\u0624\u062b\u0631 \u0628\u0634\u0643\u0644 \u0645\u0628\u0627\u0634\u0631 \u0639\u0644\u0649 \u062c\u0648\u062f\u0629 \u0639\u0645\u0644\u0643.<\/p>\n<hr \/>\n<h2>\u0644\u0645\u0627\u0630\u0627 \u062a\u062e\u062a\u0627\u0631 \u0627\u0644\u062a\u0648\u062a \u0627\u0644\u0628\u0631\u064a \u0628\u0627\u0644\u062c\u0645\u0644\u0629\u061f<\/h2>\n<p>\u0628\u062f\u0644\u0627\u064b \u0645\u0646 \u062d\u0632\u0645 \u0627\u0644\u0628\u064a\u0639 \u0628\u0627\u0644\u062a\u062c\u0632\u0626\u0629 \u0644\u0644\u0634\u0631\u0643\u0627\u062a <strong>\u0627\u0644\u062d\u062c\u0645 \u0627\u0644\u0635\u0646\u0627\u0639\u064a (\u0627\u0644\u0643\u0645\u064a\u0627\u062a \u0627\u0644\u0643\u0628\u064a\u0631\u0629)<\/strong> \u064a\u064f\u0639\u062f \u0627\u0644\u0634\u0631\u0627\u0621 \u0627\u0644\u0637\u0631\u064a\u0642\u0629 \u0627\u0644\u0623\u0643\u062b\u0631 \u0641\u0639\u0627\u0644\u064a\u0629 \u0644\u062e\u0641\u0636 \u0627\u0644\u062a\u0643\u0627\u0644\u064a\u0641 \u0648\u062a\u0648\u062d\u064a\u062f \u062c\u0648\u062f\u0629 \u0627\u0644\u0645\u0646\u062a\u062c.<\/p>\n<ul>\n<li><strong>\u0645\u064a\u0632\u0629 \u0627\u0644\u062a\u0643\u0644\u0641\u0629:<\/strong> \u062a\u0624\u062f\u064a \u0639\u0645\u0644\u064a\u0627\u062a \u0627\u0644\u0634\u0631\u0627\u0621 \u0628\u0627\u0644\u062c\u0645\u0644\u0629 \u0625\u0644\u0649 \u062e\u0641\u0636 \u0633\u0639\u0631 \u0627\u0644\u0648\u062d\u062f\u0629 \u0644\u0643\u0644 \u0643\u064a\u0644\u0648\u063a\u0631\u0627\u0645 \u0628\u0634\u0643\u0644 \u0643\u0628\u064a\u0631.<\/li>\n<li><strong>\u0627\u0644\u0645\u062e\u0632\u0648\u0646 \u0627\u0644\u0645\u0633\u062a\u062f\u0627\u0645:<\/strong> \u064a\u064f\u0639\u062f \u0627\u0644\u062d\u0641\u0627\u0638 \u0639\u0644\u0649 \u0627\u0644\u0645\u062e\u0632\u0648\u0646 \u0623\u0645\u0631\u0627\u064b \u0636\u0631\u0648\u0631\u064a\u0627\u064b \u0644\u062a\u062c\u0646\u0628 \u0627\u0646\u0642\u0637\u0627\u0639\u0627\u062a \u0627\u0644\u0645\u0646\u062a\u062c\u0627\u062a \u0641\u064a \u062e\u0637 \u0627\u0644\u0625\u0646\u062a\u0627\u062c \u0623\u0648 \u0639\u0644\u0649 \u0627\u0644\u0631\u0641\u0648\u0641.<\/li>\n<li><strong>\u062a\u0646\u0648\u0639:<\/strong> \u0639\u0646\u062f \u0627\u0644\u0634\u0631\u0627\u0621 \u0628\u0643\u0645\u064a\u0627\u062a \u0643\u0628\u064a\u0631\u0629\u060c \u064a\u0635\u0628\u062d \u0645\u0646 \u0627\u0644\u0623\u0633\u0647\u0644 \u0627\u0644\u062d\u0635\u0648\u0644 \u0639\u0644\u0649 \u0623\u0646\u0648\u0627\u0639 \u0645\u062e\u062a\u0644\u0641\u0629 \u0645\u062b\u0644 \u0627\u0644\u0643\u0627\u0645\u0644\u0629\u060c \u0648\u0627\u0644\u0645\u0642\u0637\u0639\u0629\u060c \u0648\u0627\u0644\u0645\u062d\u0644\u0627\u0629 \u0628\u0627\u0644\u0633\u0643\u0631 \u0627\u0644\u0645\u0636\u0627\u0641\u060c \u0623\u0648 \u0627\u0644\u0645\u062d\u0644\u0627\u0629 \u0628\u0639\u0635\u064a\u0631 \u0627\u0644\u062a\u0641\u0627\u062d.<\/li>\n<\/ul>\n<hr \/>\n<h2>\u0627\u0644\u0627\u0633\u062a\u062e\u062f\u0627\u0645\u0627\u062a \u0627\u0644\u0642\u0637\u0627\u0639\u064a\u0629 \u0644\u0644\u062a\u0648\u062a \u0627\u0644\u0628\u0631\u064a<\/h2>\n<p><strong>\u062a\u0648\u062a \u0628\u0631\u064a \u0628\u0627\u0644\u062c\u0645\u0644\u0629<\/strong> \u0644\u0627 \u064a\u0642\u062a\u0635\u0631 \u0627\u0644\u0637\u0644\u0628 \u0639\u0644\u0649 \u0645\u062d\u0644\u0627\u062a \u0628\u064a\u0639 \u0627\u0644\u0645\u0643\u0633\u0631\u0627\u062a \u0641\u0642\u0637. \u0625\u0644\u064a\u0643\u0645 \u0627\u0644\u0642\u0637\u0627\u0639\u0627\u062a \u0627\u0644\u062a\u064a \u062a\u0634\u0647\u062f \u0623\u0639\u0644\u0649 \u0645\u0639\u062f\u0644\u0627\u062a \u0627\u0633\u062a\u0647\u0644\u0627\u0643 \u0644\u0647\u0630\u0627 \u0627\u0644\u0645\u0646\u062a\u062c \u0648\u0643\u064a\u0641\u064a\u0629 \u0627\u0633\u062a\u062e\u062f\u0627\u0645\u0647:<\/p>\n<h3>1. \u0627\u0644\u0645\u0639\u062c\u0646\u0627\u062a \u0648\u0627\u0644\u0645\u062e\u0628\u0648\u0632\u0627\u062a<\/h3>\n<p>\u064a\u064f\u0639\u062f\u0651 \u0627\u0644\u062a\u0648\u062a \u0627\u0644\u0628\u0631\u064a \u0628\u062f\u064a\u0644\u0627\u064b \u0639\u0635\u0631\u064a\u0627\u064b \u0648\u0641\u0627\u062e\u0631\u0627\u064b \u0644\u0644\u0632\u0628\u064a\u0628 \u0641\u064a \u0635\u0646\u0627\u0639\u0629 \u0627\u0644\u0643\u0639\u0643 \u0648\u0627\u0644\u0628\u0633\u0643\u0648\u064a\u062a \u0648\u0627\u0644\u062e\u0628\u0632 \u0648\u0627\u0644\u0645\u0627\u0641\u0646. \u0648\u0628\u0641\u0636\u0644 \u062e\u0635\u0627\u0626\u0635\u0647 \u0627\u0644\u0645\u0642\u0627\u0648\u0645\u0629 \u0644\u0644\u062d\u0631\u0627\u0631\u0629\u060c \u0641\u0625\u0646\u0647 \u064a\u062d\u0627\u0641\u0638 \u0639\u0644\u0649 \u0634\u0643\u0644\u0647 \u0648\u0646\u0643\u0647\u062a\u0647 \u0623\u062b\u0646\u0627\u0621 \u0627\u0644\u062e\u0628\u0632.<\/p>\n<h3>2. \u062a\u063a\u0644\u064a\u0641 \u0627\u0644\u0645\u0643\u0633\u0631\u0627\u062a \u0648\u0627\u0644\u0648\u062c\u0628\u0627\u062a \u0627\u0644\u062e\u0641\u064a\u0641\u0629<\/h3>\n<p>\u0627\u0644\u0644\u0648\u0632 \u0627\u0644\u0646\u064a\u0621 \u0648\u0627\u0644\u0643\u0627\u062c\u0648 \u0648\u0627\u0644\u0628\u0646\u062f\u0642 \u0648\u0627\u0644\u062c\u0648\u0632 \u0645\u0643\u0648\u0646\u0627\u062a \u0644\u0627 \u063a\u0646\u0649 \u0639\u0646\u0647\u0627 \u0641\u064a \u062e\u0644\u0637\u0627\u062a &quot;\u0627\u0644\u0643\u0648\u0643\u062a\u064a\u0644 \u0627\u0644\u0641\u0627\u062e\u0631&quot;. \u0641\u0647\u064a \u062a\u0636\u0641\u064a \u0644\u0648\u0646\u0627\u064b \u0648\u062d\u0645\u0648\u0636\u0629 \u0639\u0644\u0649 \u0639\u0628\u0648\u0627\u062a \u0627\u0644\u0645\u0643\u0633\u0631\u0627\u062a \u0627\u0644\u0645\u062e\u062a\u0644\u0637\u0629\u060c \u0645\u0645\u0627 \u064a\u0648\u0627\u0632\u0646 \u0627\u0644\u0646\u0643\u0647\u0627\u062a.<\/p>\n<h3>3. \u0635\u0646\u0627\u0639\u0629 \u0627\u0644\u0634\u0648\u0643\u0648\u0644\u0627\u062a\u0629 \u0648\u0627\u0644\u062d\u0644\u0648\u064a\u0627\u062a<\/h3>\n<p>\u064a\u064f\u0633\u062a\u062e\u062f\u0645 \u0641\u064a \u0635\u0646\u0627\u0639\u0629 \u0627\u0644\u062d\u0644\u0648\u0649 \u0627\u0644\u0645\u063a\u0644\u0641\u0629 \u0623\u0648 \u0643\u062d\u0634\u0648\u0629 \u0641\u064a \u0623\u0644\u0648\u0627\u062d \u0627\u0644\u0634\u0648\u0643\u0648\u0644\u0627\u062a\u0629. \u0645\u0630\u0627\u0642\u0647 \u0627\u0644\u062d\u0644\u0648 \u0648\u0627\u0644\u062d\u0627\u0645\u0636 \u064a\u062c\u0639\u0644 \u0627\u0644\u062a\u0648\u062a \u0627\u0644\u0628\u0631\u064a \u062c\u0630\u0627\u0628\u064b\u0627 \u0644\u0645\u0635\u0646\u0639\u064a \u0627\u0644\u0634\u0648\u0643\u0648\u0644\u0627\u062a\u0629.<\/p>\n<h3>4. \u0647\u0648\u0631\u064a\u0643\u0627 (\u0641\u0646\u062f\u0642\u060c \u0645\u0637\u0639\u0645\u060c \u0645\u0642\u0647\u0649)<\/h3>\n<p>\u0625\u0646\u0647 \u0645\u0643\u0648\u0646 \u0645\u0641\u0636\u0644 \u0644\u062f\u0649 \u0627\u0644\u0637\u0647\u0627\u0629 \u0641\u064a \u0648\u062c\u0628\u0627\u062a \u0627\u0644\u0625\u0641\u0637\u0627\u0631 \u0627\u0644\u0628\u0648\u0641\u064a\u0647\u060c \u0648\u0623\u0644\u0648\u0627\u062d \u0627\u0644\u062c\u0631\u0627\u0646\u0648\u0644\u0627\/\u0627\u0644\u0645\u0648\u0633\u0644\u064a\u060c \u0648\u0628\u0648\u0641\u064a\u0647\u0627\u062a \u0627\u0644\u0633\u0644\u0637\u0629\u060c \u0648\u0635\u0646\u0639 \u0627\u0644\u0635\u0644\u0635\u0627\u062a \u0627\u0644\u062e\u0627\u0635\u0629.<\/p>\n<hr \/>\n<h2>\u0643\u064a\u0641\u064a\u0629 \u0627\u0644\u062a\u0639\u0631\u0641 \u0639\u0644\u0649 \u0627\u0644\u062a\u0648\u062a \u0627\u0644\u0628\u0631\u064a \u0639\u0627\u0644\u064a \u0627\u0644\u062c\u0648\u062f\u0629\u061f<\/h2>\n<p>\u0641\u064a\u0645\u0627 \u064a\u0644\u064a \u0645\u0639\u0627\u064a\u064a\u0631 \u0627\u0644\u062c\u0648\u062f\u0629 \u0627\u0644\u062a\u064a \u064a\u062c\u0628 \u0645\u0631\u0627\u0639\u0627\u062a\u0647\u0627 \u0639\u0646\u062f \u0625\u062c\u0631\u0627\u0621 \u0639\u0645\u0644\u064a\u0627\u062a \u0627\u0644\u0634\u0631\u0627\u0621 \u0628\u0627\u0644\u062c\u0645\u0644\u0629:<\/p>\n<blockquote><p><strong>\u0645\u0633\u062a\u0648\u0649 \u0627\u0644\u0631\u0637\u0648\u0628\u0629:<\/strong> \u064a\u062c\u0628 \u0623\u0646 \u064a\u0643\u0648\u0646 \u0627\u0644\u062a\u0648\u062a \u0627\u0644\u0628\u0631\u064a\u060c \u0628\u0645\u062d\u062a\u0648\u0627\u0647 \u0627\u0644\u0645\u062b\u0627\u0644\u064a \u0645\u0646 \u0627\u0644\u0631\u0637\u0648\u0628\u0629\u060c \u0644\u064a\u0633 \u0642\u0627\u0633\u064a\u0627\u064b \u062c\u062f\u0627\u064b \u0648\u0644\u0627 \u0637\u0631\u064a\u0627\u064b \u062c\u062f\u0627\u064b. \u0628\u0644 \u064a\u062c\u0628 \u0623\u0646 \u064a\u0643\u0648\u0646 \u0645\u062a\u0645\u0627\u0633\u0643\u0627\u064b \u0648\u0646\u0627\u0639\u0645\u0627\u064b \u0645\u0639 \u0642\u0648\u0627\u0645 \u0645\u062a\u0645\u0627\u0633\u0643.<\/p><\/blockquote>\n<blockquote><p><strong>\u0627\u0644\u0644\u0648\u0646 \u0648\u0627\u0644\u0645\u0642\u0627\u0633:<\/strong> \u064a\u062c\u0628 \u0623\u0646 \u064a\u0643\u0648\u0646 \u0644\u0648\u0646\u0647\u0627 \u0623\u062d\u0645\u0631\/\u0639\u0646\u0627\u0628\u064a \u0632\u0627\u0647\u064a\u0627\u064b \u0648\u063a\u064a\u0631 \u0628\u0627\u0647\u062a. \u0628\u0646\u0627\u0621\u064b \u0639\u0644\u0649 \u0627\u0644\u0627\u0633\u062a\u062e\u062f\u0627\u0645 \u0627\u0644\u0645\u0642\u0635\u0648\u062f\u060c \u064a\u062c\u0628 \u0627\u062e\u062a\u064a\u0627\u0631 \u0625\u0645\u0627 &quot;\u0643\u0627\u0645\u0644\u0629&quot; \u0623\u0648 &quot;\u0645\u0642\u0637\u0639\u0629&quot;.<\/p><\/blockquote>\n<blockquote><p><strong>\u0623\u0635\u0644:<\/strong> \u062a\u0647\u064a\u0645\u0646 \u0627\u0644\u0645\u0646\u062a\u062c\u0627\u062a \u0627\u0644\u0642\u0627\u062f\u0645\u0629 \u0645\u0646 \u0627\u0644\u0648\u0644\u0627\u064a\u0627\u062a \u0627\u0644\u0645\u062a\u062d\u062f\u0629 \u0627\u0644\u0623\u0645\u0631\u064a\u0643\u064a\u0629 \u0623\u0648 \u0643\u0646\u062f\u0627 \u0623\u0648 \u062a\u0634\u064a\u0644\u064a \u0639\u0645\u0648\u0645\u0627\u064b \u0639\u0644\u0649 \u0627\u0644\u0633\u0648\u0642. \u0648\u064a\u064f\u0639\u062f\u0651 \u0645\u0646\u0634\u0623 \u0627\u0644\u0645\u0646\u062a\u062c \u0648\u0633\u0646\u0629 \u062d\u0635\u0627\u062f\u0647 \u0627\u0644\u0639\u0627\u0645\u0644\u064a\u0646 \u0627\u0644\u0631\u0626\u064a\u0633\u064a\u064a\u0646 \u0627\u0644\u0644\u0630\u064a\u0646 \u064a\u062d\u062f\u062f\u0627\u0646 \u0645\u062f\u0649 \u0646\u0636\u0627\u0631\u062a\u0647.<\/p><\/blockquote>\n<hr \/>\n<h2>\u0623\u062f\u0627\u0629 \u062a\u0633\u0648\u064a\u0642\u064a\u0629 \u0641\u0639\u0627\u0644\u0629 \u0644\u0639\u0645\u0644\u0643<\/h2>\n<p>\u064a\u064f\u0639\u0632\u0632 \u0627\u0633\u062a\u062e\u062f\u0627\u0645 \u0627\u0644\u062a\u0648\u062a \u0627\u0644\u0628\u0631\u064a \u0641\u064a \u0627\u0644\u0645\u0646\u062a\u062c\u0627\u062a \u0627\u0644\u062a\u064a \u062a\u0642\u062f\u0645\u0647\u0627 \u0641\u0643\u0631\u0629 \u0623\u0646\u0647\u0627 &quot;\u0645\u0646\u062a\u062c\u0627\u062a \u0635\u062d\u064a\u0629&quot;. \u064a\u0645\u0643\u0646\u0643 \u062a\u0633\u0644\u064a\u0637 \u0627\u0644\u0636\u0648\u0621 \u0639\u0644\u0649 \u0627\u0644\u0641\u0648\u0627\u0626\u062f \u0627\u0644\u062a\u0627\u0644\u064a\u0629 \u0644\u0639\u0645\u0644\u0627\u0626\u0643:<\/p>\n<ul>\n<li>\u0642\u0648\u064a <strong>\u0645\u0636\u0627\u062f\u0627\u062a \u0627\u0644\u0623\u0643\u0633\u062f\u0629<\/strong> \u0625\u0646\u0647 \u0627\u0644\u0645\u0635\u062f\u0631.<\/li>\n<li>\u0648\u0647\u0648 \u063a\u0646\u064a \u0628\u0641\u064a\u062a\u0627\u0645\u064a\u0646 \u0633\u064a \u0648\u0627\u0644\u0623\u0644\u064a\u0627\u0641.<\/li>\n<li>\u0625\u0646\u0647 \u0645\u0635\u062f\u0631 \u0637\u0627\u0642\u0629 \u0637\u0628\u064a\u0639\u064a.<\/li>\n<\/ul>\n<h3>\u0637\u0644\u0628\u0627\u062a \u0627\u0644\u062c\u0645\u0644\u0629 \u0648\u0627\u0644\u062a\u0633\u0639\u064a\u0631<\/h3>\n<p><strong>\u0623\u0633\u0639\u0627\u0631 \u0627\u0644\u062c\u0645\u0644\u0629 \u0644\u0644\u062a\u0648\u062a \u0627\u0644\u0628\u0631\u064a<\/strong>; \u062a\u062e\u062a\u0644\u0641 \u0627\u0644\u0623\u0633\u0639\u0627\u0631 \u062a\u0628\u0639\u064b\u0627 \u0644\u0633\u0639\u0631 \u0627\u0644\u0635\u0631\u0641\u060c \u0648\u0645\u0646\u0634\u0623 \u0627\u0644\u0645\u0646\u062a\u062c\u060c \u0648\u062d\u062c\u0645\u0647\u060c \u0648\u0643\u0645\u064a\u0629 \u0627\u0644\u0637\u0644\u0628 (\u0639\u0628\u0648\u0627\u062a\/\u0645\u0646\u0635\u0627\u062a \u0646\u0642\u0627\u0644\u0629). \u0644\u062a\u062d\u062f\u064a\u062f \u0627\u0644\u0645\u0646\u062a\u062c \u0627\u0644\u0623\u0646\u0633\u0628 (\u0645\u0642\u0637\u0639\u064b\u0627 \u0623\u0648 \u0643\u0627\u0645\u0644\u064b\u0627) \u0644\u0627\u062d\u062a\u064a\u0627\u062c\u0627\u062a \u0639\u0645\u0644\u0643\u060c \u0648\u0644\u0644\u062d\u0635\u0648\u0644 \u0639\u0644\u0649 \u0639\u0631\u0636 \u0633\u0639\u0631 \u0645\u062d\u062f\u0651\u062b\u060c \u0646\u0646\u0635\u062d\u0643 \u0628\u0627\u0644\u062a\u0648\u0627\u0635\u0644 \u0645\u0639\u0646\u0627.<\/p>","protected":false},"excerpt":{"rendered":"<p>\u064a\u062d\u062a\u0648\u064a \u0627\u0644\u062a\u0648\u062a \u0627\u0644\u0628\u0631\u064a \u0639\u0644\u0649 \u0641\u064a\u062a\u0627\u0645\u064a\u0646\u0627\u062a \u0623 \u0648 \u062c\u060c \u0648\u0633\u0643\u0631\u064a\u0627\u062a \u0645\u0641\u064a\u062f\u0629\u060c \u0648\u0623\u062d\u0645\u0627\u0636 \u0639\u0636\u0648\u064a\u0629\u060c \u0648\u062a\u0627\u0646\u064a\u0646\u0627\u062a\u060c \u0648\u0628\u0643\u062a\u064a\u0646. \u064a\u064f\u062d\u0635\u062f \u0627\u0644\u062a\u0648\u062a \u0627\u0644\u0628\u0631\u064a \u0641\u064a \u0634\u0647\u0631 \u064a\u0648\u0644\u064a\u0648 \u0648\u064a\u064f\u062c\u0641\u0641 \u062a\u062d\u062a \u0623\u0634\u0639\u0629 \u0627\u0644\u0634\u0645\u0633.<\/p>\n<p>\u064a\u062a\u0645 \u062a\u0639\u0628\u0626\u0629 \u0627\u0644\u062a\u0648\u062a \u0627\u0644\u0628\u0631\u064a \u0627\u0644\u0645\u062c\u0641\u0641\u060c \u0627\u0644\u0630\u064a \u062a\u0645 \u062a\u0642\u064a\u064a\u0645\u0647 \u0645\u0646 \u0642\u0628\u0644 \u062e\u0628\u0631\u0627\u0621 \u0634\u0631\u0643\u0629 \u015e\u00fck\u00fcr Kuruyemi\u015f \u0630\u0648\u064a \u0627\u0644\u062e\u0628\u0631\u0629\u060c \u0641\u064a \u0645\u0646\u0634\u0622\u062a\u0646\u0627 \u0648\u062a\u0648\u0632\u064a\u0639\u0647 \u0641\u064a \u062c\u0645\u064a\u0639 \u0623\u0646\u062d\u0627\u0621 \u062a\u0631\u0643\u064a\u0627.<\/p>","protected":false},"featured_media":10619,"comment_status":"closed","ping_status":"closed","template":"","meta":[],"product_brand":[],"product_cat":[15,92],"product_tag":[99,174,98,97,95,100,173],"class_list":{"0":"post-10378","1":"product","2":"type-product","3":"status-publish","4":"has-post-thumbnail","6":"product_cat-kuruyemisler","7":"product_cat-ithalat-urunleri","8":"product_tag-buruk-meyve","9":"product_tag-cranberry-2","10":"product_tag-eksi-meyve","11":"product_tag-kirmizi-meyve","12":"product_tag-kizilcik","13":"product_tag-orman-meyvesi","14":"product_tag-turna-yemisi","16":"first","17":"instock","18":"shipping-taxable","19":"product-type-simple"},"_links":{"self":[{"href":"https:\/\/destandisticaret.com\/ar\/wp-json\/wp\/v2\/product\/10378","targetHints":{"allow":["GET"]}}],"collection":[{"href":"https:\/\/destandisticaret.com\/ar\/wp-json\/wp\/v2\/product"}],"about":[{"href":"https:\/\/destandisticaret.com\/ar\/wp-json\/wp\/v2\/types\/product"}],"replies":[{"embeddable":true,"href":"https:\/\/destandisticaret.com\/ar\/wp-json\/wp\/v2\/comments?post=10378"}],"wp:featuredmedia":[{"embeddable":true,"href":"https:\/\/destandisticaret.com\/ar\/wp-json\/wp\/v2\/media\/10619"}],"wp:attachment":[{"href":"https:\/\/destandisticaret.com\/ar\/wp-json\/wp\/v2\/media?parent=10378"}],"wp:term":[{"taxonomy":"product_brand","embeddable":true,"href":"https:\/\/destandisticaret.com\/ar\/wp-json\/wp\/v2\/product_brand?post=10378"},{"taxonomy":"product_cat","embeddable":true,"href":"https:\/\/destandisticaret.com\/ar\/wp-json\/wp\/v2\/product_cat?post=10378"},{"taxonomy":"product_tag","embeddable":true,"href":"https:\/\/destandisticaret.com\/ar\/wp-json\/wp\/v2\/product_tag?post=10378"}],"curies":[{"name":"\u0648\u0648\u0631\u062f\u0628\u0631\u064a\u0633","href":"https:\/\/api.w.org\/{rel}","templated":true}]}}