{"id":10374,"date":"2025-04-16T07:43:42","date_gmt":"2025-04-16T07:43:42","guid":{"rendered":"https:\/\/destandisticaret.com\/?post_type=product&#038;p=10374"},"modified":"2025-11-20T05:34:26","modified_gmt":"2025-11-20T05:34:26","slug":"%d8%a7%d9%84%d8%aa%d9%88%d8%aa","status":"publish","type":"product","link":"https:\/\/destandisticaret.com\/ar\/product-2\/%d8%a7%d9%84%d8%aa%d9%88%d8%aa\/","title":{"rendered":"\u0627\u0644\u062a\u0648\u062a \u0627\u0644\u0645\u062c\u0641\u0641"},"content":{"rendered":"<p>\u0627\u0644\u062a\u0648\u062a \u063a\u0646\u064a\u064c\u0651 \u0628\u0627\u0644\u062d\u062f\u064a\u062f\u060c \u0641\u0647\u0648 \u064a\u064f\u0646\u0638\u0651\u0645 \u062a\u062f\u0641\u0642 \u0627\u0644\u062f\u0645 \u0648\u064a\u064f\u0639\u062f\u0651 \u0639\u0644\u0627\u062c\u064b\u0627 \u0637\u0628\u064a\u0639\u064a\u064b\u0627 \u0644\u0641\u0642\u0631 \u0627\u0644\u062f\u0645. \u0643\u0645\u0627 \u0623\u0646\u0647 \u063a\u0646\u064a\u064c\u0651 \u0628\u0627\u0644\u0643\u0627\u0644\u0633\u064a\u0648\u0645 \u0648\u0641\u064a\u062a\u0627\u0645\u064a\u0646\u064a \u06281 \u0648\u06282.<\/p>\n<p>\u064a\u062a\u0645 \u0627\u062e\u062a\u064a\u0627\u0631 \u0627\u0644\u062a\u0648\u062a \u0627\u0644\u0645\u062c\u0641\u0641\u060c \u0648\u0647\u0648 \u0646\u0628\u0627\u062a \u0645\u063a\u0630\u064a \u063a\u0646\u064a \u0645\u0646 \u062a\u0631\u0628\u0629 \u0627\u0644\u0623\u0646\u0627\u0636\u0648\u0644\u060c \u0628\u0639\u0646\u0627\u064a\u0629 \u0645\u0646 \u0642\u0628\u0644 \u062e\u0628\u0631\u0627\u0621 \u015e\u00fck\u00fcr Kuruyemi\u015f \u0648\u062a\u0642\u062f\u064a\u0645\u0647 \u0644\u0644\u0639\u0627\u0644\u0645.<\/p>","protected":false},"excerpt":{"rendered":"<p>\u0627\u0644\u062a\u0648\u062a \u063a\u0646\u064a\u064c\u0651 \u0628\u0627\u0644\u062d\u062f\u064a\u062f\u060c \u0641\u0647\u0648 \u064a\u064f\u0646\u0638\u0651\u0645 \u062a\u062f\u0641\u0642 \u0627\u0644\u062f\u0645 \u0648\u064a\u064f\u0639\u062f\u0651 \u0639\u0644\u0627\u062c\u064b\u0627 \u0637\u0628\u064a\u0639\u064a\u064b\u0627 \u0644\u0641\u0642\u0631 \u0627\u0644\u062f\u0645. \u0643\u0645\u0627 \u0623\u0646\u0647 \u063a\u0646\u064a\u064c\u0651 \u0628\u0627\u0644\u0643\u0627\u0644\u0633\u064a\u0648\u0645 \u0648\u0641\u064a\u062a\u0627\u0645\u064a\u0646\u064a \u06281 \u0648\u06282.<\/p>\n<p>\u064a\u062a\u0645 \u0627\u062e\u062a\u064a\u0627\u0631 \u0627\u0644\u062a\u0648\u062a \u0627\u0644\u0645\u062c\u0641\u0641\u060c \u0648\u0647\u0648 \u0646\u0628\u0627\u062a \u0645\u063a\u0630\u064a \u063a\u0646\u064a \u0645\u0646 \u062a\u0631\u0628\u0629 \u0627\u0644\u0623\u0646\u0627\u0636\u0648\u0644\u060c \u0628\u0639\u0646\u0627\u064a\u0629 \u0645\u0646 \u0642\u0628\u0644 \u062e\u0628\u0631\u0627\u0621 \u015e\u00fck\u00fcr Kuruyemi\u015f \u0648\u062a\u0642\u062f\u064a\u0645\u0647 \u0644\u0644\u0639\u0627\u0644\u0645.<\/p>","protected":false},"featured_media":10389,"comment_status":"closed","ping_status":"closed","template":"","meta":[],"product_brand":[],"product_cat":[91],"product_tag":[117,121,122,118,119,115,107,116,79,120],"class_list":{"0":"post-10374","1":"product","2":"type-product","3":"status-publish","4":"has-post-thumbnail","6":"product_cat-kurutulmus-meyveler","7":"product_tag-beyaz-kuru-dut","8":"product_tag-dogal-kuru-dut","9":"product_tag-dut-kurusu","10":"product_tag-kara-kuru-dut","11":"product_tag-kirmizi-kuru-dut","12":"product_tag-kuru-dut","13":"product_tag-kuru-meyve","14":"product_tag-kurutulmus-dut","15":"product_tag-saglikli-atistirmalik","16":"product_tag-tatli-kuru-dut","18":"first","19":"instock","20":"shipping-taxable","21":"product-type-simple"},"_links":{"self":[{"href":"https:\/\/destandisticaret.com\/ar\/wp-json\/wp\/v2\/product\/10374","targetHints":{"allow":["GET"]}}],"collection":[{"href":"https:\/\/destandisticaret.com\/ar\/wp-json\/wp\/v2\/product"}],"about":[{"href":"https:\/\/destandisticaret.com\/ar\/wp-json\/wp\/v2\/types\/product"}],"replies":[{"embeddable":true,"href":"https:\/\/destandisticaret.com\/ar\/wp-json\/wp\/v2\/comments?post=10374"}],"wp:featuredmedia":[{"embeddable":true,"href":"https:\/\/destandisticaret.com\/ar\/wp-json\/wp\/v2\/media\/10389"}],"wp:attachment":[{"href":"https:\/\/destandisticaret.com\/ar\/wp-json\/wp\/v2\/media?parent=10374"}],"wp:term":[{"taxonomy":"product_brand","embeddable":true,"href":"https:\/\/destandisticaret.com\/ar\/wp-json\/wp\/v2\/product_brand?post=10374"},{"taxonomy":"product_cat","embeddable":true,"href":"https:\/\/destandisticaret.com\/ar\/wp-json\/wp\/v2\/product_cat?post=10374"},{"taxonomy":"product_tag","embeddable":true,"href":"https:\/\/destandisticaret.com\/ar\/wp-json\/wp\/v2\/product_tag?post=10374"}],"curies":[{"name":"\u0648\u0648\u0631\u062f\u0628\u0631\u064a\u0633","href":"https:\/\/api.w.org\/{rel}","templated":true}]}}