{"id":10061,"date":"2025-04-09T10:30:16","date_gmt":"2025-04-09T10:30:16","guid":{"rendered":"https:\/\/destandisticaret.com\/?post_type=product&#038;p=10061"},"modified":"2025-11-20T05:35:15","modified_gmt":"2025-11-20T05:35:15","slug":"%d8%a7%d9%84%d9%81%d8%b3%d8%aa%d9%82","status":"publish","type":"product","link":"https:\/\/destandisticaret.com\/ar\/product-2\/%d8%a7%d9%84%d9%81%d8%b3%d8%aa%d9%82\/","title":{"rendered":"\u0627\u0644\u0641\u0633\u062a\u0642"},"content":{"rendered":"<p>\u0623\u062b\u0631\u064a \u0625\u0628\u062f\u0627\u0639\u0627\u062a\u0643 \u0641\u064a \u0627\u0644\u0637\u0647\u064a \u0628\u0627\u0644\u0641\u0633\u062a\u0642 \u0627\u0644\u062d\u0644\u0628\u064a \u0639\u0627\u0644\u064a \u0627\u0644\u062c\u0648\u062f\u0629\u061b \u0648\u0647\u0648 \u0645\u0643\u0648\u0651\u0646 \u0645\u062a\u0637\u0648\u0631 \u0648\u0645\u062a\u0639\u062f\u062f \u0627\u0644\u0627\u0633\u062a\u062e\u062f\u0627\u0645\u0627\u062a \u0645\u062d\u0628\u0648\u0628 \u0641\u064a \u0627\u0644\u0645\u0637\u0627\u0628\u062e \u0627\u0644\u0627\u062d\u062a\u0631\u0627\u0641\u064a\u0629 \u0644\u0631\u0627\u0626\u062d\u062a\u0647 \u0627\u0644\u0631\u0627\u0626\u0639\u0629 \u0648\u0623\u0644\u0648\u0627\u0646\u0647 \u0627\u0644\u0646\u0627\u0628\u0636\u0629 \u0628\u0627\u0644\u062d\u064a\u0627\u0629 \u0648\u0642\u0631\u0645\u0634\u062a\u0647 \u0627\u0644\u0645\u064f\u0631\u0636\u064a\u0629. \u064a\u0642\u062f\u0651\u0631 \u0627\u0644\u0637\u0647\u0627\u0629 \u0625\u0645\u0643\u0627\u0646\u064a\u0629 \u0627\u0633\u062a\u062e\u062f\u0627\u0645\u0647 \u0643\u0627\u0645\u0644\u0627\u064b \u0623\u0648 \u0645\u0641\u0631\u0648\u0645\u0627\u064b \u0623\u0648 \u0645\u062d\u0645\u0635\u0627\u064b \u0623\u0648 \u0645\u0639\u062c\u0648\u0646\u0627\u064b \u0643\u0631\u064a\u0645\u064a\u0627\u064b\u060c \u0645\u0645\u0627 \u064a\u0648\u0641\u0631 \u0625\u0645\u0643\u0627\u0646\u064a\u0627\u062a \u0644\u0627 \u062d\u0635\u0631 \u0644\u0647\u0627 \u0644\u062a\u0637\u0648\u064a\u0631 \u0642\u0627\u0626\u0645\u0629 \u0627\u0644\u0637\u0639\u0627\u0645 \u0627\u0644\u0625\u0628\u062f\u0627\u0639\u064a\u0629 \u0648\u062a\u0644\u0628\u064a\u0629 \u0627\u0644\u0623\u0630\u0648\u0627\u0642 \u0627\u0644\u0645\u0645\u064a\u0632\u0629.<\/p>\n<p>\u0645\u0643\u0633\u0631\u0627\u062a \u015e\u00fck\u00fcr \u0644\u0644\u0645\u0634\u062a\u0631\u064a\u0646 \u0628\u0627\u0644\u062c\u0645\u0644\u0629 <strong>\u0627\u0644\u0641\u0633\u062a\u0642<\/strong>, \u062a\u062a\u0645\u064a\u0632 \u0628\u062c\u0648\u062f\u0629 \u062b\u0627\u0628\u062a\u0629 \u0648\u0645\u062f\u0629 \u0635\u0644\u0627\u062d\u064a\u0629 \u0637\u0648\u064a\u0644\u0629\u060c \u0645\u0645\u0627 \u064a\u062c\u0639\u0644\u0647\u0627 \u0645\u062b\u0627\u0644\u064a\u0629 \u0644\u0644\u0639\u0645\u0644\u064a\u0627\u062a \u0648\u0627\u0633\u0639\u0629 \u0627\u0644\u0646\u0637\u0627\u0642. \u0628\u0641\u0636\u0644 \u062a\u0648\u0631\u064a\u062f\u0647\u0627 \u0627\u0644\u0645\u0648\u062b\u0648\u0642\u060c \u0648\u062d\u062c\u0645\u0647\u0627 \u0627\u0644\u0645\u0648\u062d\u062f\u060c \u0648\u062c\u0648\u062f\u062a\u0647\u0627 \u0627\u0644\u0645\u0645\u062a\u0627\u0632\u0629\u060c \u064a\u0633\u0647\u0644 \u0627\u0633\u062a\u062e\u062f\u0627\u0645\u0647\u0627 \u0641\u064a \u062a\u0637\u0628\u064a\u0642\u0627\u062a \u0627\u0644\u0645\u0637\u0627\u0628\u062e \u0648\u0627\u0633\u0639\u0629 \u0627\u0644\u0646\u0637\u0627\u0642 \u0648\u0639\u0645\u0644\u064a\u0627\u062a \u0625\u0646\u062a\u0627\u062c \u0627\u0644\u0623\u063a\u0630\u064a\u0629. \u0633\u0648\u0627\u0621 \u0643\u0646\u062a \u062a\u064f\u062d\u0636\u0651\u0631 \u062f\u0647\u0646\u064b\u0627 \u0628\u0627\u0644\u0641\u0633\u062a\u0642 \u0627\u0644\u062d\u0644\u0628\u064a\u060c \u0623\u0648 \u062e\u0644\u0637\u0627\u062a \u0644\u0644\u0648\u062c\u0628\u0627\u062a \u0627\u0644\u062e\u0641\u064a\u0641\u0629\u060c \u0623\u0648 \u062a\u064f\u0636\u064a\u0641\u0647 \u0625\u0644\u0649 \u0627\u0644\u0622\u064a\u0633 \u0643\u0631\u064a\u0645\u060c \u0641\u0625\u0646 \u015e\u00fck\u00fcr Kuruyemi\u015f <strong>\u0627\u0644\u0641\u0633\u062a\u0642<\/strong>\u064a\u0648\u0641\u0631 \u0627\u0644\u0627\u062a\u0633\u0627\u0642 \u0648\u0627\u0644\u0642\u064a\u0645\u0629 \u0627\u0644\u063a\u0630\u0627\u0626\u064a\u0629 \u0627\u0644\u062a\u064a \u062a\u0644\u0628\u064a \u0645\u062a\u0637\u0644\u0628\u0627\u062a \u0627\u0644\u0625\u0646\u062a\u0627\u062c \u0627\u0644\u0631\u0627\u0642\u064a \u0648\u0627\u0644\u0648\u0627\u0633\u0639 \u0627\u0644\u0646\u0637\u0627\u0642.<\/p>","protected":false},"excerpt":{"rendered":"<p>\u0644\u0645\u0634\u062a\u0631\u064a \u0627\u0644\u062c\u0645\u0644\u0629\u060c \u064a\u062a\u0645\u064a\u0632 \u0641\u0633\u062a\u0642 &quot;\u0634\u0648\u0643\u0648\u0631 \u0643\u0648\u0631\u0648\u064a\u064a\u0645\u064a\u0634 \u0623\u0646\u062a\u0627\u0628&quot; \u0628\u062c\u0648\u062f\u0629 \u062b\u0627\u0628\u062a\u0629 \u0648\u0641\u062a\u0631\u0629 \u0635\u0644\u0627\u062d\u064a\u0629 \u0637\u0648\u064a\u0644\u0629\u060c \u0645\u0645\u0627 \u064a\u062c\u0639\u0644\u0647 \u0645\u062b\u0627\u0644\u064a\u064b\u0627 \u0644\u0644\u0639\u0645\u0644\u064a\u0627\u062a \u0627\u0644\u062a\u062c\u0627\u0631\u064a\u0629 \u0648\u0627\u0633\u0639\u0629 \u0627\u0644\u0646\u0637\u0627\u0642. \u064a\u0636\u0645\u0646 \u062a\u0648\u0631\u064a\u062f\u0647 \u0627\u0644\u0645\u0648\u062b\u0648\u0642\u060c \u0648\u062d\u062c\u0645\u0647 \u0627\u0644\u0645\u0648\u062d\u062f\u060c \u0648\u062c\u0648\u062f\u062a\u0647 \u0627\u0644\u0645\u0645\u062a\u0627\u0632\u0629 \u0633\u0647\u0648\u0644\u0629 \u0627\u0644\u0627\u0633\u062a\u062e\u062f\u0627\u0645 \u0641\u064a \u062a\u0637\u0628\u064a\u0642\u0627\u062a \u0627\u0644\u0645\u0637\u0627\u0628\u062e \u0648\u0627\u0633\u0639\u0629 \u0627\u0644\u0646\u0637\u0627\u0642 \u0648\u0639\u0645\u0644\u064a\u0627\u062a \u0625\u0646\u062a\u0627\u062c \u0627\u0644\u0623\u063a\u0630\u064a\u0629. \u0633\u0648\u0627\u0621 \u0643\u0646\u062a\u0645 \u062a\u062d\u0636\u0651\u0631\u0648\u0646 \u0645\u0631\u0628\u0649 \u0627\u0644\u0641\u0633\u062a\u0642\u060c \u0623\u0648 \u062e\u0644\u0637\u0627\u062a \u0627\u0644\u0648\u062c\u0628\u0627\u062a \u0627\u0644\u062e\u0641\u064a\u0641\u0629\u060c \u0623\u0648 \u062a\u0633\u062a\u062e\u062f\u0645\u0648\u0646\u0647 \u0641\u064a \u0627\u0644\u0622\u064a\u0633 \u0643\u0631\u064a\u0645\u060c \u0641\u0625\u0646 \u0641\u0633\u062a\u0642 &quot;\u0634\u0648\u0643\u0648\u0631 \u0643\u0648\u0631\u0648\u064a\u064a\u0645\u064a\u0634 \u0623\u0646\u062a\u0627\u0628&quot; \u064a\u0648\u0641\u0631 \u0627\u0644\u0642\u0648\u0627\u0645 \u0648\u0627\u0644\u0642\u064a\u0645\u0629 \u0627\u0644\u063a\u0630\u0627\u0626\u064a\u0629 \u0627\u0644\u0644\u0627\u0632\u0645\u0629 \u0644\u062a\u0644\u0628\u064a\u0629 \u0645\u062a\u0637\u0644\u0628\u0627\u062a \u0627\u0644\u0625\u0646\u062a\u0627\u062c \u0639\u0627\u0644\u064a \u0627\u0644\u062c\u0648\u062f\u0629 \u0648\u0648\u0627\u0633\u0639 \u0627\u0644\u0646\u0637\u0627\u0642.<\/p>","protected":false},"featured_media":10674,"comment_status":"closed","ping_status":"closed","template":"","meta":[],"product_brand":[],"product_cat":[15],"product_tag":[83,78,77,79,84],"class_list":{"0":"post-10061","1":"product","2":"type-product","3":"status-publish","4":"has-post-thumbnail","6":"product_cat-kuruyemisler","7":"product_tag-antep-fistigi","8":"product_tag-cerez","9":"product_tag-kuruyemis","10":"product_tag-saglikli-atistirmalik","11":"product_tag-sam-fistik","13":"first","14":"instock","15":"shipping-taxable","16":"product-type-simple"},"_links":{"self":[{"href":"https:\/\/destandisticaret.com\/ar\/wp-json\/wp\/v2\/product\/10061","targetHints":{"allow":["GET"]}}],"collection":[{"href":"https:\/\/destandisticaret.com\/ar\/wp-json\/wp\/v2\/product"}],"about":[{"href":"https:\/\/destandisticaret.com\/ar\/wp-json\/wp\/v2\/types\/product"}],"replies":[{"embeddable":true,"href":"https:\/\/destandisticaret.com\/ar\/wp-json\/wp\/v2\/comments?post=10061"}],"wp:featuredmedia":[{"embeddable":true,"href":"https:\/\/destandisticaret.com\/ar\/wp-json\/wp\/v2\/media\/10674"}],"wp:attachment":[{"href":"https:\/\/destandisticaret.com\/ar\/wp-json\/wp\/v2\/media?parent=10061"}],"wp:term":[{"taxonomy":"product_brand","embeddable":true,"href":"https:\/\/destandisticaret.com\/ar\/wp-json\/wp\/v2\/product_brand?post=10061"},{"taxonomy":"product_cat","embeddable":true,"href":"https:\/\/destandisticaret.com\/ar\/wp-json\/wp\/v2\/product_cat?post=10061"},{"taxonomy":"product_tag","embeddable":true,"href":"https:\/\/destandisticaret.com\/ar\/wp-json\/wp\/v2\/product_tag?post=10061"}],"curies":[{"name":"\u0648\u0648\u0631\u062f\u0628\u0631\u064a\u0633","href":"https:\/\/api.w.org\/{rel}","templated":true}]}}