{"id":4986,"date":"2019-08-12T12:40:15","date_gmt":"2019-08-12T12:40:15","guid":{"rendered":"https:\/\/groffer.modeltheme.com\/?page_id=4986"},"modified":"2025-06-26T11:43:54","modified_gmt":"2025-06-26T11:43:54","slug":"%d8%b9%d9%86","status":"publish","type":"page","link":"https:\/\/destandisticaret.com\/ar\/%d8%b9%d9%86\/","title":{"rendered":"\u0646\u0628\u0630\u0629 \u0639\u0646\u0627"},"content":{"rendered":"<div class=\"wpb-content-wrapper\"><div class=\"vc_row wpb_row vc_row-fluid vc_custom_1605185470066\"><div class=\"wpb_animate_when_almost_visible wpb_bounceInLeft bounceInLeft wpb_column vc_column_container vc_col-sm-6\"><div class=\"vc_column-inner\"><div class=\"wpb_wrapper\">\n\t<div class=\"wpb_text_column wpb_content_element\" >\n\t\t<div class=\"wpb_wrapper\">\n\t\t\t<h3>\u0646\u0628\u0630\u0629 \u0639\u0646\u0627<\/h3>\n\n\t\t<\/div>\n\t<\/div>\n<div class=\"vc_empty_space\"   style=\"height: 30px\"><span class=\"vc_empty_space_inner\"><\/span><\/div>\n\t<div class=\"wpb_text_column wpb_content_element\" >\n\t\t<div class=\"wpb_wrapper\">\n\t\t\t<p>\u062f\u062e\u0644\u062a \u0634\u0631\u0643\u0629 \u0634\u0648\u0643\u0648\u0631 \u0643\u0648\u0631\u0648\u064a\u064a\u0645\u064a\u0634 \u0642\u0637\u0627\u0639 \u0627\u0644\u0645\u0643\u0633\u0631\u0627\u062a \u0648\u0627\u0644\u0641\u0648\u0627\u0643\u0647 \u0627\u0644\u0645\u062c\u0641\u0641\u0629 \u0641\u064a \u062f\u0646\u064a\u0632\u0644\u064a \u0639\u0627\u0645 \u0661\u0669\u0667\u0663\u060c \u0645\u064f\u0646\u062a\u062c\u0629\u064b \u0627\u0644\u062d\u0645\u0635 \u0627\u0644\u0645\u062d\u0645\u0635. \u0648\u0642\u062f \u0623\u062f\u0649 \u0646\u0645\u0648 \u0634\u0631\u0643\u062a\u0646\u0627 \u0627\u0644\u0633\u0631\u064a\u0639 \u0625\u0644\u0649 \u062a\u0631\u0633\u064a\u062e \u0645\u0643\u0627\u0646\u062a\u0647\u0627 \u0627\u0644\u0631\u0627\u0626\u062f\u0629 \u0641\u064a \u0647\u0630\u0627 \u0627\u0644\u0642\u0637\u0627\u0639. \u0648\u0645\u0639 \u0628\u062f\u0621 \u0627\u0644\u062a\u0635\u062f\u064a\u0631 \u0639\u0627\u0645 \u0661\u0669\u0669\u0666\u060c \u0646\u0642\u0644\u062a \u0627\u0644\u0634\u0631\u0643\u0629 \u0645\u0642\u0631\u0647\u0627 \u0627\u0644\u0631\u0626\u064a\u0633\u064a \u0625\u0644\u0649 \u0625\u0633\u0637\u0646\u0628\u0648\u0644. \u0648\u062a\u0648\u0627\u0635\u0644 \u0634\u0648\u0643\u0648\u0631 \u0643\u0648\u0631\u0648\u064a\u064a\u0645\u064a\u0634 \u062a\u0648\u0633\u064a\u0639 \u0642\u0627\u0639\u062f\u0629 \u0639\u0645\u0644\u0627\u0626\u0647\u0627 \u0627\u0644\u062f\u0648\u0644\u064a\u064a\u0646\u060c \u0648\u062a\u0646\u0645\u0648 \u062a\u062d\u062a \u0645\u0638\u0644\u0629 \u0634\u0631\u0643\u0629 \u062f\u064a\u0633\u062a\u0627\u0646 \u062f\u064a\u0634 \u0644\u0644\u062a\u062c\u0627\u0631\u0629 \u0648\u0627\u0644\u0645\u0648\u0627\u062f \u0627\u0644\u063a\u0630\u0627\u0626\u064a\u0629 \u0627\u0644\u0645\u062d\u062f\u0648\u062f\u0629\u060c \u0627\u0644\u062a\u064a \u0628\u062f\u0623\u062a \u0623\u0646\u0634\u0637\u062a\u0647\u0627 \u0627\u0644\u062a\u062c\u0627\u0631\u064a\u0629 \u0627\u0644\u062f\u0648\u0644\u064a\u0629 \u0639\u0627\u0645 \u0662\u0660\u0660\u0665.<\/p>\n<p>\u062a\u0648\u0627\u0635\u0644 \u0634\u0631\u0643\u0629 \u062f\u064a\u0633\u062a\u0627\u0646 \u0644\u0644\u062a\u062c\u0627\u0631\u0629 \u0627\u0644\u062e\u0627\u0631\u062c\u064a\u0629 \u0648\u0635\u0646\u0627\u0639\u0629 \u0627\u0644\u0623\u063a\u0630\u064a\u0629 \u0627\u0644\u0645\u062d\u062f\u0648\u062f\u0629 \u0627\u0644\u064a\u0648\u0645 \u0646\u0645\u0648\u0647\u0627 \u0627\u0644\u0645\u0637\u0631\u062f \u0641\u064a \u0645\u062c\u0627\u0644 \u0627\u0644\u062a\u062c\u0627\u0631\u0629 \u0627\u0644\u062e\u0627\u0631\u062c\u064a\u0629 \u0645\u0646 \u062e\u0644\u0627\u0644 \u062a\u0648\u0633\u064a\u0639 \u0646\u0637\u0627\u0642 \u0645\u0646\u062a\u062c\u0627\u062a\u0647\u0627. \u0648\u0642\u062f \u0636\u0645\u0646\u062a \u0627\u0644\u062b\u0642\u0629 \u0627\u0644\u062a\u064a \u0627\u0643\u062a\u0633\u0628\u062a\u0647\u0627 \u0627\u0644\u0634\u0631\u0643\u0629 \u0645\u0646 \u062e\u0644\u0627\u0644 \u0646\u0647\u062c \u0639\u0645\u0644 \u0648\u0627\u0636\u062d \u0648\u0635\u0627\u062f\u0642 \u0627\u0644\u062d\u0641\u0627\u0638 \u0639\u0644\u0649 \u0642\u0627\u0639\u062f\u0629 \u0639\u0645\u0644\u0627\u0621 \u0642\u0648\u064a\u0629. \u0646\u0639\u0645\u0644 \u062a\u062d\u062a \u0639\u0644\u0627\u0645\u062a\u064a &quot;\u0634\u0648\u0643\u0648\u0631 \u0643\u0648\u0631\u0648\u064a\u064a\u0645\u064a\u0634&quot; \u0648&quot;\u0633\u064a\u0628\u0633\u0648 \u062a\u0648\u0631\u0643\u0627&quot;\u00ae \u0641\u064a \u0642\u0637\u0627\u0639 \u0627\u0644\u0641\u0648\u0627\u0643\u0647 \u0627\u0644\u0645\u062c\u0641\u0641\u0629\u060c \u0648\u062a\u062d\u062a \u0639\u0644\u0627\u0645\u0629 &quot;\u062a\u0631\u0627\u0633\u062a\u064a&quot;\u00ae \u0641\u064a \u0642\u0637\u0627\u0639 \u0627\u0644\u0641\u0648\u0627\u0643\u0647 \u0627\u0644\u0645\u062c\u0641\u0641\u0629. \u064a\u062a\u0645 \u0627\u062e\u062a\u064a\u0627\u0631 \u0645\u0646\u062a\u062c\u0627\u062a\u0646\u0627 \u0628\u0639\u0646\u0627\u064a\u0629 \u0645\u0646 \u0642\u0628\u0644 \u062e\u0628\u0631\u0627\u0621\u060c \u0648\u062a\u064f\u0639\u0628\u0623 \u0641\u064a \u0645\u0646\u0634\u0622\u062a \u062d\u062f\u064a\u062b\u0629 \u0641\u064a \u0638\u0644 \u0638\u0631\u0648\u0641 \u0635\u062d\u064a\u0629\u060c \u0645\u0639 \u0627\u0644\u062d\u0641\u0627\u0638 \u0639\u0644\u0649 \u0633\u0644\u0627\u0645\u062a\u0647\u0627 \u0627\u0644\u0637\u0628\u064a\u0639\u064a\u0629.<\/p>\n\n\t\t<\/div>\n\t<\/div>\n<div class=\"vc_empty_space\"   style=\"height: 30px\"><span class=\"vc_empty_space_inner\"><\/span><\/div>\n\t<div class=\"wpb_text_column wpb_content_element\" >\n\t\t<div class=\"wpb_wrapper\">\n\t\t\t<p><img loading=\"lazy\" decoding=\"async\" class=\"alignnone wp-image-10476 size-full\" src=\"https:\/\/destandisticaret.com\/wp-content\/uploads\/2025\/06\/hakkimizda-01.webp\" alt=\"\" width=\"800\" height=\"800\" srcset=\"https:\/\/destandisticaret.com\/wp-content\/uploads\/2025\/06\/hakkimizda-01.webp 800w, https:\/\/destandisticaret.com\/wp-content\/uploads\/2025\/06\/hakkimizda-01-300x300.webp 300w, https:\/\/destandisticaret.com\/wp-content\/uploads\/2025\/06\/hakkimizda-01-150x150.webp 150w, https:\/\/destandisticaret.com\/wp-content\/uploads\/2025\/06\/hakkimizda-01-768x768.webp 768w, https:\/\/destandisticaret.com\/wp-content\/uploads\/2025\/06\/hakkimizda-01-12x12.webp 12w, https:\/\/destandisticaret.com\/wp-content\/uploads\/2025\/06\/hakkimizda-01-350x350.webp 350w, https:\/\/destandisticaret.com\/wp-content\/uploads\/2025\/06\/hakkimizda-01-110x110.webp 110w, https:\/\/destandisticaret.com\/wp-content\/uploads\/2025\/06\/hakkimizda-01-400x400.webp 400w, https:\/\/destandisticaret.com\/wp-content\/uploads\/2025\/06\/hakkimizda-01-500x500.webp 500w, https:\/\/destandisticaret.com\/wp-content\/uploads\/2025\/06\/hakkimizda-01-70x70.webp 70w, https:\/\/destandisticaret.com\/wp-content\/uploads\/2025\/06\/hakkimizda-01-600x600.webp 600w, https:\/\/destandisticaret.com\/wp-content\/uploads\/2025\/06\/hakkimizda-01-200x200.webp 200w\" sizes=\"auto, (max-width: 800px) 100vw, 800px\" \/><\/p>\n<p>&nbsp;<\/p>\n\n\t\t<\/div>\n\t<\/div>\n<div class=\"vc_empty_space\"   style=\"height: 40px\"><span class=\"vc_empty_space_inner\"><\/span><\/div><\/div><\/div><\/div><div class=\"ab2-right wpb_animate_when_almost_visible wpb_fadeInRight fadeInRight wpb_column vc_column_container vc_col-sm-6\"><div class=\"vc_column-inner vc_custom_1675069537419\"><div class=\"wpb_wrapper\">\n\t<div class=\"wpb_text_column wpb_content_element\" >\n\t\t<div class=\"wpb_wrapper\">\n\t\t\t<p><img loading=\"lazy\" decoding=\"async\" class=\"alignnone wp-image-10475 size-full\" src=\"https:\/\/destandisticaret.com\/wp-content\/uploads\/2025\/06\/hakkimizda-02.webp\" alt=\"\u0639\u0646\u0627 02\" width=\"800\" height=\"800\" srcset=\"https:\/\/destandisticaret.com\/wp-content\/uploads\/2025\/06\/hakkimizda-02.webp 800w, https:\/\/destandisticaret.com\/wp-content\/uploads\/2025\/06\/hakkimizda-02-300x300.webp 300w, https:\/\/destandisticaret.com\/wp-content\/uploads\/2025\/06\/hakkimizda-02-150x150.webp 150w, https:\/\/destandisticaret.com\/wp-content\/uploads\/2025\/06\/hakkimizda-02-768x768.webp 768w, https:\/\/destandisticaret.com\/wp-content\/uploads\/2025\/06\/hakkimizda-02-12x12.webp 12w, https:\/\/destandisticaret.com\/wp-content\/uploads\/2025\/06\/hakkimizda-02-350x350.webp 350w, https:\/\/destandisticaret.com\/wp-content\/uploads\/2025\/06\/hakkimizda-02-110x110.webp 110w, https:\/\/destandisticaret.com\/wp-content\/uploads\/2025\/06\/hakkimizda-02-400x400.webp 400w, https:\/\/destandisticaret.com\/wp-content\/uploads\/2025\/06\/hakkimizda-02-500x500.webp 500w, https:\/\/destandisticaret.com\/wp-content\/uploads\/2025\/06\/hakkimizda-02-70x70.webp 70w, https:\/\/destandisticaret.com\/wp-content\/uploads\/2025\/06\/hakkimizda-02-600x600.webp 600w, https:\/\/destandisticaret.com\/wp-content\/uploads\/2025\/06\/hakkimizda-02-200x200.webp 200w\" sizes=\"auto, (max-width: 800px) 100vw, 800px\" \/><\/p>\n\n\t\t<\/div>\n\t<\/div>\n\n\t<div class=\"wpb_text_column wpb_content_element\" >\n\t\t<div class=\"wpb_wrapper\">\n\t\t\t<p>&nbsp;<\/p>\n<p>\u062a\u0634\u0645\u0644 \u0645\u0646\u062a\u062c\u0627\u062a\u0646\u0627 \u0627\u0644\u0631\u0626\u064a\u0633\u064a\u0629 \u062d\u0645\u0635 \u062f\u0646\u064a\u0632\u0644\u064a \u0627\u0644\u0645\u062d\u0645\u0635\u060c \u0648\u0628\u0646\u062f\u0642 \u0623\u0648\u0631\u062f\u0648 \u0648\u062c\u064a\u0631\u064a\u0633\u0648\u0646\u060c \u0648\u0645\u0634\u0645\u0634 \u0645\u0644\u0627\u0637\u064a\u0627 \u0627\u0644\u0645\u062c\u0641\u0641\u060c \u0648\u062a\u064a\u0646 \u0622\u064a\u062f\u0646 \u0627\u0644\u0645\u062c\u0641\u0641\u060c \u0648\u0639\u0646\u0628 \u0645\u0627\u0646\u064a\u0633\u0627. \u0643\u0645\u0627 \u0646\u0642\u062f\u0645 \u0627\u0644\u0639\u062f\u064a\u062f \u0645\u0646 \u0627\u0644\u0645\u0646\u062a\u062c\u0627\u062a \u0627\u0644\u0632\u0631\u0627\u0639\u064a\u0629 \u0627\u0644\u0623\u062e\u0631\u0649\u060c \u0628\u0645\u0627 \u0641\u064a \u0630\u0644\u0643 \u0627\u0644\u062d\u0645\u0635\u060c \u0648\u0627\u0644\u0639\u062f\u0633\u060c \u0648\u0627\u0644\u0641\u0627\u0635\u0648\u0644\u064a\u0627\u060c \u0648\u0628\u0630\u0648\u0631 \u0627\u0644\u062e\u0634\u062e\u0627\u0634\u060c \u0648\u0627\u0644\u0633\u0645\u0633\u0645.<\/p>\n<p>\u0646\u0642\u0648\u0645 \u0628\u062a\u0635\u062f\u064a\u0631 \u0645\u0646\u062a\u062c\u0627\u062a\u0646\u0627 \u0625\u0644\u0649 \u0627\u0644\u0639\u062f\u064a\u062f \u0645\u0646 \u0627\u0644\u0628\u0644\u062f\u0627\u0646\u060c \u0628\u0645\u0627 \u0641\u064a \u0630\u0644\u0643 \u0623\u0645\u0631\u064a\u0643\u0627\u060c \u0623\u0644\u0645\u0627\u0646\u064a\u0627\u060c \u0641\u0631\u0646\u0633\u0627\u060c \u0627\u0644\u0646\u0645\u0633\u0627\u060c \u0643\u0646\u062f\u0627\u060c \u0623\u0633\u062a\u0631\u0627\u0644\u064a\u0627\u060c \u0631\u0648\u0633\u064a\u0627\u060c \u0627\u0644\u064a\u0648\u0646\u0627\u0646\u060c \u0645\u0642\u062f\u0648\u0646\u064a\u0627\u060c \u0628\u0644\u063a\u0627\u0631\u064a\u0627\u060c \u0635\u0631\u0628\u064a\u0627\u060c \u0645\u0635\u0631\u060c \u062a\u0648\u0646\u0633\u060c \u0627\u0644\u0623\u0631\u062f\u0646\u060c \u0627\u0644\u062c\u0632\u0627\u0626\u0631\u060c \u0627\u0644\u0647\u0646\u062f\u060c \u0641\u064a\u062a\u0646\u0627\u0645\u060c \u0627\u0644\u0635\u064a\u0646\u060c \u0623\u0648\u063a\u0646\u062f\u0627\u060c \u062a\u0646\u0632\u0627\u0646\u064a\u0627\u060c \u0623\u0648\u0632\u0628\u0643\u0633\u062a\u0627\u0646 \u0648\u062a\u0631\u0643\u0645\u0627\u0646\u0633\u062a\u0627\u0646.<\/p>\n<p>\u062a\u064f\u0639\u062f\u0651 \u0634\u0631\u0643\u062a\u0646\u0627 \u0645\u0646 \u0628\u064a\u0646 \u0623\u0643\u0628\u0631 \u0639\u0634\u0631 \u0634\u0631\u0643\u0627\u062a \u0631\u0627\u0626\u062f\u0629 \u0641\u064a \u062a\u0635\u062f\u064a\u0631 \u0627\u0644\u0628\u0646\u062f\u0642. \u0648\u062a\u0648\u0627\u0635\u0644 \u062a\u0648\u0633\u064a\u0639 \u062a\u062c\u0627\u0631\u062a\u0647\u0627 \u0627\u0644\u062f\u0648\u0644\u064a\u0629 \u0628\u0627\u0633\u062a\u064a\u0631\u0627\u062f \u0627\u0644\u0644\u0648\u0632 \u0645\u0646 \u0627\u0644\u0648\u0644\u0627\u064a\u0627\u062a \u0627\u0644\u0645\u062a\u062d\u062f\u0629\u060c \u0648\u0627\u0644\u0643\u0627\u062c\u0648 \u0648\u0627\u0644\u062c\u0648\u0632 \u0645\u0646 \u0627\u0644\u0647\u0646\u062f\u060c \u0648\u0628\u0630\u0648\u0631 \u0627\u0644\u064a\u0642\u0637\u064a\u0646 \u0645\u0646 \u0623\u0648\u0643\u0631\u0627\u0646\u064a\u0627\u060c \u0648\u0628\u0630\u0648\u0631 \u0627\u0644\u0633\u0645\u0633\u0645 \u0645\u0646 \u0623\u0641\u0631\u064a\u0642\u064a\u0627\u060c \u0648\u0627\u0644\u0641\u0648\u0644 \u0627\u0644\u0633\u0648\u062f\u0627\u0646\u064a \u0645\u0646 \u0627\u0644\u0635\u064a\u0646.<\/p>\n<p>\u062a\u0645\u062b\u0644 \u0634\u0631\u0643\u062a\u0646\u0627 \u0646\u0641\u0633\u0647\u0627 \u0628\u0646\u062c\u0627\u062d \u0641\u064a \u0627\u0644\u0639\u062f\u064a\u062f \u0645\u0646 \u0627\u0644\u0645\u0639\u0627\u0631\u0636 \u0648\u0627\u0644\u0645\u0646\u0638\u0645\u0627\u062a \u0627\u0644\u062a\u0631\u0648\u064a\u062c\u064a\u0629 \u0627\u0644\u0648\u0637\u0646\u064a\u0629 \u0648\u0627\u0644\u062f\u0648\u0644\u064a\u0629 (\u0623\u0646\u0648\u062c\u0627\u060c \u0633\u064a\u0627\u0644\u060c \u0627\u0644\u062e) \u0648\u062a\u0637\u0648\u0631 \u0623\u0633\u0648\u0627\u0642 \u062c\u062f\u064a\u062f\u0629.<\/p>\n<p>\u0647\u062f\u0641\u0646\u0627 \u0647\u0648 \u0627\u0644\u062a\u062c\u0627\u0631\u0629 \u0627\u0644\u0635\u0627\u062f\u0642\u0629 \u0648\u0631\u0636\u0627 \u0627\u0644\u0639\u0645\u0644\u0627\u0621 \u0627\u0644\u0645\u0633\u062a\u0645\u0631.<\/p>\n<p>\u0623\u0637\u064a\u0628 \u0627\u0644\u062a\u062d\u064a\u0627\u062a.<\/p>\n\n\t\t<\/div>\n\t<\/div>\n<\/div><\/div><\/div><\/div><div data-vc-full-width=\"true\" data-vc-full-width-init=\"false\" class=\"vc_row wpb_row vc_row-fluid missing-member vc_custom_1675071500891 vc_row-has-fill\"><div class=\"wpb_animate_when_almost_visible wpb_fadeInUp fadeInUp wpb_column vc_column_container vc_col-sm-12 vc_hidden-sm vc_hidden-xs\"><div class=\"vc_column-inner\"><div class=\"wpb_wrapper\">\n\t<div  class=\"wpb_single_image wpb_content_element vc_align_center wpb_content_element\">\n\t\t\n\t\t<figure class=\"wpb_wrapper vc_figure\">\n\t\t\t<div class=\"vc_single_image-wrapper   vc_box_border_grey\"><img loading=\"lazy\" decoding=\"async\" width=\"1920\" height=\"987\" src=\"https:\/\/destandisticaret.com\/wp-content\/uploads\/2025\/06\/sukur-kuruyemis-destan-dis-ticaret-fabrika-1.webp\" class=\"vc_single_image-img attachment-full\" alt=\"\u0645\u0635\u0646\u0639 \u0633\u0648\u0643\u0648\u0631 \u0644\u0644\u0641\u0648\u0627\u0643\u0647 \u0627\u0644\u0645\u062c\u0641\u0641\u0629 - \u0645\u0644\u062d\u0645\u0629 \u0627\u0644\u062a\u062c\u0627\u0631\u0629 \u0627\u0644\u062e\u0627\u0631\u062c\u064a\u0629\" title=\"\u0645\u0635\u0646\u0639 \u0633\u0648\u0643\u0648\u0631 \u0644\u0644\u0641\u0648\u0627\u0643\u0647 \u0627\u0644\u0645\u062c\u0641\u0641\u0629 - \u0645\u0644\u062d\u0645\u0629 \u0627\u0644\u062a\u062c\u0627\u0631\u0629 \u0627\u0644\u062e\u0627\u0631\u062c\u064a\u0629\" srcset=\"https:\/\/destandisticaret.com\/wp-content\/uploads\/2025\/06\/sukur-kuruyemis-destan-dis-ticaret-fabrika-1.webp 1920w, https:\/\/destandisticaret.com\/wp-content\/uploads\/2025\/06\/sukur-kuruyemis-destan-dis-ticaret-fabrika-1-300x154.webp 300w, https:\/\/destandisticaret.com\/wp-content\/uploads\/2025\/06\/sukur-kuruyemis-destan-dis-ticaret-fabrika-1-1024x526.webp 1024w, https:\/\/destandisticaret.com\/wp-content\/uploads\/2025\/06\/sukur-kuruyemis-destan-dis-ticaret-fabrika-1-768x395.webp 768w, https:\/\/destandisticaret.com\/wp-content\/uploads\/2025\/06\/sukur-kuruyemis-destan-dis-ticaret-fabrika-1-1536x790.webp 1536w, https:\/\/destandisticaret.com\/wp-content\/uploads\/2025\/06\/sukur-kuruyemis-destan-dis-ticaret-fabrika-1-18x9.webp 18w, https:\/\/destandisticaret.com\/wp-content\/uploads\/2025\/06\/sukur-kuruyemis-destan-dis-ticaret-fabrika-1-600x308.webp 600w\" sizes=\"auto, (max-width: 1920px) 100vw, 1920px\" \/><\/div>\n\t\t<\/figure>\n\t<\/div>\n<\/div><\/div><\/div><\/div><div class=\"vc_row-full-width vc_clearfix\"><\/div>\n<\/div>","protected":false},"excerpt":{"rendered":"Hakk\u0131m\u0131zda \u015e\u00fck\u00fcr Kuruyemi\u015f, 1973 y\u0131l\u0131nda Denizli'de leblebi \u00fcretimi ile kuruyemi\u015f ve kuru meyve sekt\u00f6r\u00fcne ad\u0131m\u0131n\u0131 atm\u0131\u015ft\u0131r. \u015eirketimiz, h\u0131zl\u0131 ilerlemesiyle bu alanda hakimiyet kazanm\u0131\u015ft\u0131r. 1996 y\u0131l\u0131nda ihracata ba\u015flamas\u0131yla birlikte, \u015firket merkezini \u0130stanbul'a ta\u015f\u0131m\u0131\u015ft\u0131r. \u015e\u00fck\u00fcr Kuruyemi\u015f, her ge\u00e7en g\u00fcn yabanc\u0131 m\u00fc\u015fteri portf\u00f6y\u00fcn\u00fc geli\u015ftirirken, 2005 y\u0131l\u0131nda uluslararas\u0131 ticaret faaliyetlerine ba\u015flayan Destan D\u0131\u015f Ticaret ve G\u0131da Sanayi Limited \u015eirketi [...]","protected":false},"author":1,"featured_media":0,"parent":0,"menu_order":0,"comment_status":"closed","ping_status":"closed","template":"","meta":{"footnotes":""},"class_list":["post-4986","page","type-page","status-publish","hentry"],"_links":{"self":[{"href":"https:\/\/destandisticaret.com\/ar\/wp-json\/wp\/v2\/pages\/4986","targetHints":{"allow":["GET"]}}],"collection":[{"href":"https:\/\/destandisticaret.com\/ar\/wp-json\/wp\/v2\/pages"}],"about":[{"href":"https:\/\/destandisticaret.com\/ar\/wp-json\/wp\/v2\/types\/page"}],"author":[{"embeddable":true,"href":"https:\/\/destandisticaret.com\/ar\/wp-json\/wp\/v2\/users\/1"}],"replies":[{"embeddable":true,"href":"https:\/\/destandisticaret.com\/ar\/wp-json\/wp\/v2\/comments?post=4986"}],"version-history":[{"count":14,"href":"https:\/\/destandisticaret.com\/ar\/wp-json\/wp\/v2\/pages\/4986\/revisions"}],"predecessor-version":[{"id":10591,"href":"https:\/\/destandisticaret.com\/ar\/wp-json\/wp\/v2\/pages\/4986\/revisions\/10591"}],"wp:attachment":[{"href":"https:\/\/destandisticaret.com\/ar\/wp-json\/wp\/v2\/media?parent=4986"}],"curies":[{"name":"\u0648\u0648\u0631\u062f\u0628\u0631\u064a\u0633","href":"https:\/\/api.w.org\/{rel}","templated":true}]}}