{"id":10698,"date":"2025-11-27T11:48:33","date_gmt":"2025-11-27T11:48:33","guid":{"rendered":"https:\/\/destandisticaret.com\/?page_id=10698"},"modified":"2025-11-27T12:37:09","modified_gmt":"2025-11-27T12:37:09","slug":"%d8%ae%d8%af%d9%85%d8%a7%d8%aa-%d9%85%d8%ac%d8%aa%d9%85%d8%b9-%d8%a7%d9%84%d9%85%d8%b9%d9%84%d9%88%d9%85%d8%a7%d8%aa","status":"publish","type":"page","link":"https:\/\/destandisticaret.com\/ar\/%d8%ae%d8%af%d9%85%d8%a7%d8%aa-%d9%85%d8%ac%d8%aa%d9%85%d8%b9-%d8%a7%d9%84%d9%85%d8%b9%d9%84%d9%88%d9%85%d8%a7%d8%aa\/","title":{"rendered":"\u062e\u062f\u0645\u0627\u062a \u0645\u062c\u062a\u0645\u0639 \u0627\u0644\u0645\u0639\u0644\u0648\u0645\u0627\u062a"},"content":{"rendered":"<div class=\"wpb-content-wrapper\"><div class=\"vc_row wpb_row vc_row-fluid\"><div class=\"wpb_column vc_column_container vc_col-sm-12\"><div class=\"vc_column-inner\"><div class=\"wpb_wrapper\"><div class=\"vc_message_box vc_message_box-standard vc_message_box-rounded vc_color-sky vc_do_message\" ><div class=\"vc_message_box-icon\"><i class=\"fa fa-solid fa-magnifying-glass-chart\"><\/i><\/div><h5>\u0645\u0639\u0644\u0648\u0645\u0627\u062a \u0627\u0644\u0634\u0631\u0643\u0629<\/h5>\n<p><strong>\u0627\u0644\u0627\u0633\u0645 \u0627\u0644\u062a\u062c\u0627\u0631\u064a:<\/strong> \u0634\u0631\u0643\u0629 \u062f\u064a\u0633\u062a\u0627\u0646 \u0644\u0644\u062a\u062c\u0627\u0631\u0629 \u0627\u0644\u062e\u0627\u0631\u062c\u064a\u0629 \u0648\u0635\u0646\u0627\u0639\u0629 \u0627\u0644\u0623\u063a\u0630\u064a\u0629 \u0627\u0644\u0645\u062d\u062f\u0648\u062f\u0629<\/p>\n<p><strong>\u0631\u0642\u0645 \u0645\u064a\u0631\u0633\u064a\u0633:<\/strong> 57685<\/p>\n<p><strong>\u0645\u0643\u062a\u0628 \u0627\u0644\u0636\u0631\u0627\u0626\u0628 \/ \u0627\u0644\u0631\u0642\u0645:<\/strong> \u0645\u0643\u062a\u0628 \u0636\u0631\u0627\u0626\u0628 \u0633\u064a\u0644\u064a\u0641\u0631\u064a \/ 293 041 94 29<\/p>\n<p><strong>\u0639\u0646\u0648\u0627\u0646:<\/strong> \u0643\u0627\u0641\u0627\u0643\u0644\u064a \u0627\u0633\u062a\u0642\u0644\u0627\u0644 \u0645\u0627\u0647. 5006. \u0627\u0644\u0634\u0627\u0631\u0639. \u064a\u0648\u0631\u0648\u0646\u0648\u062a \u0631\u0642\u0645: 11 \u0633\u064a\u0644\u064a\u0641\u0631\u064a\/<br \/>\n\u0627\u0633\u0637\u0646\u0628\u0648\u0644<\/p>\n<p><strong>\u0627\u0644\u0647\u0627\u062a\u0641:<\/strong> +90 212 723 70 70<\/p>\n<p><strong>\u0628\u0631\u064a\u062f \u0625\u0644\u0643\u062a\u0631\u0648\u0646\u064a:<\/strong> info@destandisticaret.com<\/p>\n<\/div><div class=\"vc_message_box vc_message_box-standard vc_message_box-rounded vc_color-sky vc_do_message\" ><div class=\"vc_message_box-icon\"><i class=\"fa fa-solid fa-magnifying-glass-chart\"><\/i><\/div><h5>\u0645\u0639\u0644\u0648\u0645\u0627\u062a \u0627\u0644\u0625\u062f\u0627\u0631\u0629<\/h5>\n<p><strong>\u0627\u0644\u0634\u062e\u0635 \u0627\u0644\u0645\u062e\u0648\u0644:<\/strong> \u0623\u064a\u062c\u0648\u0644 \u0633\u0648\u0643\u0648\u0646<\/p>\n<\/div><div class=\"vc_message_box vc_message_box-standard vc_message_box-rounded vc_color-sky vc_do_message\" ><div class=\"vc_message_box-icon\"><i class=\"fa fa-solid fa-magnifying-glass-chart\"><\/i><\/div><h5>\u0645\u0639\u0644\u0648\u0645\u0627\u062a \u0627\u0644\u0633\u062c\u0644 \u0627\u0644\u062a\u062c\u0627\u0631\u064a<\/h5>\n<p><strong>\u0631\u0642\u0645 \u0627\u0644\u062a\u0633\u062c\u064a\u0644:<\/strong> 573438-0<\/p>\n<p><strong>\u0645\u062f\u064a\u0631\u064a\u0629 \u0627\u0644\u0633\u062c\u0644 \u0627\u0644\u062a\u062c\u0627\u0631\u064a:<\/strong> \u0645\u062f\u064a\u0631\u064a\u0629 \u0627\u0644\u0633\u062c\u0644 \u0627\u0644\u062a\u062c\u0627\u0631\u064a \u0641\u064a \u0627\u0633\u0637\u0646\u0628\u0648\u0644<\/p>\n<\/div><div class=\"vc_message_box vc_message_box-standard vc_message_box-rounded vc_color-sky vc_do_message\" ><div class=\"vc_message_box-icon\"><i class=\"fa fa-solid fa-magnifying-glass-chart\"><\/i><\/div><h5>\u0627\u0644\u0645\u062f\u0642\u0642<\/h5>\n<p>\u062c\u0646\u0643\u064a\u0632 \u062a\u0648\u0631\u0645\u0627\u0632<\/p>\n<p><strong>\u0631\u0642\u0645 \u0627\u0644\u062a\u0633\u062c\u064a\u0644:<\/strong> BD\/2014\/05752<\/p>\n<p><strong>\u0639\u0646\u0648\u0627\u0646:<\/strong> \u062d\u064a \u0645\u0627\u0644\u062a\u064a\u0628\u064a\u060c \u0634\u0627\u0631\u0639 \u064a\u064a\u062f\u064a\u0643\u0648\u0644 \u0634\u064a\u0631\u0628\u064a\u062c\u064a \u064a\u0648\u0644\u0648\u060c \u0645\u0643\u062a\u0628 \u0623\u0641\u0631\u0648\u0628\u0627 \u0643\u0627\u0644\u064a\u060c \u0642\u0637\u0639\u0629 9\u060c \u0631\u0642\u0645: 2\u060c \u0627\u0644\u0637\u0627\u0628\u0642: 5\u060c \u0632\u064a\u062a\u0648\u0646 \u0628\u0648\u0631\u0646\u0648-\u0627\u0633\u0637\u0646\u0628\u0648\u0644<\/p>\n<\/div><\/div><\/div><\/div><\/div>\n<\/div>","protected":false},"excerpt":{"rendered":"\u015eirket Bilgileri Ticaret Unvan\u0131: DESTAN DI\u015e T\u0130CARET VE GIDA SANAY\u0130 L\u0130M\u0130TED \u015e\u0130RKET\u0130 MERS\u0130S No: 57685 Vergi Dairesi \/ No: S\u0130L\u0130VR\u0130 VERG\u0130 DA\u0130RES\u0130 \/ 293 041 94 29 Adres: KAVAKLI \u0130ST\u0130KLAL MAH. 5006. SK. EURONUT NO: 11 S\u0130L\u0130VR\u0130\/ \u0130STANBUL Telefon: +90 212 723 70 70 E-posta: info@destandisticaret.com Y\u00f6netim Bilgileri Yetkili Ki\u015fi: Ayg\u00fcl \u015e\u00fck\u00fcn Ticaret Sicili Bilgileri [...]","protected":false},"author":1,"featured_media":0,"parent":0,"menu_order":0,"comment_status":"closed","ping_status":"closed","template":"","meta":{"footnotes":""},"class_list":["post-10698","page","type-page","status-publish","hentry"],"_links":{"self":[{"href":"https:\/\/destandisticaret.com\/ar\/wp-json\/wp\/v2\/pages\/10698","targetHints":{"allow":["GET"]}}],"collection":[{"href":"https:\/\/destandisticaret.com\/ar\/wp-json\/wp\/v2\/pages"}],"about":[{"href":"https:\/\/destandisticaret.com\/ar\/wp-json\/wp\/v2\/types\/page"}],"author":[{"embeddable":true,"href":"https:\/\/destandisticaret.com\/ar\/wp-json\/wp\/v2\/users\/1"}],"replies":[{"embeddable":true,"href":"https:\/\/destandisticaret.com\/ar\/wp-json\/wp\/v2\/comments?post=10698"}],"version-history":[{"count":19,"href":"https:\/\/destandisticaret.com\/ar\/wp-json\/wp\/v2\/pages\/10698\/revisions"}],"predecessor-version":[{"id":10718,"href":"https:\/\/destandisticaret.com\/ar\/wp-json\/wp\/v2\/pages\/10698\/revisions\/10718"}],"wp:attachment":[{"href":"https:\/\/destandisticaret.com\/ar\/wp-json\/wp\/v2\/media?parent=10698"}],"curies":[{"name":"\u0648\u0648\u0631\u062f\u0628\u0631\u064a\u0633","href":"https:\/\/api.w.org\/{rel}","templated":true}]}}