{"id":10265,"date":"2025-04-11T08:56:02","date_gmt":"2025-04-11T08:56:02","guid":{"rendered":"https:\/\/destandisticaret.com\/?page_id=10265"},"modified":"2025-04-11T09:42:23","modified_gmt":"2025-04-11T09:42:23","slug":"%d8%b4%d9%87%d8%a7%d8%af%d8%a7%d8%aa-%d8%a7%d9%84%d8%ac%d9%88%d8%af%d8%a9-%d9%84%d8%af%d9%8a%d9%86%d8%a7","status":"publish","type":"page","link":"https:\/\/destandisticaret.com\/ar\/%d8%b4%d9%87%d8%a7%d8%af%d8%a7%d8%aa-%d8%a7%d9%84%d8%ac%d9%88%d8%af%d8%a9-%d9%84%d8%af%d9%8a%d9%86%d8%a7\/","title":{"rendered":"\u0634\u0647\u0627\u062f\u0627\u062a \u0627\u0644\u062c\u0648\u062f\u0629 \u0627\u0644\u062a\u064a \u0646\u0642\u062f\u0645\u0647\u0627"},"content":{"rendered":"<div class=\"wpb-content-wrapper\"><div class=\"vc_row wpb_row vc_row-fluid\"><div class=\"wpb_column vc_column_container vc_col-sm-12\"><div class=\"vc_column-inner\"><div class=\"wpb_wrapper\">\n\t<div class=\"wpb_text_column wpb_content_element\" >\n\t\t<div class=\"wpb_wrapper\">\n\t\t\t<p style=\"text-align: left;\">\u0625\u0646 \u0627\u0644\u062a\u0632\u0627\u0645\u0646\u0627 \u0628\u0627\u0644\u062a\u0645\u064a\u0632 \u064a\u0624\u0643\u062f\u0647 \u062d\u0635\u0648\u0644\u0646\u0627 \u0639\u0644\u0649 \u0634\u0647\u0627\u062f\u0627\u062a \u0627\u0644\u062c\u0648\u062f\u0629 \u0627\u0644\u0645\u0639\u062a\u0631\u0641 \u0628\u0647\u0627 \u062f\u0648\u0644\u064a\u0627\u064b.<\/p>\n<p style=\"text-align: left;\">\u0646\u062d\u0646 \u0646\u062d\u0635\u0644 \u0639\u0644\u0649 \u0623\u062c\u0648\u062f \u0627\u0644\u0645\u0648\u0627\u062f \u0627\u0644\u062e\u0627\u0645 \u0645\u0646 \u0634\u0628\u0643\u0629 \u0639\u0627\u0644\u0645\u064a\u0629 \u0645\u0646 \u0627\u0644\u0645\u0648\u0631\u062f\u064a\u0646 \u0627\u0644\u0645\u0639\u062a\u0645\u062f\u064a\u0646 \u0648\u0646\u0636\u0645\u0646 \u0623\u0646 \u0645\u0646\u062a\u062c\u0627\u062a\u0646\u0627 \u064a\u062a\u0645 \u0627\u0644\u062d\u0635\u0648\u0644 \u0639\u0644\u064a\u0647\u0627 \u0628\u0634\u0643\u0644 \u0622\u0645\u0646 \u0648\u0645\u0633\u062a\u062f\u0627\u0645 \u0648\u0623\u062e\u0644\u0627\u0642\u064a.<\/p>\n<p style=\"text-align: left;\">\u0639\u0644\u0627\u0642\u0627\u062a\u0646\u0627 \u0627\u0644\u0642\u0648\u064a\u0629 \u0645\u0639 \u0627\u0644\u0645\u0648\u0631\u062f\u064a\u0646 \u062a\u0645\u0643\u0646\u0646\u0627 \u0645\u0646 \u0627\u0644\u062d\u0641\u0627\u0638 \u0639\u0644\u0649 \u0627\u0644\u062c\u0648\u062f\u0629 \u0627\u0644\u062b\u0627\u0628\u062a\u0629 \u0641\u064a \u0639\u0631\u0648\u0636\u0646\u0627.<\/p>\n<p style=\"text-align: left;\">\u0625\u0646 \u0639\u0645\u0644\u064a\u0627\u062a \u0645\u0631\u0627\u0642\u0628\u0629 \u0627\u0644\u062c\u0648\u062f\u0629 \u0644\u062f\u064a\u0646\u0627 \u0648\u062e\u0637\u0629 \u0623\u062e\u0630 \u0627\u0644\u0639\u064a\u0646\u0627\u062a \u0627\u0644\u062a\u064a \u064a\u062a\u0645 \u062a\u0646\u0641\u064a\u0630\u0647\u0627 \u0628\u0639\u0646\u0627\u064a\u0629 \u062a\u0636\u0645\u0646 \u0633\u0644\u0627\u0645\u0629 \u0648\u062c\u0648\u062f\u0629 \u0645\u0646\u062a\u062c\u0627\u062a\u0646\u0627 \u0627\u0644\u0646\u0647\u0627\u0626\u064a\u0629.<\/p>\n<p style=\"text-align: left;\">\u064a\u0639\u062a\u0645\u062f \u0627\u0644\u062a\u0642\u064a\u064a\u0645 \u0627\u0644\u0633\u0646\u0648\u064a \u0644\u0623\u0647\u062f\u0627\u0641 \u0627\u0644\u062c\u0648\u062f\u0629 \u0644\u062f\u064a\u0646\u0627 \u0639\u0644\u0649 \u0645\u0624\u0634\u0631\u0627\u062a \u0627\u0644\u0623\u062f\u0627\u0621 \u0627\u0644\u0631\u0626\u064a\u0633\u064a\u0629 \u0627\u0644\u062a\u0627\u0644\u064a\u0629:<\/p>\n<p style=\"text-align: left;\">- \u0627\u0644\u062a\u0642\u0644\u064a\u0644 \u0645\u0646 \u0627\u0644\u0645\u0646\u062a\u062c\u0627\u062a \u063a\u064a\u0631 \u0627\u0644\u0645\u0637\u0627\u0628\u0642\u0629.<\/p>\n<p style=\"text-align: left;\">- \u062a\u062d\u0633\u064a\u0646 \u0627\u0644\u0623\u062f\u0627\u0621 \u0646\u064a\u0627\u0628\u0629 \u0639\u0646 \u0627\u0644\u0645\u0648\u0631\u062f\u064a\u0646 \u0644\u062f\u064a\u0646\u0627.<\/p>\n<p style=\"text-align: left;\">- \u0627\u0644\u062a\u0642\u0644\u064a\u0644 \u0645\u0646 \u0627\u0644\u0634\u0643\u0627\u0648\u0649 \u0627\u0644\u0645\u0642\u062f\u0645\u0629 \u0645\u0646 \u0639\u0645\u0644\u0627\u0626\u0646\u0627.<\/p>\n<p style=\"text-align: left;\">\n<p style=\"text-align: left;\"><strong>\u064a\u0645\u0643\u0646\u0643 \u062a\u0646\u0632\u064a\u0644 \u0634\u0647\u0627\u062f\u0627\u062a\u0646\u0627 \u0627\u0644\u062d\u0627\u0644\u064a\u0629 \u0628\u0627\u0644\u0636\u063a\u0637 \u0639\u0644\u0649 \u0627\u0644\u0634\u0639\u0627\u0631 \u0627\u0644\u0645\u0646\u0627\u0633\u0628 \u0623\u062f\u0646\u0627\u0647.<\/strong><\/p>\n<p style=\"text-align: left;\"><a href=\"https:\/\/destandisticaret.com\/wp-content\/uploads\/2025\/04\/Euronut-UAF-Sertifika-9001-R.4.pdf\" target=\"_blank\" rel=\"noopener\"><img loading=\"lazy\" decoding=\"async\" class=\"size-medium\" src=\"https:\/\/destandisticaret.com\/wp-content\/uploads\/2025\/04\/iso-9001-300x300.png\" alt=\"\" width=\"150\" height=\"150\" \/><\/a><a href=\"https:\/\/destandisticaret.com\/wp-content\/uploads\/2025\/04\/BRCGS-Food-Certificate-Euronut-Kuruyemis-Ve-Ticaret-AS-2025.pdf\" target=\"_blank\" rel=\"noopener\"><img loading=\"lazy\" decoding=\"async\" class=\"size-medium\" src=\"https:\/\/destandisticaret.com\/wp-content\/uploads\/2025\/04\/BRCGS-logo-1-300x300.webp\" alt=\"\" width=\"150\" height=\"150\" \/><\/a><a href=\"https:\/\/destandisticaret.com\/wp-content\/uploads\/2025\/04\/Euronut-UAF-Sertifika-22000-R.4.pdf\" target=\"_blank\" rel=\"noopener\"><img loading=\"lazy\" decoding=\"async\" class=\"size-medium\" src=\"https:\/\/destandisticaret.com\/wp-content\/uploads\/2025\/04\/iso-22000-300x300.jpg\" alt=\"\" width=\"150\" height=\"150\" \/><\/a><\/p>\n<p style=\"text-align: left;\">\n<p style=\"text-align: left;\">\n\n\t\t<\/div>\n\t<\/div>\n<\/div><\/div><\/div><\/div>\n<\/div>","protected":false},"excerpt":{"rendered":"M\u00fckemmelli\u011fe olan ba\u011fl\u0131l\u0131\u011f\u0131m\u0131z uluslararas\u0131 alanda tan\u0131nan kalite sertifikalar\u0131m\u0131zla do\u011frulanmaktad\u0131r. Onayl\u0131 tedarik\u00e7ilerden olu\u015fan k\u00fcresel bir a\u011fdan en iyi ham maddeleri tedarik ediyoruz ve \u00fcr\u00fcnlerimizin g\u00fcvenli, s\u00fcrd\u00fcr\u00fclebilir ve etik bir \u015fekilde elde edilmesini sa\u011fl\u0131yoruz. G\u00fc\u00e7l\u00fc tedarik\u00e7i ili\u015fkilerimiz, tekliflerimizde tutarl\u0131 kaliteyi korumam\u0131z\u0131 sa\u011flar. Kalite kontrol kontrollerimiz ve dikkatlice uygulanan \u00f6rnekleme plan\u0131m\u0131z, bitmi\u015f \u00fcr\u00fcnlerimizin g\u00fcvenli\u011fini ve kalitesini garanti eder. [...]","protected":false},"author":1,"featured_media":0,"parent":0,"menu_order":0,"comment_status":"closed","ping_status":"closed","template":"","meta":{"footnotes":""},"class_list":["post-10265","page","type-page","status-publish","hentry"],"_links":{"self":[{"href":"https:\/\/destandisticaret.com\/ar\/wp-json\/wp\/v2\/pages\/10265","targetHints":{"allow":["GET"]}}],"collection":[{"href":"https:\/\/destandisticaret.com\/ar\/wp-json\/wp\/v2\/pages"}],"about":[{"href":"https:\/\/destandisticaret.com\/ar\/wp-json\/wp\/v2\/types\/page"}],"author":[{"embeddable":true,"href":"https:\/\/destandisticaret.com\/ar\/wp-json\/wp\/v2\/users\/1"}],"replies":[{"embeddable":true,"href":"https:\/\/destandisticaret.com\/ar\/wp-json\/wp\/v2\/comments?post=10265"}],"version-history":[{"count":3,"href":"https:\/\/destandisticaret.com\/ar\/wp-json\/wp\/v2\/pages\/10265\/revisions"}],"predecessor-version":[{"id":10268,"href":"https:\/\/destandisticaret.com\/ar\/wp-json\/wp\/v2\/pages\/10265\/revisions\/10268"}],"wp:attachment":[{"href":"https:\/\/destandisticaret.com\/ar\/wp-json\/wp\/v2\/media?parent=10265"}],"curies":[{"name":"\u0648\u0648\u0631\u062f\u0628\u0631\u064a\u0633","href":"https:\/\/api.w.org\/{rel}","templated":true}]}}