{"id":10235,"date":"2025-04-11T07:25:12","date_gmt":"2025-04-11T07:25:12","guid":{"rendered":"https:\/\/destandisticaret.com\/?page_id=10235"},"modified":"2025-04-16T10:02:09","modified_gmt":"2025-04-16T10:02:09","slug":"%d9%85%d8%b1%d8%a7%d9%81%d9%82-%d8%a7%d9%84%d8%a5%d9%86%d8%aa%d8%a7%d8%ac","status":"publish","type":"page","link":"https:\/\/destandisticaret.com\/ar\/%d9%85%d8%b1%d8%a7%d9%81%d9%82-%d8%a7%d9%84%d8%a5%d9%86%d8%aa%d8%a7%d8%ac\/","title":{"rendered":"\u0645\u0631\u0627\u0641\u0642 \u0627\u0644\u0625\u0646\u062a\u0627\u062c"},"content":{"rendered":"<div class=\"wpb-content-wrapper\"><div class=\"vc_row wpb_row vc_row-fluid\"><div class=\"wpb_column vc_column_container vc_col-sm-6\"><div class=\"vc_column-inner\"><div class=\"wpb_wrapper\"><div class=\"lvca-heading lvca-style1 lvca-alignleft\" ><h3 class=\"lvca-title\">\u0645\u0631\u0627\u0641\u0642 \u0625\u0646\u062a\u0627\u062c \u0645\u0643\u0633\u0631\u0627\u062a \u0634\u0643\u0648\u0631 \u0644\u0644\u0645\u0643\u0633\u0631\u0627\u062a<\/h3><\/div>\n\t<div class=\"wpb_text_column wpb_content_element\" >\n\t\t<div class=\"wpb_wrapper\">\n\t\t\t<p>\u0645\u0646 \u062e\u0644\u0627\u0644 \u0641\u0631\u064a\u0642 \u0639\u0645\u0644\u0646\u0627 \u0627\u0644\u0645\u062a\u0646\u0627\u0645\u064a \u0628\u0627\u0633\u062a\u0645\u0631\u0627\u0631 \u0648\u0645\u062c\u0645\u0648\u0639\u0629 \u0645\u0646\u062a\u062c\u0627\u062a\u0646\u0627\u060c \u0646\u0639\u0645\u0644 \u0628\u0639\u0646\u0627\u064a\u0629 \u0648\u062d\u0633\u0627\u0633\u064a\u0629 \u0641\u064a \u062c\u0645\u064a\u0639 \u0639\u0645\u0644\u064a\u0627\u062a\u0646\u0627 \u0644\u0646\u0642\u062f\u0645 \u0644\u0643 \u0623\u0634\u0647\u0649 \u0627\u0644\u0645\u0646\u062a\u062c\u0627\u062a \u0641\u064a \u0645\u0646\u0634\u0622\u062a\u0646\u0627 \u0630\u0627\u062a \u0627\u0644\u0628\u0646\u064a\u0629 \u0627\u0644\u062a\u062d\u062a\u064a\u0629 \u0627\u0644\u062a\u0643\u0646\u0648\u0644\u0648\u062c\u064a\u0629 \u0627\u0644\u0639\u0627\u0644\u064a\u0629 \u0639\u0644\u0649 \u0645\u0633\u0627\u062d\u0629 15.000 \u0645\u062a\u0631 \u0645\u0631\u0628\u0639\u060c \u0645\u0639 \u0625\u0639\u0637\u0627\u0621 \u0627\u0644\u0623\u0648\u0644\u0648\u064a\u0629 \u0644\u0633\u0644\u0627\u0645\u0629 \u0627\u0644\u063a\u0630\u0627\u0621\u060c \u0648\u0627\u0644\u0627\u0644\u062a\u0632\u0627\u0645 \u0628\u0627\u0644\u0648\u0639\u064a \u0628\u062d\u0645\u0627\u064a\u0629 \u0627\u0644\u0628\u0646\u064a\u0629 \u0627\u0644\u0637\u0628\u064a\u0639\u064a\u0629 \u0648\u0627\u0644\u0635\u062d\u064a\u0629 \u0644\u0644\u0645\u0643\u0633\u0631\u0627\u062a\u060c \u062f\u0648\u0646 \u0627\u0644\u0645\u0633\u0627\u0633 \u0628\u0648\u062c\u0647\u0629 \u0627\u0644\u0646\u0638\u0631 \u0627\u0644\u0639\u0644\u0645\u064a\u0629.<\/p>\n<p>\u0644\u0637\u0627\u0644\u0645\u0627 \u062f\u0641\u0639\u062a\u0646\u0627 \u0627\u0633\u062a\u062b\u0645\u0627\u0631\u0627\u062a\u0646\u0627 \u0627\u0644\u0643\u0628\u064a\u0631\u0629 \u0641\u064a \u0627\u0644\u0627\u0628\u062a\u0643\u0627\u0631 \u0648\u0627\u0644\u0625\u0646\u062a\u0627\u062c \u0648\u0627\u0644\u0646\u0645\u0648 \u0627\u0644\u0648\u0637\u0646\u064a \u0648\u0627\u0644\u062f\u0648\u0644\u064a \u062e\u0637\u0648\u0629 \u0625\u0644\u0649 \u0627\u0644\u0623\u0645\u0627\u0645 \u0641\u064a \u0642\u0637\u0627\u0639 \u0627\u0644\u0645\u0643\u0633\u0631\u0627\u062a \u0627\u0644\u0645\u062c\u0641\u0641\u0629. \u0646\u062d\u0646 \u0646\u0648\u0627\u0635\u0644 \u0627\u0644\u0639\u0645\u0644 \u0628\u0634\u0639\u0648\u0631 \u0628\u0627\u0644\u0645\u0633\u0624\u0648\u0644\u064a\u0629 \u0627\u0644\u062a\u064a \u062a\u0645\u0646\u062d\u0646\u0627 \u0625\u064a\u0627\u0647\u0627 \u0627\u0644\u0646\u0642\u0637\u0629 \u0627\u0644\u062a\u064a \u0648\u0635\u0644\u0646\u0627 \u0625\u0644\u064a\u0647\u0627\u060c \u0648\u0647\u062f\u0641\u0646\u0627 \u0627\u0644\u0623\u0647\u0645 \u0647\u0648 \u0625\u0641\u0627\u062f\u0629 \u0642\u0637\u0627\u0639\u0646\u0627 \u0648\u0628\u0644\u062f\u0646\u0627.<\/p>\n<p>\u062a\u0642\u0639 \u0645\u0646\u0634\u0623\u062a\u0646\u0627 \u0639\u0644\u0649 \u0628\u064f\u0639\u062f 50 \u0643\u0645 \u0645\u0646 \u0645\u0637\u0627\u0631 \u0625\u0633\u0637\u0646\u0628\u0648\u0644\u060c \u064810 \u0643\u0645 \u0645\u0646 \u0627\u0644\u0637\u0631\u064a\u0642 \u0627\u0644\u0633\u0631\u064a\u0639 \u0627\u0644\u0623\u0648\u0631\u0648\u0628\u064a<\/p>\n<p>\u0645\u0645\u064a\u0632\u0627\u062a \u0627\u0644\u0645\u0628\u0646\u0649:8000 \u06452 \u0645\u0633\u0627\u062d\u0629 \u0645\u063a\u0644\u0642\u0629\u060c 15438 \u06452 \u0645\u0633\u0627\u062d\u0629 \u0645\u0641\u062a\u0648\u062d\u0629<\/p>\n<p>\u0641\u064a \u0634\u0631\u0643\u0629 \u015e\u00fck\u00fcr Kuruyemi\u015f\u060c \u0646\u062c\u0645\u0639 \u0628\u064a\u0646 \u0627\u0644\u062a\u0642\u0627\u0644\u064a\u062f \u0648\u0627\u0644\u0645\u0645\u0627\u0631\u0633\u0627\u062a \u0627\u0644\u062a\u062c\u0627\u0631\u064a\u0629 \u0627\u0644\u062f\u0648\u0644\u064a\u0629 \u0627\u0644\u062d\u062f\u064a\u062b\u0629\u060c \u0648\u0646\u0642\u0648\u0645 \u0628\u0627\u0633\u062a\u0645\u0631\u0627\u0631 \u0628\u062a\u062d\u062f\u064a\u062b \u0645\u062c\u0645\u0648\u0639\u0629 \u0645\u0646\u062a\u062c\u0627\u062a\u0646\u0627 \u0648\u0627\u0644\u0627\u0633\u062a\u062b\u0645\u0627\u0631 \u0641\u064a \u062a\u0643\u0646\u0648\u0644\u0648\u062c\u064a\u0627 \u0627\u0644\u0645\u0639\u0627\u0644\u062c\u0629 \u0648\u0627\u0644\u062a\u0639\u0628\u0626\u0629 \u0648\u0627\u0644\u062a\u063a\u0644\u064a\u0641 \u0627\u0644\u0645\u062a\u0642\u062f\u0645\u0629. \u062e\u0628\u0631\u062a\u0646\u0627 \u0641\u064a \u0627\u0644\u0635\u0646\u0627\u0639\u0629\u060c \u0648\u062a\u0631\u0643\u064a\u0632\u0646\u0627 \u0639\u0644\u0649 \u0627\u0644\u062c\u0648\u062f\u0629\u060c \u0648\u0623\u0633\u0639\u0627\u0631\u0646\u0627 \u0627\u0644\u062a\u0646\u0627\u0641\u0633\u064a\u0629 \u0648\u0642\u064a\u0645\u0646\u0627 \u0627\u0644\u0623\u0633\u0627\u0633\u064a\u0629 \u062a\u062c\u0639\u0644\u0646\u0627 \u0634\u0631\u064a\u0643\u0627\u064b \u0639\u0627\u0644\u0645\u064a\u0627\u064b \u0645\u0648\u062b\u0648\u0642\u0627\u064b \u0628\u0647.<\/p>\n<p>\u0646\u062d\u0646 \u0646\u0633\u0639\u0649 \u062c\u0627\u0647\u062f\u064a\u0646 \u0644\u0646\u0643\u0648\u0646 \u0627\u0644\u0634\u0631\u064a\u0643 \u0627\u0644\u0645\u0641\u0636\u0644 \u0641\u064a \u0642\u0637\u0627\u0639 \u0627\u0644\u0645\u0643\u0633\u0631\u0627\u062a \u0648\u0646\u062a\u0641\u0642 \u0645\u0639 \u0627\u0644\u0634\u0631\u0643\u0627\u0621 \u0627\u0644\u0630\u064a\u0646 \u064a\u0634\u0627\u0631\u0643\u0648\u0646\u0646\u0627 \u0642\u064a\u0645\u0646\u0627 \u0628\u0634\u0623\u0646 \u0627\u0644\u062c\u0648\u062f\u0629 \u0648\u0627\u0644\u0627\u0628\u062a\u0643\u0627\u0631 \u0648\u0627\u0644\u0639\u0645\u0644\u064a\u0627\u062a \u0630\u0627\u062a \u0627\u0644\u0642\u064a\u0645\u0629 \u0627\u0644\u0645\u0636\u0627\u0641\u0629 \u0648\u0627\u0644\u0634\u0631\u0627\u0643\u0627\u062a \u0627\u0644\u0645\u0633\u062a\u062f\u0627\u0645\u0629. \u064a\u0639\u0643\u0633 \u0627\u0644\u062a\u0631\u0643\u064a\u0632 \u0627\u0644\u0645\u062a\u0632\u0627\u064a\u062f \u0639\u0644\u0649 \u0627\u0644\u0635\u062d\u0629 \u0648\u0627\u0644\u0639\u0627\u0641\u064a\u0629 \u062a\u063a\u064a\u0631 \u0623\u0648\u0644\u0648\u064a\u0627\u062a \u0627\u0644\u0639\u0645\u0644\u0627\u0621.<\/p>\n\n\t\t<\/div>\n\t<\/div>\n<\/div><\/div><\/div><div class=\"wpb_column vc_column_container vc_col-sm-6\"><div class=\"vc_column-inner\"><div class=\"wpb_wrapper\">\n\t<div  class=\"wpb_single_image wpb_content_element vc_align_left wpb_content_element\">\n\t\t\n\t\t<figure class=\"wpb_wrapper vc_figure\">\n\t\t\t<div class=\"vc_single_image-wrapper   vc_box_border_grey\"><img loading=\"lazy\" decoding=\"async\" width=\"600\" height=\"600\" src=\"https:\/\/destandisticaret.com\/wp-content\/uploads\/2017\/05\/euronut-uretim.jpg\" class=\"vc_single_image-img attachment-large\" alt=\"\" title=\"\u064a\u0648\u0631\u0648\u062c\u0648\u0646\u062a \u0644\u0644\u0625\u0646\u062a\u0627\u062c\" srcset=\"https:\/\/destandisticaret.com\/wp-content\/uploads\/2017\/05\/euronut-uretim.jpg 600w, https:\/\/destandisticaret.com\/wp-content\/uploads\/2017\/05\/euronut-uretim-300x300.jpg 300w, https:\/\/destandisticaret.com\/wp-content\/uploads\/2017\/05\/euronut-uretim-150x150.jpg 150w, https:\/\/destandisticaret.com\/wp-content\/uploads\/2017\/05\/euronut-uretim-12x12.jpg 12w, https:\/\/destandisticaret.com\/wp-content\/uploads\/2017\/05\/euronut-uretim-350x350.jpg 350w, https:\/\/destandisticaret.com\/wp-content\/uploads\/2017\/05\/euronut-uretim-110x110.jpg 110w, https:\/\/destandisticaret.com\/wp-content\/uploads\/2017\/05\/euronut-uretim-400x400.jpg 400w, https:\/\/destandisticaret.com\/wp-content\/uploads\/2017\/05\/euronut-uretim-500x500.jpg 500w, https:\/\/destandisticaret.com\/wp-content\/uploads\/2017\/05\/euronut-uretim-70x70.jpg 70w, https:\/\/destandisticaret.com\/wp-content\/uploads\/2017\/05\/euronut-uretim-200x200.jpg 200w\" sizes=\"auto, (max-width: 600px) 100vw, 600px\" \/><\/div>\n\t\t<\/figure>\n\t<\/div>\n<\/div><\/div><\/div><\/div><div class=\"vc_row wpb_row vc_row-fluid\"><div class=\"wpb_column vc_column_container vc_col-sm-6\"><div class=\"vc_column-inner\"><div class=\"wpb_wrapper\">\n\t<div  class=\"wpb_single_image wpb_content_element vc_align_left wpb_content_element\">\n\t\t\n\t\t<figure class=\"wpb_wrapper vc_figure\">\n\t\t\t<div class=\"vc_single_image-wrapper   vc_box_border_grey\"><img loading=\"lazy\" decoding=\"async\" width=\"600\" height=\"600\" src=\"https:\/\/destandisticaret.com\/wp-content\/uploads\/2017\/05\/euronut-labaratuvar.jpg\" class=\"vc_single_image-img attachment-large\" alt=\"\" title=\"\u0627\u0644\u0645\u062e\u062a\u0628\u0631 \u0627\u0644\u0623\u0648\u0631\u0648\u0628\u064a \u0644\u062c\u0648\u0632 \u0627\u0644\u0647\u0646\u062f\" srcset=\"https:\/\/destandisticaret.com\/wp-content\/uploads\/2017\/05\/euronut-labaratuvar.jpg 600w, https:\/\/destandisticaret.com\/wp-content\/uploads\/2017\/05\/euronut-labaratuvar-300x300.jpg 300w, https:\/\/destandisticaret.com\/wp-content\/uploads\/2017\/05\/euronut-labaratuvar-150x150.jpg 150w, https:\/\/destandisticaret.com\/wp-content\/uploads\/2017\/05\/euronut-labaratuvar-12x12.jpg 12w, https:\/\/destandisticaret.com\/wp-content\/uploads\/2017\/05\/euronut-labaratuvar-350x350.jpg 350w, https:\/\/destandisticaret.com\/wp-content\/uploads\/2017\/05\/euronut-labaratuvar-110x110.jpg 110w, https:\/\/destandisticaret.com\/wp-content\/uploads\/2017\/05\/euronut-labaratuvar-400x400.jpg 400w, https:\/\/destandisticaret.com\/wp-content\/uploads\/2017\/05\/euronut-labaratuvar-500x500.jpg 500w, https:\/\/destandisticaret.com\/wp-content\/uploads\/2017\/05\/euronut-labaratuvar-70x70.jpg 70w, https:\/\/destandisticaret.com\/wp-content\/uploads\/2017\/05\/euronut-labaratuvar-200x200.jpg 200w\" sizes=\"auto, (max-width: 600px) 100vw, 600px\" \/><\/div>\n\t\t<\/figure>\n\t<\/div>\n<\/div><\/div><\/div><div class=\"wpb_column vc_column_container vc_col-sm-6\"><div class=\"vc_column-inner\"><div class=\"wpb_wrapper\"><div class=\"lvca-heading lvca-style1 lvca-alignleft\" ><h3 class=\"lvca-title\">\u062a\u0642\u064a\u064a\u0645 \u062c\u0648\u062f\u0629 \u0627\u0644\u0623\u062f\u0627\u0621<\/h3><\/div>\n\t<div class=\"wpb_text_column wpb_content_element\" >\n\t\t<div class=\"wpb_wrapper\">\n\t\t\t<p>\u0641\u064a \u015e\u00fck\u00fcr Kuruyemi\u015f\u060c \u0627\u0644\u062c\u0648\u062f\u0629 \u0647\u064a \u0648\u0639\u062f\u0646\u0627 \u0648\u0641\u062e\u0631\u0646\u0627. \u0646\u062d\u0646 \u0645\u0644\u062a\u0632\u0645\u0648\u0646 \u0628\u062a\u0648\u0641\u064a\u0631 \u0627\u0644\u0645\u0646\u062a\u062c\u0627\u062a \u0627\u0644\u062a\u064a \u062a\u0644\u0628\u064a \u0623\u0639\u0644\u0649 \u0627\u0644\u0645\u0639\u0627\u064a\u064a\u0631 \u0627\u0644\u062f\u0648\u0644\u064a\u0629\u060c \u0628\u0645\u0627 \u0641\u064a \u0630\u0644\u0643 BRCGS \u0648FSSC 22000 \u0648ISO 22000:2018.<\/p>\n<p>\u064a\u0636\u0645\u0646 \u0641\u0631\u064a\u0642 \u0645\u0631\u0627\u0642\u0628\u0629 \u0627\u0644\u062c\u0648\u062f\u0629 \u0627\u0644\u062e\u0628\u064a\u0631 \u0644\u062f\u064a\u0646\u0627 \u0633\u0644\u0627\u0645\u0629 \u0648\u062c\u0648\u062f\u0629 \u0648\u0623\u0635\u0627\u0644\u0629 \u0643\u0644 \u0645\u0646\u062a\u062c \u0646\u0647\u0627\u0626\u064a. \u0646\u0633\u062a\u062e\u062f\u0645 \u0623\u062d\u062f\u062b \u0627\u0644\u062a\u0642\u0646\u064a\u0627\u062a \u0644\u0625\u062c\u0631\u0627\u0621 \u0636\u0648\u0627\u0628\u0637 \u0635\u0627\u0631\u0645\u0629 \u0644\u0644\u062c\u0648\u062f\u0629 \u0648\u0646\u0633\u062a\u062b\u0645\u0631 \u0628\u0627\u0633\u062a\u0645\u0631\u0627\u0631 \u0641\u064a \u0627\u0644\u0627\u0628\u062a\u0643\u0627\u0631 \u0644\u062a\u062c\u0627\u0648\u0632 \u062a\u0648\u0642\u0639\u0627\u062a \u0627\u0644\u0639\u0645\u0644\u0627\u0621.<\/p>\n<p>- \u0639\u0645\u0644\u064a\u0627\u062a \u062c\u0648\u062f\u0629 \u0633\u0644\u0627\u0645\u0629 \u0627\u0644\u0623\u063a\u0630\u064a\u0629<br \/>\n- \u015e\u00fck\u00fcr K\u00fck\u00fcr Kuruyemi\u015f \u062a\u0642\u064a\u064a\u0645 \u062c\u0648\u062f\u0629 \u0627\u0644\u0623\u062f\u0627\u0621<br \/>\n- \u062a\u0642\u064a\u064a\u0645 \u062c\u0648\u062f\u0629 \u0627\u0644\u0623\u062f\u0627\u0621<\/p>\n<p>\u0646\u062d\u0646 \u0646\u062d\u0635\u0644 \u0639\u0644\u0649 \u0623\u0641\u0636\u0644 \u0627\u0644\u0645\u0648\u0627\u062f \u0627\u0644\u062e\u0627\u0645 \u0645\u0646 \u0634\u0628\u0643\u0629 \u0639\u0627\u0644\u0645\u064a\u0629 \u0645\u0646 \u0627\u0644\u0645\u0648\u0631\u062f\u064a\u0646 \u0627\u0644\u0645\u0639\u062a\u0645\u062f\u064a\u0646\u060c \u0645\u0645\u0627 \u064a\u0636\u0645\u0646 \u0627\u0644\u062d\u0635\u0648\u0644 \u0639\u0644\u0649 \u0645\u0646\u062a\u062c\u0627\u062a\u0646\u0627 \u0628\u0637\u0631\u064a\u0642\u0629 \u0622\u0645\u0646\u0629 \u0648\u0645\u0633\u062a\u062f\u0627\u0645\u0629 \u0648\u0623\u062e\u0644\u0627\u0642\u064a\u0629.<\/p>\n<p>\u062a\u0645\u0643\u0651\u0646\u0646\u0627 \u0639\u0644\u0627\u0642\u0627\u062a\u0646\u0627 \u0627\u0644\u0642\u0648\u064a\u0629 \u0645\u0639 \u0627\u0644\u0645\u0648\u0631\u062f\u064a\u0646 \u0645\u0646 \u0627\u0644\u062d\u0641\u0627\u0638 \u0639\u0644\u0649 \u062c\u0648\u062f\u0629 \u062b\u0627\u0628\u062a\u0629 \u0641\u064a \u0639\u0631\u0648\u0636\u0646\u0627. \u062a\u0636\u0645\u0646 \u0641\u062d\u0648\u0635\u0627\u062a \u0645\u0631\u0627\u0642\u0628\u0629 \u0627\u0644\u062c\u0648\u062f\u0629 \u0644\u062f\u064a\u0646\u0627 \u0648\u062e\u0637\u0629 \u0623\u062e\u0630 \u0627\u0644\u0639\u064a\u0646\u0627\u062a \u0627\u0644\u0645\u0646\u0641\u0630\u0629 \u0628\u0639\u0646\u0627\u064a\u0629 \u0633\u0644\u0627\u0645\u0629 \u0648\u062c\u0648\u062f\u0629 \u0645\u0646\u062a\u062c\u0627\u062a\u0646\u0627 \u0627\u0644\u0646\u0647\u0627\u0626\u064a\u0629.<\/p>\n<p>\u064a\u0639\u062a\u0645\u062f \u0627\u0644\u062a\u0642\u064a\u064a\u0645 \u0627\u0644\u0633\u0646\u0648\u064a \u0644\u0623\u0647\u062f\u0627\u0641 \u0627\u0644\u062c\u0648\u062f\u0629 \u0644\u062f\u064a\u0646\u0627 \u0639\u0644\u0649 \u0645\u0624\u0634\u0631\u0627\u062a \u0627\u0644\u0623\u062f\u0627\u0621 \u0627\u0644\u0631\u0626\u064a\u0633\u064a\u0629 \u0627\u0644\u062a\u0627\u0644\u064a\u0629:<\/p>\n<p>\u0627\u0644\u062a\u0642\u0644\u064a\u0644 \u0645\u0646 \u0627\u0644\u0645\u0646\u062a\u062c\u0627\u062a \u063a\u064a\u0631 \u0627\u0644\u0645\u0637\u0627\u0628\u0642\u0629 \u0644\u0644\u0645\u0648\u0627\u0635\u0641\u0627\u062a.<br \/>\n\u062a\u062d\u0633\u064a\u0646 \u0627\u0644\u0623\u062f\u0627\u0621 \u0628\u0627\u0644\u0646\u064a\u0627\u0628\u0629 \u0639\u0646 \u0645\u0648\u0631\u062f\u064a\u0646\u0627.<br \/>\n\u062a\u0642\u0644\u064a\u0644 \u0627\u0644\u0634\u0643\u0627\u0648\u0649 \u0646\u064a\u0627\u0628\u0629\u064b \u0639\u0646 \u0642\u0627\u0639\u062f\u0629 \u0639\u0645\u0644\u0627\u0626\u0646\u0627.<\/p>\n\n\t\t<\/div>\n\t<\/div>\n<\/div><\/div><\/div><\/div><div class=\"vc_row wpb_row vc_row-fluid\"><div class=\"wpb_column vc_column_container vc_col-sm-12\"><div class=\"vc_column-inner\"><div class=\"wpb_wrapper\"><div class=\"lvca-heading lvca-style1 lvca-aligncenter\" ><h3 class=\"lvca-title\">\u0634\u0647\u0627\u062f\u0627\u062a \u0627\u0644\u062c\u0648\u062f\u0629 \u0627\u0644\u062a\u064a \u0646\u0642\u062f\u0645\u0647\u0627<\/h3><\/div>\n\t<div class=\"wpb_text_column wpb_content_element\" >\n\t\t<div class=\"wpb_wrapper\">\n\t\t\t<p style=\"text-align: center;\">\u0625\u0646 \u0627\u0644\u062a\u0632\u0627\u0645\u0646\u0627 \u0628\u0627\u0644\u062a\u0645\u064a\u0632 \u064a\u0624\u0643\u062f\u0647 \u062d\u0635\u0648\u0644\u0646\u0627 \u0639\u0644\u0649 \u0634\u0647\u0627\u062f\u0627\u062a \u0627\u0644\u062c\u0648\u062f\u0629 \u0627\u0644\u0645\u0639\u062a\u0631\u0641 \u0628\u0647\u0627 \u062f\u0648\u0644\u064a\u0627\u064b.<\/p>\n<p style=\"text-align: center;\"><a href=\"https:\/\/destandisticaret.com\/wp-content\/uploads\/2025\/04\/Euronut-UAF-Sertifika-9001-R.4.pdf\" target=\"_blank\" rel=\"noopener\"><img loading=\"lazy\" decoding=\"async\" class=\"size-medium\" src=\"https:\/\/destandisticaret.com\/wp-content\/uploads\/2025\/04\/iso-9001-300x300.png\" alt=\"\" width=\"150\" height=\"150\" \/><\/a><a href=\"https:\/\/destandisticaret.com\/wp-content\/uploads\/2025\/04\/BRCGS-Food-Certificate-Euronut-Kuruyemis-Ve-Ticaret-AS-2025.pdf\" target=\"_blank\" rel=\"noopener\"><img loading=\"lazy\" decoding=\"async\" class=\"size-medium\" src=\"https:\/\/destandisticaret.com\/wp-content\/uploads\/2025\/04\/BRCGS-logo-1-300x300.webp\" alt=\"\" width=\"150\" height=\"150\" \/><\/a><a href=\"https:\/\/destandisticaret.com\/wp-content\/uploads\/2025\/04\/Euronut-UAF-Sertifika-22000-R.4.pdf\" target=\"_blank\" rel=\"noopener\"><img loading=\"lazy\" decoding=\"async\" class=\"size-medium\" src=\"https:\/\/destandisticaret.com\/wp-content\/uploads\/2025\/04\/iso-22000-300x300.jpg\" alt=\"\" width=\"150\" height=\"150\" \/><\/a><\/p>\n\n\t\t<\/div>\n\t<\/div>\n<\/div><\/div><\/div><\/div>\n<\/div>","protected":false},"excerpt":{"rendered":"\u015e\u00fck\u00fcr Kuruyemi\u015f \u00dcretim Tesisleri Her g\u00fcn b\u00fcy\u00fcyen ekibimiz ve \u00fcr\u00fcn gam\u0131m\u0131zla, 15.000 metrekarelik alanda, y\u00fcksek teknolojik alt yap\u0131ya sahip tesislerimizde, g\u0131da g\u00fcvenli\u011fini \u00f6n planda tutan, kuruyemi\u015fin do\u011fal, sa\u011fl\u0131kl\u0131 yap\u0131s\u0131n\u0131 koruma bilincine ba\u011fl\u0131 kalarak, bilimsel bak\u0131\u015f a\u00e7\u0131s\u0131ndan \u00f6d\u00fcn vermeden, en lezzetli \u00fcr\u00fcnlerle sizi bulu\u015fturmak i\u00e7in, t\u00fcm s\u00fcre\u00e7lerimizde \u00f6zen ve hassasiyetle \u00e7al\u0131\u015f\u0131yoruz. \u0130novasyona, \u00fcretime, ulusal ve uluslararas\u0131 [...]","protected":false},"author":1,"featured_media":0,"parent":0,"menu_order":0,"comment_status":"closed","ping_status":"closed","template":"","meta":{"footnotes":""},"class_list":["post-10235","page","type-page","status-publish","hentry"],"_links":{"self":[{"href":"https:\/\/destandisticaret.com\/ar\/wp-json\/wp\/v2\/pages\/10235","targetHints":{"allow":["GET"]}}],"collection":[{"href":"https:\/\/destandisticaret.com\/ar\/wp-json\/wp\/v2\/pages"}],"about":[{"href":"https:\/\/destandisticaret.com\/ar\/wp-json\/wp\/v2\/types\/page"}],"author":[{"embeddable":true,"href":"https:\/\/destandisticaret.com\/ar\/wp-json\/wp\/v2\/users\/1"}],"replies":[{"embeddable":true,"href":"https:\/\/destandisticaret.com\/ar\/wp-json\/wp\/v2\/comments?post=10235"}],"version-history":[{"count":11,"href":"https:\/\/destandisticaret.com\/ar\/wp-json\/wp\/v2\/pages\/10235\/revisions"}],"predecessor-version":[{"id":10400,"href":"https:\/\/destandisticaret.com\/ar\/wp-json\/wp\/v2\/pages\/10235\/revisions\/10400"}],"wp:attachment":[{"href":"https:\/\/destandisticaret.com\/ar\/wp-json\/wp\/v2\/media?parent=10235"}],"curies":[{"name":"\u0648\u0648\u0631\u062f\u0628\u0631\u064a\u0633","href":"https:\/\/api.w.org\/{rel}","templated":true}]}}