{"id":10231,"date":"2025-04-11T06:08:37","date_gmt":"2025-04-11T06:08:37","guid":{"rendered":"https:\/\/destandisticaret.com\/?page_id=10231"},"modified":"2025-12-15T05:53:18","modified_gmt":"2025-12-15T05:53:18","slug":"%d8%a8%d8%a7%d9%84%d8%ac%d9%85%d9%84%d8%a9","status":"publish","type":"page","link":"https:\/\/destandisticaret.com\/ar\/%d8%a8%d8%a7%d9%84%d8%ac%d9%85%d9%84%d8%a9\/","title":{"rendered":"\u0637\u0644\u0628 \u0628\u0627\u0644\u062c\u0645\u0644\u0629 \u0644\u0644\u0645\u0643\u0633\u0631\u0627\u062a \u0648\u0627\u0644\u0641\u0648\u0627\u0643\u0647 \u0627\u0644\u0645\u062c\u0641\u0641\u0629"},"content":{"rendered":"<div class=\"wpb-content-wrapper\"><div class=\"vc_row wpb_row vc_row-fluid\"><div class=\"wpb_column vc_column_container vc_col-sm-12\"><div class=\"vc_column-inner\"><div class=\"wpb_wrapper\">\n\t<div class=\"wpb_text_column wpb_content_element\" >\n\t\t<div class=\"wpb_wrapper\">\n\t\t\t<p><strong>\u0645\u0648\u0642\u0639 \u062f\u064a\u0633\u062a\u0627\u0646 \u0644\u0644\u062a\u062c\u0627\u0631\u0629 \u0627\u0644\u062e\u0627\u0631\u062c\u064a\u0629 \u0644\u0628\u064a\u0639 \u0627\u0644\u0645\u0643\u0633\u0631\u0627\u062a \u0628\u0627\u0644\u062c\u0645\u0644\u0629 \u0628\u0623\u0633\u0639\u0627\u0631 \u0645\u0639\u0642\u0648\u0644\u0629<\/strong><br \/>\u0645\u0631\u062d\u0628\u0627\u064b \u0628\u0643\u0645 \u0641\u064a \u062f\u0633\u062a\u0627\u0646 \u062f\u064a\u0634 \u0627\u0644\u062a\u062c\u0627\u0631\u064a\u0629\u060c \u0627\u0644\u0648\u062c\u0647\u0629 \u0627\u0644\u0623\u0645\u062b\u0644 \u0644\u0645\u062c\u0645\u0648\u0639\u0629 \u0645\u062a\u0646\u0648\u0639\u0629 \u0645\u0646 \u0627\u0644\u0645\u0643\u0633\u0631\u0627\u062a \u0627\u0644\u0645\u062c\u0641\u0641\u0629\u060c \u0637\u0627\u0632\u062c\u0629 \u062f\u0627\u0626\u0645\u0627\u064b \u0648\u0645\u0646 \u0623\u062c\u0648\u062f \u0627\u0644\u0645\u0646\u062a\u062c\u0627\u062a! \u0628\u0623\u0641\u0636\u0644 \u0627\u0644\u0623\u0633\u0639\u0627\u0631.<strong> \u0645\u0643\u0633\u0631\u0627\u062a \u0628\u0627\u0644\u062c\u0645\u0644\u0629<\/strong> \u0645\u0646 \u062e\u0644\u0627\u0644 \u0627\u062e\u062a\u064a\u0627\u0631 Destan D\u0131\u015f Ticaret\u060c \u064a\u0645\u0643\u0646\u0643 \u0627\u0644\u062d\u0635\u0648\u0644 \u0639\u0644\u0649 \u0627\u0644\u0645\u0643\u0633\u0631\u0627\u062a \u0627\u0644\u0645\u062c\u0641\u0641\u0629 \u0627\u0644\u062a\u064a \u062a\u0631\u064a\u062f\u0647\u0627 \u0648\u062a\u0648\u0635\u064a\u0644\u0647\u0627 \u0625\u0644\u0649 \u0628\u0627\u0628 \u0645\u0646\u0632\u0644\u0643 \u0628\u0646\u0642\u0631\u0629 \u0648\u0627\u062d\u062f\u0629 \u0641\u0642\u0637.<\/p>\n<p><a class=\"dugme\" href=\"https:\/\/destandisticaret.com\/ar\/%d8%b7%d9%84%d8%a8-%d9%85%d9%83%d8%b3%d8%b1%d8%a7%d8%aa-%d8%a8%d8%a7%d9%84%d8%ac%d9%85%d9%84%d8%a9\/\">\u0627\u0646\u0642\u0631 \u0647\u0646\u0627 \u0644\u0644\u062d\u0635\u0648\u0644 \u0639\u0644\u0649 \u0646\u0645\u0648\u0630\u062c \u0637\u0644\u0628 \u0627\u0644\u062c\u0645\u0644\u0629...<\/a><\/p>\n<p><img loading=\"lazy\" decoding=\"async\" class=\"alignnone wp-image-10304 size-full\" src=\"https:\/\/destandisticaret.com\/wp-content\/uploads\/2025\/04\/banner-ince-kuruyemis.jpg\" alt=\"\" width=\"1600\" height=\"186\" srcset=\"https:\/\/destandisticaret.com\/wp-content\/uploads\/2025\/04\/banner-ince-kuruyemis.jpg 1600w, https:\/\/destandisticaret.com\/wp-content\/uploads\/2025\/04\/banner-ince-kuruyemis-300x35.jpg 300w, https:\/\/destandisticaret.com\/wp-content\/uploads\/2025\/04\/banner-ince-kuruyemis-1024x119.jpg 1024w, https:\/\/destandisticaret.com\/wp-content\/uploads\/2025\/04\/banner-ince-kuruyemis-768x89.jpg 768w, https:\/\/destandisticaret.com\/wp-content\/uploads\/2025\/04\/banner-ince-kuruyemis-1536x179.jpg 1536w, https:\/\/destandisticaret.com\/wp-content\/uploads\/2025\/04\/banner-ince-kuruyemis-18x2.jpg 18w, https:\/\/destandisticaret.com\/wp-content\/uploads\/2025\/04\/banner-ince-kuruyemis-600x70.jpg 600w\" sizes=\"auto, (max-width: 1600px) 100vw, 1600px\" \/><\/p>\n<p>\u062f\u0633\u062a\u0627\u0646 \u0644\u0644\u062a\u062c\u0627\u0631\u0629 \u0627\u0644\u062e\u0627\u0631\u062c\u064a\u0629\u060c \u0627\u0644\u0639\u0634\u0631\u0627\u062a \u0645\u0646 \u0627\u0644\u062c\u0645\u0644\u0629 <strong>\u0627\u0644\u0645\u0643\u0633\u0631\u0627\u062a<\/strong> \u0646\u0648\u0635\u0644 \u0627\u062e\u062a\u064a\u0627\u0631\u0627\u062a\u0643\u0645 \u0625\u0644\u0649 \u0639\u0646\u0648\u0627\u0646\u0643\u0645 \u0628\u0633\u0631\u0639\u0629 \u0648\u0623\u0645\u0627\u0646. \u0628\u0637\u0644\u0628\u0643\u0645 \u0645\u0646 &quot;\u062f\u064a\u0633\u062a\u0627\u0646 \u062f\u064a\u0634&quot; \u0644\u0644\u062a\u062c\u0627\u0631\u0629\u060c \u0627\u0644\u0630\u064a \u064a\u0642\u062f\u0645 \u0623\u064a\u0636\u0627\u064b \u062a\u0634\u0643\u064a\u0644\u0629 \u0648\u0627\u0633\u0639\u0629 \u0645\u0646 \u0627\u0644\u0634\u0627\u064a \u0648\u0627\u0644\u0642\u0647\u0648\u0629\u060c \u064a\u0645\u0643\u0646\u0643\u0645 \u062a\u0648\u0633\u064a\u0639 \u0646\u0637\u0627\u0642 \u0645\u0646\u062a\u062c\u0627\u062a \u0645\u062a\u062c\u0631\u0643\u0645 \u0644\u0644\u0641\u0648\u0627\u0643\u0647 \u0627\u0644\u0645\u062c\u0641\u0641\u0629 \u0648\u0627\u0644\u0645\u0643\u0633\u0631\u0627\u062a\u060c \u0648\u062a\u0642\u062f\u064a\u0645 \u062e\u064a\u0627\u0631\u0627\u062a \u0645\u062a\u0646\u0648\u0639\u0629 \u0644\u0639\u0645\u0644\u0627\u0626\u0643\u0645.<\/p>\n<p>\u0628\u0627\u0644\u0625\u0636\u0627\u0641\u0629 \u0625\u0644\u0649 \u0630\u0644\u0643\u060c \u064a\u0645\u0643\u0646\u0643 \u0627\u0644\u0637\u0644\u0628 \u0645\u0646 \u062f\u0633\u062a\u0627\u0646 \u062f\u064a\u0634 \u0644\u0644\u062a\u062c\u0627\u0631\u0629\u060c \u0645\u0635\u062f\u0631\u0643 \u0627\u0644\u0623\u0645\u062b\u0644 \u0644\u0644\u0645\u0643\u0633\u0631\u0627\u062a \u0648\u0627\u0644\u0641\u0648\u0627\u0643\u0647 \u0627\u0644\u0645\u062c\u0641\u0641\u0629 \u0628\u0627\u0644\u062c\u0645\u0644\u0629\u060c \u0644\u062a\u062d\u0635\u0644 \u0639\u0644\u0649 \u0623\u0634\u0647\u0649 \u0627\u0644\u0645\u0623\u0643\u0648\u0644\u0627\u062a \u0644\u0644\u0645\u0639\u0627\u0631\u0636 \u0627\u0644\u062a\u062c\u0627\u0631\u064a\u0629 \u0648\u0627\u0644\u0641\u0639\u0627\u0644\u064a\u0627\u062a \u0648\u0627\u0644\u0645\u0646\u0627\u0633\u0628\u0627\u062a \u0627\u0644\u062e\u0627\u0635\u0629. \u0643\u0645\u0627 \u064a\u0645\u0643\u0646\u0643 \u0637\u0644\u0628 \u0645\u0639\u062c\u0646\u0627\u062a \u0644\u0645\u062e\u0628\u0632\u0643 \u0623\u0648 \u0645\u0643\u0633\u0631\u0627\u062a \u062e\u0641\u064a\u0641\u0629 \u0644\u0644\u0627\u0633\u062a\u0647\u0644\u0627\u0643 \u0627\u0644\u0645\u0646\u0632\u0644\u064a \u0645\u0646 \u062f\u0633\u062a\u0627\u0646 \u062f\u064a\u0634 \u0644\u0644\u062a\u062c\u0627\u0631\u0629.<\/p>\n<p><strong>\u0627\u0643\u062a\u0634\u0641 \u0645\u062c\u0645\u0648\u0639\u0629 \u0648\u0627\u0633\u0639\u0629 \u0645\u0646 \u0627\u0644\u0645\u0643\u0633\u0631\u0627\u062a \u0628\u0627\u0644\u062c\u0645\u0644\u0629 \u0644\u062f\u0649 Destan D\u0131\u015f Ticaret!<\/strong><\/p>\n<p>\u062a\u062a\u0645\u064a\u0632 \u0634\u0631\u0643\u0629 \u062f\u0633\u062a\u0627\u0646 \u062f\u064a\u0634 \u0644\u0644\u062a\u062c\u0627\u0631\u0629 \u0628\u0643\u0648\u0646\u0647\u0627 \u0625\u062d\u062f\u0649 \u0627\u0644\u0639\u0644\u0627\u0645\u0627\u062a \u0627\u0644\u062a\u062c\u0627\u0631\u064a\u0629 \u0627\u0644\u0631\u0627\u0626\u062f\u0629 \u0641\u064a \u0645\u062c\u0627\u0644 \u062a\u0642\u062f\u064a\u0645 \u0623\u0648\u0633\u0639 \u062a\u0634\u0643\u064a\u0644\u0629 \u0645\u0646 \u0627\u0644\u0645\u0643\u0633\u0631\u0627\u062a \u0627\u0644\u0645\u062c\u0641\u0641\u0629 \u0628\u0627\u0644\u062c\u0645\u0644\u0629. \u062c\u0645\u064a\u0639 \u0645\u0646\u062a\u062c\u0627\u062a\u0646\u0627 \u0637\u0627\u0632\u062c\u0629 \u0648\u0639\u0627\u0644\u064a\u0629 \u0627\u0644\u062c\u0648\u062f\u0629.<\/p>\n<p>\u0625\u0630\u0627 \u0645\u0644\u0644\u062a \u0645\u0646 \u0627\u0644\u0628\u062d\u062b \u0639\u0646 \u0623\u0646\u0648\u0627\u0639 \u0645\u062e\u062a\u0644\u0641\u0629 \u0645\u0646 \u0627\u0644\u0645\u0643\u0633\u0631\u0627\u062a \u0648\u0627\u0644\u0628\u0630\u0648\u0631 \u0628\u0627\u0644\u062c\u0645\u0644\u0629 \u0644\u0643\u0644 \u0645\u0646\u062a\u062c\u060c \u0648\u062a\u0628\u062d\u062b \u0639\u0646 \u0625\u062c\u0627\u0628\u0629 \u0645\u0648\u062b\u0648\u0642\u0629 \u0644\u0633\u0624\u0627\u0644\u0643: &quot;\u0623\u064a\u0646 \u064a\u0645\u0643\u0646\u0646\u064a \u0634\u0631\u0627\u0621 \u0645\u0643\u0633\u0631\u0627\u062a \u0639\u0627\u0644\u064a\u0629 \u0627\u0644\u062c\u0648\u062f\u0629 \u0628\u0627\u0644\u062c\u0645\u0644\u0629\u061f&quot;\u060c \u0641\u0623\u0646\u062a \u0641\u064a \u0627\u0644\u0645\u0643\u0627\u0646 \u0627\u0644\u0635\u062d\u064a\u062d! \u0645\u0627 \u0647\u064a \u0627\u0644\u0645\u0646\u062a\u062c\u0627\u062a \u0627\u0644\u062a\u064a \u062a\u0634\u0645\u0644\u0647\u0627 \u062a\u0634\u0643\u064a\u0644\u0629 \u0645\u0643\u0633\u0631\u0627\u062a &quot;\u062f\u064a\u0633\u062a\u0627\u0646 \u062f\u064a\u0634&quot; \u0628\u0627\u0644\u062c\u0645\u0644\u0629\u061f<\/p>\n<p><strong>\u062d\u0641\u0646\u0629 \u0645\u0646 \u0627\u0644\u0645\u0643\u0633\u0631\u0627\u062a \u0643\u0644 \u064a\u0648\u0645<\/strong><\/p>\n<p>\u062a\u062a\u0645\u064a\u0632 \u062f\u064a\u0633\u062a\u0627\u0646 \u062f\u064a\u0634 \u0644\u0644\u062a\u062c\u0627\u0631\u0629 \u0643\u0648\u0627\u062d\u062f\u0629 \u0645\u0646 \u0627\u0644\u0639\u0644\u0627\u0645\u0627\u062a \u0627\u0644\u062a\u062c\u0627\u0631\u064a\u0629 \u0627\u0644\u0631\u0627\u0626\u062f\u0629 \u0641\u064a \u0647\u0630\u0627 \u0627\u0644\u0645\u062c\u0627\u0644\u060c \u062d\u064a\u062b \u062a\u0642\u062f\u0645 \u062a\u0634\u0643\u064a\u0644\u0629 \u0648\u0627\u0633\u0639\u0629 \u0645\u0646 \u0627\u0644\u0645\u0643\u0633\u0631\u0627\u062a \u0648\u0627\u0644\u0628\u0630\u0648\u0631 \u0628\u0627\u0644\u062c\u0645\u0644\u0629 \u0628\u0623\u0633\u0639\u0627\u0631 \u0645\u0639\u0642\u0648\u0644\u0629. \u0641\u064a \u062f\u064a\u0633\u062a\u0627\u0646 \u062f\u064a\u0634 \u0644\u0644\u062a\u062c\u0627\u0631\u0629\u060c \u0633\u062a\u062c\u062f\u0648\u0646 \u062c\u0645\u064a\u0639 \u0627\u0644\u0645\u0646\u062a\u062c\u0627\u062a \u0627\u0644\u062a\u064a \u064a\u0641\u0636\u0644\u0647\u0627 \u0639\u0645\u0644\u0627\u0624\u0643\u0645\u060c \u0637\u0627\u0632\u062c\u0629 \u0648\u0639\u0627\u0644\u064a\u0629 \u0627\u0644\u062c\u0648\u062f\u0629.<\/p>\n<p>\u0645\u0642\u0634\u0648\u0631 \u0623\u0648 \u063a\u064a\u0631 \u0645\u0642\u0634\u0648\u0631\u060c \u0646\u064a\u0621 \u0623\u0648 \u0645\u062d\u0645\u0635 \u0645\u0632\u062f\u0648\u062c\u060c \u0643\u0627\u0645\u0644 \u0623\u0648 \u0645\u0633\u062d\u0648\u0642 \u0628\u0627\u0644\u062c\u0645\u0644\u0629 \u0645\u0646 \u0623\u0635\u0646\u0627\u0641 \u0627\u0644\u0628\u0646\u062f\u0642\u061b \u064a\u062d\u0645\u0644 \u0647\u0630\u0647 \u0627\u0644\u0647\u062f\u064a\u0629 \u0627\u0644\u0648\u0641\u064a\u0631\u0629 \u0645\u0646 \u0627\u0644\u0637\u0628\u064a\u0639\u0629 \u0625\u0644\u0649 \u0627\u0644\u0645\u0637\u0627\u0628\u062e. \u0645\u0635\u062f\u0631 \u0623\u0648\u0645\u064a\u063a\u0627 3 \u0627\u0644\u0641\u0631\u064a\u062f \u0645\u0646 \u0646\u0648\u0639\u0647 \u0648\u0645\u062e\u0632\u0646 \u0627\u0644\u0637\u0627\u0642\u0629 \u0628\u0627\u0644\u062c\u0645\u0644\u0629 \u0644\u0644\u062c\u0648\u0632\u061b \u064a\u064f\u0639\u0631\u0636 \u0644\u0644\u0628\u064a\u0639 \u0645\u0642\u0634\u0648\u0631\u064b\u0627 \u0648\u0645\u0641\u0631\u0648\u0632\u064b\u0627 \u0648\u0645\u062e\u062a\u0632\u0644\u064b\u0627 \u0644\u0644\u0637\u0647\u064a.<\/p>\n<p>\u0644\u062f\u064a\u0646\u0627 \u0623\u064a\u0636\u064b\u0627 \u0627\u0644\u0641\u0633\u062a\u0642 \u0628\u0627\u0644\u062c\u0645\u0644\u0629 \u0627\u0644\u0630\u064a \u064a\u064f\u062b\u0631\u064a \u0627\u0644\u0645\u0648\u0627\u0626\u062f \u0639\u0644\u0649 \u0627\u0644\u0641\u0648\u0631 \u0648\u064a\u062c\u0639\u0644 \u0627\u0644\u062d\u0644\u0648\u064a\u0627\u062a \u062e\u0637\u0648\u0629 \u0625\u0644\u0649 \u0627\u0644\u0623\u0645\u0627\u0645\u060c \u0648\u0623\u0635\u0646\u0627\u0641 \u0641\u0633\u062a\u0642 \u0633\u064a\u0631\u062a \u0628\u0627\u0644\u062c\u0645\u0644\u0629 \u0644\u0645\u0646 \u064a\u0628\u062d\u062b\u0648\u0646 \u0639\u0646 \u0646\u0643\u0647\u0629 \u062e\u0627\u0635\u0629. \u0644\u0624\u0644\u0624\u0629 \u0627\u0644\u0645\u0637\u0628\u062e \u0627\u0644\u0625\u064a\u062c\u064a\u060c \u0627\u0644\u0644\u0648\u0632 \u0627\u0644\u0645\u0641\u064a\u062f \u0628\u0627\u0644\u062c\u0645\u0644\u0629 \u0628\u0643\u0644 \u0623\u0634\u0643\u0627\u0644\u0647\u061b \u062d\u064a\u062b \u064a\u062a\u0645 \u062a\u0648\u0635\u064a\u0644\u0647 \u0625\u0644\u0649 \u0639\u0646\u0648\u0627\u0646\u0643 \u0639\u0644\u0649 \u0634\u0643\u0644 \u0634\u0628\u0643\u0629 \u0623\u0648 \u062e\u0627\u0645 \u0623\u0648 \u0645\u0633\u062d\u0648\u0642 \u0623\u0648 \u0645\u0642\u0634\u0631 \u0623\u0648 \u0645\u062d\u0645\u0635 \u062d\u0633\u0628 \u0627\u0644\u0637\u0644\u0628.<\/p>\n<p>\u0627\u0644\u0643\u0627\u062c\u0648 \u0628\u0627\u0644\u062c\u0645\u0644\u0629\u060c \u0648\u0647\u0648 \u0625\u0636\u0627\u0641\u0629 \u062c\u062f\u064a\u062f\u0629 \u0646\u0633\u0628\u064a\u064b\u0627 \u0641\u064a \u0639\u0627\u0644\u0645 \u0627\u0644\u0637\u0647\u064a\u060c \u0645\u062a\u0648\u0641\u0631 \u0628\u0623\u0646\u0648\u0627\u0639 \u0645\u062d\u0645\u0635\u0629 \u0648\u0646\u064a\u0626\u0629 \u0641\u064a \u062f\u0633\u062a\u0627\u0646 \u062f\u064a\u0634 \u062a\u064a\u0643\u0627\u0631\u064a\u062a. \u0628\u0627\u0644\u0625\u0636\u0627\u0641\u0629 \u0625\u0644\u0649 \u0647\u0630\u0647 \u0627\u0644\u062e\u064a\u0627\u0631\u0627\u062a \u0627\u0644\u0643\u0644\u0627\u0633\u064a\u0643\u064a\u0629 \u0645\u0646 \u0627\u0644\u0645\u0643\u0633\u0631\u0627\u062a \u0628\u0627\u0644\u062c\u0645\u0644\u0629\u060c \u0646\u0642\u062f\u0645 \u0623\u064a\u0636\u064b\u0627 \u062e\u064a\u0627\u0631\u0627\u062a \u0644\u0645\u0646 \u064a\u0628\u062d\u062b\u0648\u0646 \u0639\u0646 \u0648\u062c\u0628\u0629 \u062e\u0641\u064a\u0641\u0629 \u0644\u0630\u064a\u0630\u0629! \u0627\u0644\u0641\u0648\u0644 \u0627\u0644\u0633\u0648\u062f\u0627\u0646\u064a \u0628\u0627\u0644\u062c\u0645\u0644\u0629\u060c \u0648\u062c\u0628\u0629 \u062e\u0641\u064a\u0641\u0629 \u0644\u0630\u064a\u0630\u0629\u060c \u0645\u062a\u0648\u0641\u0631 \u0628\u0623\u0646\u0648\u0627\u0639 \u0645\u0645\u0644\u062d\u0629\u060c \u0645\u062d\u0645\u0635\u0629\u060c \u0646\u064a\u0626\u0629\u060c \u0648\u0645\u0642\u0634\u0631\u0629.<\/p>\n<p>\u0628\u0630\u0648\u0631 \u0627\u0644\u064a\u0642\u0637\u064a\u0646 \u0628\u0627\u0644\u062c\u0645\u0644\u0629 \u0648\u0628\u0630\u0648\u0631 \u062f\u0648\u0627\u0631 \u0627\u0644\u0634\u0645\u0633 \u0628\u0627\u0644\u062c\u0645\u0644\u0629\u060c \u0623\u0641\u0636\u0644 \u0645\u0631\u0627\u0641\u0642\u0629 \u0644\u0644\u0623\u062d\u0627\u062f\u064a\u062b \u0627\u0644\u0645\u0645\u062a\u0639\u0629\u060c \u062a\u0646\u062a\u0638\u0631 \u0645\u0634\u062a\u0631\u064a\u0647\u0627 \u0628\u0623\u062d\u062c\u0627\u0645\u0647\u0627 \u0627\u0644\u0645\u062e\u062a\u0644\u0641\u0629 \u0648\u0645\u0639\u062f\u0644\u0627\u062a \u062a\u062d\u0645\u064a\u0635\u0647\u0627 \u0648\u0645\u0644\u0648\u062d\u062a\u0647\u0627. \u0627\u0644\u0645\u0643\u0633\u0631\u0627\u062a \u0627\u0644\u062a\u064a \u0644\u0627 \u062a\u0639\u0631\u0641 \u062d\u062f\u0648\u062f\u0627\u064b \u0641\u064a \u0627\u0644\u0625\u0628\u062f\u0627\u0639 \u0628\u0630\u0648\u0631 \u0627\u0644\u062d\u0645\u0635 \u0628\u0627\u0644\u062c\u0645\u0644\u0629\u061b \u0641\u0641\u064a\u0647\u0627 \u0623\u0646\u0648\u0627\u0639 \u0633\u062a\u0641\u0627\u062c\u0626\u0643 \u0645\u062b\u0644 \u0627\u0644\u0623\u0635\u0641\u0631 \u0648\u0627\u0644\u0623\u0628\u064a\u0636 \u0648\u0627\u0644\u0634\u0648\u0643\u0648\u0644\u0627\u062a\u0629 \u0648\u0627\u0644\u0645\u0642\u0631\u0645\u0634.<\/p>\n<p>\u062a\u064f\u0639\u062f\u0651 \u0623\u0635\u0646\u0627\u0641 \u0627\u0644\u0630\u0631\u0629 \u0648\u0627\u0644\u0635\u0644\u0635\u0627\u062a \u0628\u0627\u0644\u062c\u0645\u0644\u0629\u060c \u0627\u0644\u0636\u0631\u0648\u0631\u064a\u0629 \u0644\u0623\u0645\u0627\u0643\u0646 \u0627\u0644\u062a\u0631\u0641\u064a\u0647\u060c \u0645\u062b\u0627\u0644\u064a\u0629\u064b \u0644\u0644\u0634\u0631\u0643\u0627\u062a \u0627\u0644\u062a\u064a \u062a\u0628\u062d\u062b \u0639\u0646 \u0623\u0633\u0639\u0627\u0631 \u0645\u0643\u0633\u0631\u0627\u062a \u0628\u0623\u0633\u0639\u0627\u0631 \u0645\u0639\u0642\u0648\u0644\u0629. \u0623\u0633\u0639\u0627\u0631 \u0645\u0643\u0633\u0631\u0627\u062a &quot;\u062f\u064a\u0633\u062a\u0627\u0646 \u062f\u064a\u0634&quot; \u0627\u0644\u062a\u062c\u0627\u0631\u064a\u0629 \u0623\u0631\u062e\u0635 \u0628\u0643\u062b\u064a\u0631 \u0645\u0646 \u0623\u0633\u0639\u0627\u0631 \u0623\u0642\u0631\u0628 \u0645\u0646\u0627\u0641\u0633\u064a\u0647\u0627.<\/p>\n<p><strong>\u0645\u0646 \u0623\u064a\u0646 \u062a\u0634\u062a\u0631\u064a \u0627\u0644\u0645\u0643\u0633\u0631\u0627\u062a \u0628\u0627\u0644\u062c\u0645\u0644\u0629\u061f<\/strong><\/p>\n<p>\u064a\u0645\u0643\u0646\u0643 \u0634\u0631\u0627\u0621 \u0627\u0644\u0645\u0643\u0633\u0631\u0627\u062a \u0628\u0627\u0644\u062c\u0645\u0644\u0629 \u0645\u0646 \u062e\u0644\u0627\u0644 \u0632\u064a\u0627\u0631\u0629 \u0645\u062a\u0627\u062c\u0631 \u0627\u0644\u0645\u0643\u0633\u0631\u0627\u062a \u0628\u0627\u0644\u062c\u0645\u0644\u0629 \u0648\u0627\u0644\u0645\u0646\u0635\u0627\u062a \u0627\u0644\u0625\u0644\u0643\u062a\u0631\u0648\u0646\u064a\u0629 \u0627\u0644\u062a\u064a \u062a\u0628\u064a\u0639 \u0627\u0644\u0645\u0643\u0633\u0631\u0627\u062a \u0628\u0627\u0644\u062c\u0645\u0644\u0629. \u0648\u0645\u0639 \u0630\u0644\u0643 <strong>\u0645\u0643\u0633\u0631\u0627\u062a \u0628\u0627\u0644\u062c\u0645\u0644\u0629<\/strong> \u0646\u0646\u0635\u062d\u0643 \u0628\u0627\u0644\u062a\u0623\u0643\u062f \u0645\u0646 \u0623\u0646 \u0627\u0644\u0634\u0631\u0643\u0629 \u0627\u0644\u062a\u064a \u062a\u062e\u062a\u0627\u0631 \u0627\u0644\u0634\u0631\u0627\u0621 \u0645\u0646\u0647\u0627 \u062a\u062a\u0645\u062a\u0639 \u0628\u0627\u0644\u062e\u0628\u0631\u0629 \u0648\u0627\u0644\u0645\u0648\u062b\u0648\u0642\u064a\u0629 \u0641\u064a \u0647\u0630\u0627 \u0627\u0644\u0645\u062c\u0627\u0644\u060c \u0645\u062b\u0644 Destan D\u0131\u015f Ticaret\u060c \u0648\u0623\u0646\u0647\u0627 \u062a\u0642\u062f\u0645 \u0623\u064a\u0636\u064b\u0627 \u0645\u0646\u062a\u062c\u0627\u062a \u0639\u0627\u0644\u064a\u0629 \u0627\u0644\u062c\u0648\u062f\u0629.<\/p>\n<p>\u00a0<\/p>\n\n\t\t<\/div>\n\t<\/div>\n<\/div><\/div><\/div><\/div>\n<\/div>","protected":false},"excerpt":{"rendered":"En Uygun Fiyatl\u0131 Toptan Kuruyemi\u015f Sitesi Destan D\u0131\u015f TicaretHer zaman taze, her zaman en kaliteli mahsulden kuruyemi\u015f \u00e7e\u015fitleri i\u00e7in en do\u011fru adres olan Destan D\u0131\u015f Ticaret\u2019e ho\u015f geldiniz! En uygun fiyata toptan kuruyemi\u015f i\u00e7in Destan D\u0131\u015f Ticaret\u2019i tercih ederek diledi\u011finiz kuruyemi\u015f \u00e7e\u015fitlerinin tek t\u0131k ile kap\u0131n\u0131za gelmesini sa\u011flayabilirsiniz. TOPTAN S\u0130PAR\u0130\u015e FORMU \u0130\u00c7\u0130N TIKLAYINIZ... Destan D\u0131\u015f [...]","protected":false},"author":1,"featured_media":0,"parent":0,"menu_order":0,"comment_status":"closed","ping_status":"closed","template":"","meta":{"footnotes":""},"class_list":["post-10231","page","type-page","status-publish","hentry"],"_links":{"self":[{"href":"https:\/\/destandisticaret.com\/ar\/wp-json\/wp\/v2\/pages\/10231","targetHints":{"allow":["GET"]}}],"collection":[{"href":"https:\/\/destandisticaret.com\/ar\/wp-json\/wp\/v2\/pages"}],"about":[{"href":"https:\/\/destandisticaret.com\/ar\/wp-json\/wp\/v2\/types\/page"}],"author":[{"embeddable":true,"href":"https:\/\/destandisticaret.com\/ar\/wp-json\/wp\/v2\/users\/1"}],"replies":[{"embeddable":true,"href":"https:\/\/destandisticaret.com\/ar\/wp-json\/wp\/v2\/comments?post=10231"}],"version-history":[{"count":6,"href":"https:\/\/destandisticaret.com\/ar\/wp-json\/wp\/v2\/pages\/10231\/revisions"}],"predecessor-version":[{"id":10723,"href":"https:\/\/destandisticaret.com\/ar\/wp-json\/wp\/v2\/pages\/10231\/revisions\/10723"}],"wp:attachment":[{"href":"https:\/\/destandisticaret.com\/ar\/wp-json\/wp\/v2\/media?parent=10231"}],"curies":[{"name":"\u0648\u0648\u0631\u062f\u0628\u0631\u064a\u0633","href":"https:\/\/api.w.org\/{rel}","templated":true}]}}